{"id":231103,"date":"2024-10-23T10:40:50","date_gmt":"2024-10-23T08:40:50","guid":{"rendered":"https:\/\/www.hectron.com\/meerwasserfiltration\/"},"modified":"2025-08-25T15:25:25","modified_gmt":"2025-08-25T13:25:25","slug":"meerwasserfiltration","status":"publish","type":"page","link":"https:\/\/www.hectron.com\/de\/meerwasserfiltration\/","title":{"rendered":"Meerwasserfiltration"},"content":{"rendered":"<p>[et_pb_section fb_built=&#8220;1&#8243; _builder_version=&#8220;4.16&#8243; custom_padding=&#8220;56px||56px||true|&#8220; global_colors_info=&#8220;{}&#8220;][et_pb_row _builder_version=&#8220;4.21.0&#8243; _module_preset=&#8220;default&#8220; width=&#8220;90%&#8220; max_width=&#8220;1170px&#8220; custom_margin=&#8220;0px||29px||false|false&#8220; custom_padding=&#8220;0px||0px||false|false&#8220; global_colors_info=&#8220;{}&#8220;][et_pb_column type=&#8220;4_4&#8243; _builder_version=&#8220;4.21.0&#8243; _module_preset=&#8220;default&#8220; global_colors_info=&#8220;{}&#8220;][et_pb_text _builder_version=&#8220;4.27.2&#8243; _module_preset=&#8220;default&#8220; header_4_font=&#8220;Saira|700||on|||||&#8220; header_4_text_align=&#8220;center&#8220; header_4_text_color=&#8220;#c0100e&#8220; header_4_font_size=&#8220;25px&#8220; custom_margin=&#8220;0px||4px||false|false&#8220; custom_padding=&#8220;0px||0px||false|false&#8220; global_colors_info=&#8220;{}&#8220;]<\/p>\n<h4>Filtration<\/h4>\n<p>[\/et_pb_text][et_pb_text _builder_version=&#8220;4.27.2&#8243; _module_preset=&#8220;default&#8220; header_2_font=&#8220;Saira|700|||||||&#8220; header_2_text_align=&#8220;center&#8220; header_2_text_color=&#8220;#014a5a&#8220; header_2_font_size=&#8220;43px&#8220; header_2_letter_spacing=&#8220;-1px&#8220; header_2_line_height=&#8220;1.2em&#8220; custom_margin=&#8220;0px||0px||false|false&#8220; custom_padding=&#8220;0px||0px||false|false&#8220; header_2_font_size_tablet=&#8220;43px&#8220; header_2_font_size_phone=&#8220;30px&#8220; header_2_font_size_last_edited=&#8220;on|phone&#8220; global_colors_info=&#8220;{}&#8220;]<\/p>\n<h2>Meerwasser<\/h2>\n<p>[\/et_pb_text][\/et_pb_column][\/et_pb_row][et_pb_row column_structure=&#8220;1_2,1_2&#8243; use_custom_gutter=&#8220;on&#8220; gutter_width=&#8220;1&#8243; make_equal=&#8220;on&#8220; _builder_version=&#8220;4.27.4&#8243; width_tablet=&#8220;90%&#8220; width_phone=&#8220;90%&#8220; width_last_edited=&#8220;off|desktop&#8220; max_width_tablet=&#8220;90%&#8220; max_width_phone=&#8220;90%&#8220; max_width_last_edited=&#8220;off|desktop&#8220; custom_padding=&#8220;0px||0px||true|false&#8220; box_shadow_style=&#8220;preset1&#8243; box_shadow_vertical=&#8220;11px&#8220; box_shadow_blur=&#8220;58px&#8220; box_shadow_color=&#8220;rgba(158,158,158,0.3)&#8220; global_colors_info=&#8220;{}&#8220;][et_pb_column type=&#8220;1_2&#8243; _builder_version=&#8220;4.27.4&#8243; background_image=&#8220;https:\/\/www.hectron.com\/wp-content\/uploads\/2025\/01\/applications-hectron-5.webp&#8220; global_colors_info=&#8220;{}&#8220;][et_pb_divider show_divider=&#8220;off&#8220; disabled_on=&#8220;off|off|on&#8220; _builder_version=&#8220;4.16&#8243; custom_padding=&#8220;28%||28%||true|false&#8220; global_colors_info=&#8220;{}&#8220;][\/et_pb_divider][\/et_pb_column][et_pb_column type=&#8220;1_2&#8243; _builder_version=&#8220;4.16&#8243; background_color=&#8220;#ffffff&#8220; custom_padding=&#8220;70px|50px|70px|50px|true|true&#8220; global_colors_info=&#8220;{}&#8220;][et_pb_text _builder_version=&#8220;4.27.4&#8243; text_font=&#8220;Roboto Flex||||||||&#8220; text_text_color=&#8220;#666666&#8243; text_font_size=&#8220;16px&#8220; text_line_height=&#8220;1.8em&#8220; module_alignment=&#8220;center&#8220; custom_margin=&#8220;9px||||false|false&#8220; custom_margin_tablet=&#8220;9px||||false|false&#8220; custom_margin_phone=&#8220;-30px||||false|false&#8220; custom_margin_last_edited=&#8220;on|phone&#8220; text_text_align=&#8220;left&#8220; global_colors_info=&#8220;{}&#8220;]<\/p>\n<p>Hectron hat Filter speziell f\u00fcr Meerwasser entwickelt, die aus einer Mischkonstruktion aus Metall und Kunststoff bestehen, um eine gute Korrosionsbest\u00e4ndigkeit zu gew\u00e4hrleisten.<\/p>\n<p>In Entsalzungsanlagen werden unsere Filter zum Schutz der Hochdruckpumpen von Umkehrosmoseanlagen eingesetzt. Wenn sie als Vorbehandlung vor Patronenfiltern eingesetzt werden, verl\u00e4ngern sie die Lebensdauer der Patronen stark. <\/p>\n<p>Der Schutz von Plattenw\u00e4rmetauschern ist die andere Hauptanwendung im Meerwasser.<\/p>\n<p>[\/et_pb_text][\/et_pb_column][\/et_pb_row][\/et_pb_section][et_pb_section fb_built=&#8220;1&#8243; _builder_version=&#8220;4.27.0&#8243; _module_preset=&#8220;default&#8220; background_color=&#8220;#f1f5f6&#8243; custom_padding=&#8220;25px|||||&#8220; global_colors_info=&#8220;{}&#8220;][et_pb_row _builder_version=&#8220;4.27.0&#8243; _module_preset=&#8220;default&#8220; global_colors_info=&#8220;{}&#8220;][et_pb_column type=&#8220;4_4&#8243; _builder_version=&#8220;4.27.0&#8243; _module_preset=&#8220;default&#8220; global_colors_info=&#8220;{}&#8220;][et_pb_text _builder_version=&#8220;4.27.0&#8243; _module_preset=&#8220;default&#8220; header_2_font=&#8220;Saira|700|||||||&#8220; header_2_text_align=&#8220;center&#8220; header_2_text_color=&#8220;#014a5a&#8220; header_2_font_size=&#8220;43px&#8220; header_2_letter_spacing=&#8220;-1px&#8220; header_2_line_height=&#8220;1.2em&#8220; custom_margin=&#8220;0px||0px||false|false&#8220; custom_padding=&#8220;0px||0px||false|false&#8220; header_2_font_size_tablet=&#8220;43px&#8220; header_2_font_size_phone=&#8220;30px&#8220; header_2_font_size_last_edited=&#8220;on|phone&#8220; global_colors_info=&#8220;{}&#8220;]<\/p>\n<h2>GEEIGNETES MATERIAL<\/h2>\n<p>[\/et_pb_text][\/et_pb_column][\/et_pb_row][et_pb_row column_structure=&#8220;1_2,1_2&#8243; use_custom_gutter=&#8220;on&#8220; gutter_width=&#8220;2&#8243; make_equal=&#8220;on&#8220; _builder_version=&#8220;4.27.4&#8243; width=&#8220;90%&#8220; width_tablet=&#8220;90%&#8220; width_phone=&#8220;80%&#8220; width_last_edited=&#8220;on|phone&#8220; max_width_tablet=&#8220;90%&#8220; max_width_phone=&#8220;90%&#8220; max_width_last_edited=&#8220;off|desktop&#8220; custom_padding=&#8220;0px||0px||false|false&#8220; global_colors_info=&#8220;{}&#8220;][et_pb_column type=&#8220;1_2&#8243; _builder_version=&#8220;4.18.0&#8243; background_color=&#8220;#ffffff&#8220; transform_translate_linked__hover=&#8220;off&#8220; custom_padding=&#8220;40px|40px|40px|40px|true|true&#8220; box_shadow_style=&#8220;preset1&#8243; box_shadow_blur=&#8220;63px&#8220; box_shadow_color=&#8220;rgba(181,181,181,0.3)&#8220; global_colors_info=&#8220;{}&#8220; transform_styles__hover_enabled=&#8220;off|desktop&#8220; transform_scale__hover_enabled=&#8220;off|desktop&#8220; transform_translate__hover_enabled=&#8220;off|desktop&#8220; transform_rotate__hover_enabled=&#8220;off|desktop&#8220; transform_skew__hover_enabled=&#8220;off|desktop&#8220; transform_origin__hover_enabled=&#8220;off|desktop&#8220; transform_translate__hover=&#8220;0px|-10px&#8220; box_shadow_vertical__hover_enabled=&#8220;on|hover&#8220; box_shadow_vertical__hover=&#8220;12px&#8220; box_shadow_color__hover_enabled=&#8220;on|hover&#8220; box_shadow_color__hover=&#8220;rgba(150,150,150,0.3)&#8220; box_shadow_blur__hover_enabled=&#8220;on|hover&#8220; box_shadow_blur__hover=&#8220;80px&#8220;][et_pb_image src=&#8220;https:\/\/www.hectron.com\/wp-content\/uploads\/2024\/12\/Ag200-Mer.png&#8220; title_text=&#8220;Ag200 Meerwasserversion&#8220; _builder_version=&#8220;4.27.4&#8243; _module_preset=&#8220;default&#8220; global_colors_info=&#8220;{}&#8220;][\/et_pb_image][et_pb_text _builder_version=&#8220;4.27.2&#8243; text_font=&#8220;Poppins|700|||||||&#8220; text_text_color=&#8220;#014a5a&#8220; text_font_size=&#8220;20px&#8220; text_line_height=&#8220;29px&#8220; module_alignment=&#8220;left&#8220; custom_margin=&#8220;29px||||false|false&#8220; link_option_url=&#8220;#&#8220; global_colors_info=&#8220;{}&#8220; text_text_color__hover_enabled=&#8220;off|desktop&#8220; text_text_color__hover=&#8220;#ff5e14&#8243;]<\/p>\n<p><b>AG- SELBSTREINIGENDE FILTER \u2013 Meerwasserversion<\/b><\/p>\n<p>[\/et_pb_text][et_pb_divider color=&#8220;#E7EBEF&#8220; divider_weight=&#8220;2px&#8220; _builder_version=&#8220;4.16&#8243; custom_margin=&#8220;30px||||false|false&#8220; global_colors_info=&#8220;{}&#8220;][\/et_pb_divider][et_pb_text _builder_version=&#8220;4.27.2&#8243; _module_preset=&#8220;default&#8220; text_font=&#8220;Roboto Flex||||||||&#8220; text_text_color=&#8220;#666666&#8243; text_font_size=&#8220;16px&#8220; text_line_height=&#8220;1.5em&#8220; custom_margin=&#8220;0px||17px||false|false&#8220; custom_padding=&#8220;0px||0px||false|false&#8220; global_colors_info=&#8220;{}&#8220;]<\/p>\n<div class=\"elementor-element elementor-element-3ba63a1 elementor-widget elementor-widget-text-editor\" data-id=\"3ba63a1\" data-element_type=\"widget\" data-widget_type=\"text-editor.default\">\n<div class=\"elementor-widget-container\">\n<div class=\"elementor-text-editor elementor-clearfix\">\n<p>Disponibles \u00e0 partir de 3 microns, ces filtres sont utilis\u00e9s avant filtre \u00e0 cartouche, en protection de pompe haute pression pour osmose inverse.<\/p>\n<p><strong><span>Les +<\/span><\/strong><\/p>\n<\/div>\n<\/div>\n<\/div>\n<div class=\"elementor-element elementor-element-c1475e8 elementor-icon-list--layout-traditional elementor-list-item-link-full_width elementor-widget elementor-widget-icon-list\" data-id=\"c1475e8\" data-element_type=\"widget\" data-widget_type=\"icon-list.default\">\n<div class=\"elementor-widget-container\">\n<p><span>Filtration ultra-fine<\/span><\/p>\n<div class=\"elementor-element elementor-element-83b5d19 elementor--star-style-star_unicode elementor-widget elementor-widget-star-rating\" data-id=\"83b5d19\" data-element_type=\"widget\" data-widget_type=\"star-rating.default\">\n<div class=\"elementor-widget-container\">\n<div class=\"elementor-star-rating__wrapper\">\n<div class=\"elementor-star-rating\" title=\"4\/5\"><\/div>\n<\/div>\n<\/div>\n<\/div>\n<div class=\"elementor-element elementor-element-87059c3 elementor-icon-list--layout-traditional elementor-list-item-link-full_width elementor-widget elementor-widget-icon-list\" data-id=\"87059c3\" data-element_type=\"widget\" data-widget_type=\"icon-list.default\">\n<div class=\"elementor-widget-container\">\n<p><span class=\"elementor-icon-list-text\">100% automatique<\/span><\/p>\n<\/div>\n<\/div>\n<\/div>\n<\/div>\n<p>[\/et_pb_text][et_pb_button button_url=&#8220;https:\/\/www.hectron.com\/de\/filter-fuer-wasser\/&#8220; button_text=&#8220;Zu den produkten&#8220; button_alignment=&#8220;left&#8220; _builder_version=&#8220;4.27.4&#8243; _module_preset=&#8220;default&#8220; custom_button=&#8220;on&#8220; button_text_size=&#8220;15px&#8220; button_text_color=&#8220;#FFFFFF&#8220; button_bg_color=&#8220;#c0100e&#8220; button_border_width=&#8220;0px&#8220; button_border_radius=&#8220;4px&#8220; button_font=&#8220;Saira|700|||||||&#8220; button_use_icon=&#8220;off&#8220; custom_margin=&#8220;21px|||||&#8220; custom_padding=&#8220;14px|30px|13px|30px|false|false&#8220; global_colors_info=&#8220;{}&#8220; button_text_color__hover_enabled=&#8220;off|desktop&#8220; button_text_color__hover=&#8220;#1b1a1a&#8220; button_bg_color__hover_enabled=&#8220;off|desktop&#8220; button_bg_color__hover=&#8220;#FFFFFF&#8220; button_bg_enable_color__hover=&#8220;on&#8220; button_letter_spacing__hover=&#8220;0px&#8220; button_letter_spacing__hover_enabled=&#8220;on|hover&#8220;][\/et_pb_button][\/et_pb_column][et_pb_column type=&#8220;1_2&#8243; _builder_version=&#8220;4.16&#8243; background_color=&#8220;#ffffff&#8220; custom_padding=&#8220;40px|40px|40px|40px|true|true&#8220; box_shadow_style=&#8220;preset1&#8243; box_shadow_blur=&#8220;63px&#8220; box_shadow_color=&#8220;rgba(181,181,181,0.3)&#8220; global_colors_info=&#8220;{}&#8220; transform_styles__hover_enabled=&#8220;on|hover&#8220; box_shadow_vertical__hover_enabled=&#8220;on|hover&#8220; box_shadow_vertical__hover=&#8220;12px&#8220; box_shadow_color__hover_enabled=&#8220;on|hover&#8220; box_shadow_color__hover=&#8220;rgba(150,150,150,0.3)&#8220; box_shadow_blur__hover_enabled=&#8220;on|hover&#8220; box_shadow_blur__hover=&#8220;80px&#8220;][et_pb_image src=&#8220;https:\/\/www.hectron.com\/wp-content\/uploads\/2025\/07\/AM200.png&#8220; title_text=&#8220;AM200&#8243; _builder_version=&#8220;4.27.4&#8243; _module_preset=&#8220;default&#8220; hover_enabled=&#8220;0&#8243; global_colors_info=&#8220;{}&#8220; sticky_enabled=&#8220;0&#8243;][\/et_pb_image][et_pb_text _builder_version=&#8220;4.27.2&#8243; text_font=&#8220;Poppins|700|||||||&#8220; text_text_color=&#8220;#014a5a&#8220; text_font_size=&#8220;20px&#8220; text_line_height=&#8220;29px&#8220; module_alignment=&#8220;left&#8220; custom_margin=&#8220;29px||||false|false&#8220; link_option_url=&#8220;#&#8220; global_colors_info=&#8220;{}&#8220; text_text_color__hover_enabled=&#8220;off|desktop&#8220; text_text_color__hover=&#8220;#ff5e14&#8243;]<\/p>\n<p><b>FILTRE AM200<\/b><\/p>\n<p>[\/et_pb_text][et_pb_divider color=&#8220;#E7EBEF&#8220; divider_weight=&#8220;2px&#8220; _builder_version=&#8220;4.16&#8243; custom_margin=&#8220;30px||||false|false&#8220; global_colors_info=&#8220;{}&#8220;][\/et_pb_divider][et_pb_text _builder_version=&#8220;4.27.2&#8243; _module_preset=&#8220;default&#8220; text_font=&#8220;Roboto Flex||||||||&#8220; text_text_color=&#8220;#666666&#8243; text_font_size=&#8220;16px&#8220; text_line_height=&#8220;1.5em&#8220; custom_margin=&#8220;0px||17px||false|false&#8220; custom_padding=&#8220;0px||0px||false|false&#8220; global_colors_info=&#8220;{}&#8220;]<\/p>\n<div class=\"elementor-element elementor-element-3ba63a1 elementor-widget elementor-widget-text-editor\" data-id=\"3ba63a1\" data-element_type=\"widget\" data-widget_type=\"text-editor.default\">\n<div class=\"elementor-widget-container\">\n<div class=\"elementor-text-editor elementor-clearfix\">\n<p><span>Fonctionnant avec la m\u00eame technologie que les mod\u00e8les gamme AG, ces filtres sont modulaires : ils peuvent \u00eatre mont\u00e9s en batterie pour traiter des d\u00e9bits \u00e9lev\u00e9s.<\/span><\/p>\n<p><span><\/span><\/p>\n<p><strong><span>Les +<\/span><\/strong><\/p>\n<\/div>\n<\/div>\n<\/div>\n<div class=\"elementor-element elementor-element-c1475e8 elementor-icon-list--layout-traditional elementor-list-item-link-full_width elementor-widget elementor-widget-icon-list\" data-id=\"c1475e8\" data-element_type=\"widget\" data-widget_type=\"icon-list.default\">\n<div class=\"elementor-widget-container\">\n<p><span>Modulaire<\/span><\/p>\n<div class=\"elementor-element elementor-element-83b5d19 elementor--star-style-star_unicode elementor-widget elementor-widget-star-rating\" data-id=\"83b5d19\" data-element_type=\"widget\" data-widget_type=\"star-rating.default\">\n<div class=\"elementor-widget-container\">\n<div class=\"elementor-star-rating__wrapper\">\n<div class=\"elementor-star-rating\" title=\"4\/5\"><\/div>\n<\/div>\n<\/div>\n<\/div>\n<div class=\"elementor-element elementor-element-87059c3 elementor-icon-list--layout-traditional elementor-list-item-link-full_width elementor-widget elementor-widget-icon-list\" data-id=\"87059c3\" data-element_type=\"widget\" data-widget_type=\"icon-list.default\">\n<div class=\"elementor-widget-container\">\n<p><span class=\"elementor-icon-list-text\">100% automatique<\/span><\/p>\n<\/div>\n<\/div>\n<\/div>\n<\/div>\n<p>[\/et_pb_text][et_pb_button button_url=&#8220;https:\/\/www.hectron.com\/de\/filter-fuer-wasser\/&#8220; button_text=&#8220;Voir le produit&#8220; button_alignment=&#8220;left&#8220; _builder_version=&#8220;4.27.4&#8243; _module_preset=&#8220;default&#8220; custom_button=&#8220;on&#8220; button_text_size=&#8220;15px&#8220; button_text_color=&#8220;#FFFFFF&#8220; button_bg_color=&#8220;#c0100e&#8220; button_border_width=&#8220;0px&#8220; button_border_radius=&#8220;4px&#8220; button_font=&#8220;Saira|700|||||||&#8220; button_use_icon=&#8220;off&#8220; custom_margin=&#8220;21px|||||&#8220; custom_padding=&#8220;14px|30px|13px|30px|false|false&#8220; hover_enabled=&#8220;0&#8243; global_colors_info=&#8220;{}&#8220; button_text_color__hover_enabled=&#8220;off|desktop&#8220; button_text_color__hover=&#8220;#1b1a1a&#8220; button_bg_color__hover_enabled=&#8220;off|desktop&#8220; button_bg_color__hover=&#8220;#FFFFFF&#8220; button_bg_enable_color__hover=&#8220;on&#8220; button_letter_spacing__hover=&#8220;0px&#8220; button_letter_spacing__hover_enabled=&#8220;on|hover&#8220; sticky_enabled=&#8220;0&#8243;][\/et_pb_button][\/et_pb_column][\/et_pb_row][\/et_pb_section][et_pb_section fb_built=&#8220;1&#8243; _builder_version=&#8220;4.16&#8243; custom_padding=&#8220;80px|0px|80px|0px|true|false&#8220; global_colors_info=&#8220;{}&#8220;][et_pb_row _builder_version=&#8220;4.21.0&#8243; _module_preset=&#8220;default&#8220; width=&#8220;90%&#8220; max_width=&#8220;1170px&#8220; custom_margin=&#8220;0px|auto|0px|auto|false|false&#8220; custom_padding=&#8220;0px||0px||false|false&#8220; global_colors_info=&#8220;{}&#8220;][et_pb_column type=&#8220;4_4&#8243; _builder_version=&#8220;4.21.0&#8243; _module_preset=&#8220;default&#8220; global_colors_info=&#8220;{}&#8220;][et_pb_text _builder_version=&#8220;4.27.2&#8243; _module_preset=&#8220;default&#8220; header_2_font=&#8220;Saira|700|||||||&#8220; header_2_text_align=&#8220;center&#8220; header_2_text_color=&#8220;#014a5a&#8220; header_2_font_size=&#8220;43px&#8220; header_2_letter_spacing=&#8220;-1px&#8220; header_2_line_height=&#8220;1.2em&#8220; custom_margin=&#8220;0px||0px||false|false&#8220; custom_padding=&#8220;0px||6px||false|false&#8220; header_2_font_size_tablet=&#8220;43px&#8220; header_2_font_size_phone=&#8220;30px&#8220; header_2_font_size_last_edited=&#8220;on|phone&#8220; global_colors_info=&#8220;{}&#8220;]<\/p>\n<h2>Referenzen<\/h2>\n<p>[\/et_pb_text][et_pb_divider divider_weight=&#8220;3px&#8220; _builder_version=&#8220;4.27.2&#8243; _module_preset=&#8220;default&#8220; max_width=&#8220;12%&#8220; module_alignment=&#8220;center&#8220; global_colors_info=&#8220;{}&#8220;][\/et_pb_divider][\/et_pb_column][\/et_pb_row][et_pb_row _builder_version=&#8220;4.16&#8243; global_colors_info=&#8220;{}&#8220;][et_pb_column type=&#8220;4_4&#8243; _builder_version=&#8220;4.16&#8243; custom_padding=&#8220;|||&#8220; global_colors_info=&#8220;{}&#8220; custom_padding__hover=&#8220;|||&#8220;][et_pb_accordion open_toggle_text_color=&#8220;#014a5a&#8220; open_toggle_background_color=&#8220;rgba(0,0,0,0)&#8220; closed_toggle_text_color=&#8220;#014a5a&#8220; closed_toggle_background_color=&#8220;#f1f5f6&#8243; icon_color=&#8220;#014a5a&#8220; _builder_version=&#8220;4.27.2&#8243; toggle_text_color=&#8220;#014a5a&#8220; toggle_font=&#8220;|600|||||||&#8220; toggle_font_size=&#8220;17px&#8220; toggle_line_height=&#8220;1.4em&#8220; closed_toggle_font=&#8220;Poppins|600|||||||&#8220; closed_toggle_font_size=&#8220;15px&#8220; closed_toggle_line_height=&#8220;1.4em&#8220; body_font=&#8220;Roboto Flex||||||||&#8220; body_font_size=&#8220;16px&#8220; body_line_height=&#8220;1.8em&#8220; text_orientation=&#8220;left&#8220; custom_padding=&#8220;|||&#8220; border_width_all=&#8220;0px&#8220; global_colors_info=&#8220;{}&#8220; open_toggle_text_color__hover_enabled=&#8220;on|desktop&#8220; open_toggle_text_color__hover=&#8220;#014a5a&#8220;][et_pb_accordion_item title=&#8220;Fr\u00f8y \/ Quantum, Norv\u00e8ge&#8220; open=&#8220;off&#8220; _builder_version=&#8220;4.27.2&#8243; global_colors_info=&#8220;{}&#8220;]<\/p>\n<p><span>Schutz eines Entsalzungssystems mit Umkehrosmose, das zur Bef\u00fcllung von S\u00fc\u00dfwassertanks auf Schiffen zum Transport von lebenden Fischen (Lachsfarmen) verwendet wird. Eine Reihe von AG400 Mer Filtern mit 20 \u00b5m und 6 \u00b5m behandelt das rohe Meerwasser, zum Schutz von absoluten 10 \u00b5m Filtern, die vor den Hochdruckpumpen angebracht sind. Gesamtdurchfluss von 500   <\/span><span>m<\/span><span>3<\/span><span>\/h.<\/span><\/p>\n<p>[\/et_pb_accordion_item][et_pb_accordion_item title=&#8220;Aquassys \/ Ifremer. Site exp\u00e9rimental d\u2019Argenton.\u00a0&#8220; _builder_version=&#8220;4.27.2&#8243; global_colors_info=&#8220;{}&#8220; open=&#8220;off&#8220;]<\/p>\n<p>Bassin d\u2019\u00e9levage de mollusques bivalves. Dans le cadre de la refonte du pompage et relevage d\u2019une eau de mer, mise en place d\u2019une filtration par 2 filtres Hectron AG200 Marine DN50 en 6 \u00b5m (15 m3\/h chacun).<\/p>\n<p>[\/et_pb_accordion_item][et_pb_accordion_item title=&#8220;Scop Hydro, Palm Beach, Cannes (06).&#8220; _builder_version=&#8220;4.27.2&#8243; global_colors_info=&#8220;{}&#8220; open=&#8220;on&#8220;]<\/p>\n<p>R\u00e9novation de la piscine eau de mer. Pompage en mer puis stockage dans une bache. D\u00e9bit de 8 m3\/h, filtration 100 \u00b5m. Filtre AG200 Marine et mainteneur de pression PVC.<\/p>\n<p>[\/et_pb_accordion_item][\/et_pb_accordion][\/et_pb_column][\/et_pb_row][et_pb_row _builder_version=&#8220;4.27.2&#8243; _module_preset=&#8220;default&#8220; global_colors_info=&#8220;{}&#8220;][et_pb_column type=&#8220;4_4&#8243; _builder_version=&#8220;4.27.2&#8243; _module_preset=&#8220;default&#8220; global_colors_info=&#8220;{}&#8220;][et_pb_button button_url=&#8220;https:\/\/www.hectron.com\/wp-content\/uploads\/2025\/07\/References-01.09.24.pdf&#8220; button_text=&#8220;T\u00e9l\u00e9charger la liste des r\u00e9f\u00e9rences PDF&#8220; button_alignment=&#8220;center&#8220; _builder_version=&#8220;4.27.4&#8243; _module_preset=&#8220;default&#8220; custom_button=&#8220;on&#8220; button_text_size=&#8220;17px&#8220; button_text_color=&#8220;#FFFFFF&#8220; button_bg_color=&#8220;#c0100e&#8220; button_border_radius=&#8220;4px&#8220; button_font=&#8220;Saira||||||||&#8220; button_use_icon=&#8220;off&#8220; custom_margin=&#8220;0px|12px|0px|0px|false|false&#8220; custom_padding=&#8220;13px|30px|14px|30px|false|false&#8220; animation_direction=&#8220;bottom&#8220; hover_enabled=&#8220;0&#8243; global_colors_info=&#8220;{}&#8220; button_text_color__hover_enabled=&#8220;on|hover&#8220; button_text_color__hover=&#8220;#1b1a1a&#8220; button_bg_color__hover_enabled=&#8220;on|desktop&#8220; button_bg_color__hover=&#8220;#FFFFFF&#8220; button_bg_enable_color__hover=&#8220;on&#8220; button_letter_spacing__hover_enabled=&#8220;on|hover&#8220; button_letter_spacing__hover=&#8220;0px&#8220; sticky_enabled=&#8220;0&#8243;][\/et_pb_button][\/et_pb_column][\/et_pb_row][\/et_pb_section]<\/p>\n","protected":false},"excerpt":{"rendered":"<p>FiltrationMeerwasserHectron hat Filter speziell f\u00fcr Meerwasser entwickelt, die aus einer Mischkonstruktion aus Metall und Kunststoff bestehen, um eine gute Korrosionsbest\u00e4ndigkeit zu gew\u00e4hrleisten. In Entsalzungsanlagen werden unsere Filter zum Schutz der Hochdruckpumpen von Umkehrosmoseanlagen eingesetzt. Wenn sie als Vorbehandlung vor Patronenfiltern eingesetzt werden, verl\u00e4ngern sie die Lebensdauer der Patronen stark. Der Schutz von Plattenw\u00e4rmetauschern ist die [&hellip;]<\/p>\n","protected":false},"author":4,"featured_media":0,"parent":0,"menu_order":0,"comment_status":"closed","ping_status":"closed","template":"","meta":{"_et_pb_use_builder":"on","_et_pb_old_content":"","_et_gb_content_width":"","om_disable_all_campaigns":false,"_monsterinsights_skip_tracking":false,"_monsterinsights_sitenote_active":false,"_monsterinsights_sitenote_note":"","_monsterinsights_sitenote_category":0,"footnotes":""},"class_list":["post-231103","page","type-page","status-publish","hentry"],"aioseo_notices":[],"_links":{"self":[{"href":"https:\/\/www.hectron.com\/de\/wp-json\/wp\/v2\/pages\/231103","targetHints":{"allow":["GET"]}}],"collection":[{"href":"https:\/\/www.hectron.com\/de\/wp-json\/wp\/v2\/pages"}],"about":[{"href":"https:\/\/www.hectron.com\/de\/wp-json\/wp\/v2\/types\/page"}],"author":[{"embeddable":true,"href":"https:\/\/www.hectron.com\/de\/wp-json\/wp\/v2\/users\/4"}],"replies":[{"embeddable":true,"href":"https:\/\/www.hectron.com\/de\/wp-json\/wp\/v2\/comments?post=231103"}],"version-history":[{"count":7,"href":"https:\/\/www.hectron.com\/de\/wp-json\/wp\/v2\/pages\/231103\/revisions"}],"predecessor-version":[{"id":321602,"href":"https:\/\/www.hectron.com\/de\/wp-json\/wp\/v2\/pages\/231103\/revisions\/321602"}],"wp:attachment":[{"href":"https:\/\/www.hectron.com\/de\/wp-json\/wp\/v2\/media?parent=231103"}],"curies":[{"name":"wp","href":"https:\/\/api.w.org\/{rel}","templated":true}]}}