{"id":231130,"date":"2024-09-27T09:18:12","date_gmt":"2024-09-27T07:18:12","guid":{"rendered":"https:\/\/www.hectron.com\/technologie-sortiment-ag\/"},"modified":"2025-12-15T17:06:20","modified_gmt":"2025-12-15T16:06:20","slug":"technologie-sortiment-ag","status":"publish","type":"page","link":"https:\/\/www.hectron.com\/de\/technologie-sortiment-ag\/","title":{"rendered":"AG Bereich"},"content":{"rendered":"<p>[et_pb_section fb_built=&#8220;1&#8243; _builder_version=&#8220;4.27.0&#8243; _module_preset=&#8220;default&#8220; custom_padding=&#8220;86px||1px|||&#8220; top_divider_color=&#8220;#014a5a&#8220; global_colors_info=&#8220;{}&#8220;][et_pb_row _builder_version=&#8220;4.21.0&#8243; _module_preset=&#8220;default&#8220; width=&#8220;90%&#8220; max_width=&#8220;1170px&#8220; custom_margin=&#8220;0px|auto|-1px|auto|false|false&#8220; custom_padding=&#8220;0px||0px||false|false&#8220; global_colors_info=&#8220;{}&#8220;][et_pb_column type=&#8220;4_4&#8243; _builder_version=&#8220;4.21.0&#8243; _module_preset=&#8220;default&#8220; global_colors_info=&#8220;{}&#8220;][et_pb_text _builder_version=&#8220;4.27.0&#8243; _module_preset=&#8220;default&#8220; header_4_font=&#8220;Saira|700||on|||||&#8220; header_4_text_align=&#8220;center&#8220; header_4_text_color=&#8220;#c0100e&#8220; header_4_font_size=&#8220;25px&#8220; custom_margin=&#8220;0px||4px||false|false&#8220; custom_padding=&#8220;0px||0px||false|false&#8220; global_colors_info=&#8220;{}&#8220;]<\/p>\n<h4>Technologie<\/h4>\n<p>[\/et_pb_text][et_pb_text _builder_version=&#8220;4.27.0&#8243; _module_preset=&#8220;default&#8220; header_2_font=&#8220;Saira|700|||||||&#8220; header_2_text_align=&#8220;center&#8220; header_2_text_color=&#8220;#014a5a&#8220; header_2_font_size=&#8220;43px&#8220; header_2_letter_spacing=&#8220;-1px&#8220; header_2_line_height=&#8220;1.2em&#8220; custom_margin=&#8220;0px||0px||false|false&#8220; custom_padding=&#8220;0px||0px||false|false&#8220; header_2_font_size_tablet=&#8220;43px&#8220; header_2_font_size_phone=&#8220;30px&#8220; header_2_font_size_last_edited=&#8220;on|phone&#8220; global_colors_info=&#8220;{}&#8220;]<\/p>\n<h2>AG Bereich<\/h2>\n<p>[\/et_pb_text][\/et_pb_column][\/et_pb_row][\/et_pb_section][et_pb_section fb_built=&#8220;1&#8243; _builder_version=&#8220;4.27.0&#8243; _module_preset=&#8220;default&#8220; custom_padding=&#8220;6px||40px|||&#8220; global_colors_info=&#8220;{}&#8220;][et_pb_row _builder_version=&#8220;4.27.0&#8243; _module_preset=&#8220;default&#8220; global_colors_info=&#8220;{}&#8220;][et_pb_column type=&#8220;4_4&#8243; _builder_version=&#8220;4.27.0&#8243; _module_preset=&#8220;default&#8220; global_colors_info=&#8220;{}&#8220;][et_pb_video _builder_version=&#8220;4.27.5&#8243; _module_preset=&#8220;default&#8220; hover_enabled=&#8220;0&#8243; global_colors_info=&#8220;{}&#8220; sticky_enabled=&#8220;0&#8243; title_text=&#8220;HECTRON_MONTAGE_min&#8220; src=&#8220;https:\/\/www.hectron.com\/wp-content\/uploads\/2025\/12\/HECTRON_MONTAGE_min.mp4&#8243; locked=&#8220;off&#8220;][\/et_pb_video][\/et_pb_column][\/et_pb_row][\/et_pb_section][et_pb_section fb_built=&#8220;1&#8243; make_equal=&#8220;on&#8220; use_custom_gutter=&#8220;on&#8220; gutter_width=&#8220;2&#8243; specialty=&#8220;on&#8220; padding_top_1=&#8220;0px&#8220; padding_top_2=&#8220;0px&#8220; padding_right_1=&#8220;30px&#8220; padding_bottom_1=&#8220;0px&#8220; padding_bottom_2=&#8220;0px&#8220; padding_top_bottom_link_1=&#8220;true&#8220; padding_top_bottom_link_2=&#8220;true&#8220; padding_left_right_link_1=&#8220;false&#8220; padding_left_right_link_2=&#8220;false&#8220; padding_1_tablet=&#8220;|0px|||false|false&#8220; padding_1_phone=&#8220;&#8220; padding_1_last_edited=&#8220;on|tablet&#8220; disabled_on=&#8220;on|on|off&#8220; _builder_version=&#8220;4.27.4&#8243; inner_width=&#8220;90%&#8220; inner_width_tablet=&#8220;90%&#8220; inner_width_phone=&#8220;90%&#8220; inner_width_last_edited=&#8220;on|phone&#8220; inner_max_width=&#8220;1170px&#8220; inner_max_width_tablet=&#8220;90%&#8220; inner_max_width_phone=&#8220;90%&#8220; inner_max_width_last_edited=&#8220;on|tablet&#8220; custom_padding=&#8220;100px||100px||true|false&#8220; box_shadow_style=&#8220;preset1&#8243; global_colors_info=&#8220;{}&#8220;][et_pb_column type=&#8220;1_2&#8243; specialty_columns=&#8220;2&#8243; _builder_version=&#8220;4.16&#8243; custom_padding=&#8220;|||&#8220; global_colors_info=&#8220;{}&#8220; custom_padding__hover=&#8220;|||&#8220;][et_pb_row_inner _builder_version=&#8220;4.27.0&#8243; custom_padding=&#8220;0px||0px||true|false&#8220; global_colors_info=&#8220;{}&#8220;][et_pb_column_inner saved_specialty_column_type=&#8220;1_2&#8243; _builder_version=&#8220;4.16&#8243; global_colors_info=&#8220;{}&#8220;][et_pb_divider show_divider=&#8220;off&#8220; _builder_version=&#8220;4.27.4&#8243; background_image=&#8220;https:\/\/www.hectron.com\/wp-content\/uploads\/2025\/02\/Gamme-AG-Fonctionnement-2-DE.png&#8220; custom_padding=&#8220;257px||257px||true|false&#8220; custom_padding_tablet=&#8220;257px||257px||true|false&#8220; custom_padding_phone=&#8220;160px||160px||true|false&#8220; custom_padding_last_edited=&#8220;on|phone&#8220; global_colors_info=&#8220;{}&#8220; background__hover_enabled=&#8220;on|desktop&#8220;][\/et_pb_divider][\/et_pb_column_inner][\/et_pb_row_inner][\/et_pb_column][et_pb_column type=&#8220;1_2&#8243; _builder_version=&#8220;4.16&#8243; custom_padding=&#8220;|||&#8220; global_colors_info=&#8220;{}&#8220; custom_padding__hover=&#8220;|||&#8220;][et_pb_divider color=&#8220;#c0100e&#8220; divider_position=&#8220;center&#8220; divider_weight=&#8220;2px&#8220; _builder_version=&#8220;4.27.0&#8243; max_width=&#8220;28px&#8220; custom_margin=&#8220;-32px|||7px|false|false&#8220; custom_margin_tablet=&#8220;-45px||||false|false&#8220; custom_margin_phone=&#8220;-43px||||false|false&#8220; custom_margin_last_edited=&#8220;on|phone&#8220; global_colors_info=&#8220;{}&#8220;][\/et_pb_divider][et_pb_text _builder_version=&#8220;4.27.3&#8243; _module_preset=&#8220;default&#8220; text_font=&#8220;|600|||||||&#8220; text_text_color=&#8220;#014a5a&#8220; text_font_size=&#8220;18px&#8220; global_colors_info=&#8220;{}&#8220;]<\/p>\n<p>FILTRATION<\/p>\n<p>[\/et_pb_text][et_pb_text _builder_version=&#8220;4.27.3&#8243; _module_preset=&#8220;default&#8220; text_font=&#8220;Roboto Flex||||||||&#8220; text_text_color=&#8220;#666666&#8243; text_font_size=&#8220;16px&#8220; text_line_height=&#8220;1.8em&#8220; global_colors_info=&#8220;{}&#8220;]<\/p>\n<p><span>Die Filtration erfolgt durch ein Zylindersieb. Wenn dieses Sieb verstopft ist, erkennt ein Druckschalter die Druckdifferenz zwischen Einlass und Auslass und leitet den Reinigungszyklus ein. <\/span><\/p>\n<p>[\/et_pb_text][et_pb_text _builder_version=&#8220;4.27.3&#8243; _module_preset=&#8220;default&#8220; text_font=&#8220;|600|||||||&#8220; text_text_color=&#8220;#014a5a&#8220; text_font_size=&#8220;18px&#8220; global_colors_info=&#8220;{}&#8220;]<\/p>\n<p>REINIGUNG<\/p>\n<p>[\/et_pb_text][et_pb_text _builder_version=&#8220;4.27.3&#8243; _module_preset=&#8220;default&#8220; text_font=&#8220;Roboto Flex||||||||&#8220; text_text_color=&#8220;#666666&#8243; text_font_size=&#8220;16px&#8220; text_line_height=&#8220;1.8em&#8220; global_colors_info=&#8220;{}&#8220;]<\/p>\n<p><span>Die Reinigung erfolgt \u00fcber eine Absaugschiene, die auf H\u00f6he der Schienen\u00f6ffnungen eine gezielte R\u00fccksp\u00fclung durchf\u00fchrt. Die Schiene dreht sich und reinigt somit die gesamte Oberfl\u00e4che des Siebs. <\/span><\/p>\n<p>[\/et_pb_text][et_pb_image src=&#8220;https:\/\/www.hectron.com\/wp-content\/uploads\/2025\/02\/Gamme-AG-Fonctionnement-3-DE.png&#8220; title_text=&#8220;Gamme-AG-Fonctionnement-3-DE&#8220; _builder_version=&#8220;4.27.4&#8243; _module_preset=&#8220;default&#8220; global_colors_info=&#8220;{}&#8220;][\/et_pb_image][et_pb_text _builder_version=&#8220;4.27.3&#8243; _module_preset=&#8220;default&#8220; text_font=&#8220;|600|||||||&#8220; text_text_color=&#8220;#014a5a&#8220; text_font_size=&#8220;18px&#8220; global_colors_info=&#8220;{}&#8220;]<\/p>\n<p>EVAKUIERUNG<\/p>\n<p>[\/et_pb_text][et_pb_text _builder_version=&#8220;4.27.3&#8243; _module_preset=&#8220;default&#8220; text_font=&#8220;Roboto Flex||||||||&#8220; text_text_color=&#8220;#666666&#8243; text_font_size=&#8220;16px&#8220; text_line_height=&#8220;1.8em&#8220; global_colors_info=&#8220;{}&#8220;]<\/p>\n<p><span>W\u00e4hrend der Reinigung \u00f6ffnet sich ein Magnetventil und Schwebstoffe werden vom Filter nach au\u00dfen evakuiert.<\/span><\/p>\n<p>[\/et_pb_text][\/et_pb_column][\/et_pb_section][et_pb_section fb_built=&#8220;1&#8243; make_equal=&#8220;on&#8220; use_custom_gutter=&#8220;on&#8220; gutter_width=&#8220;2&#8243; specialty=&#8220;on&#8220; padding_top_1=&#8220;0px&#8220; padding_top_2=&#8220;0px&#8220; padding_right_1=&#8220;30px&#8220; padding_bottom_1=&#8220;0px&#8220; padding_bottom_2=&#8220;0px&#8220; padding_top_bottom_link_1=&#8220;true&#8220; padding_top_bottom_link_2=&#8220;true&#8220; padding_left_right_link_1=&#8220;false&#8220; padding_left_right_link_2=&#8220;false&#8220; padding_1_tablet=&#8220;|0px|||false|false&#8220; padding_1_phone=&#8220;&#8220; padding_1_last_edited=&#8220;on|tablet&#8220; disabled_on=&#8220;off|off|on&#8220; _builder_version=&#8220;4.27.4&#8243; inner_width=&#8220;90%&#8220; inner_width_tablet=&#8220;90%&#8220; inner_width_phone=&#8220;90%&#8220; inner_width_last_edited=&#8220;on|phone&#8220; inner_max_width=&#8220;1170px&#8220; inner_max_width_tablet=&#8220;90%&#8220; inner_max_width_phone=&#8220;90%&#8220; inner_max_width_last_edited=&#8220;on|tablet&#8220; custom_padding=&#8220;100px||100px||true|false&#8220; box_shadow_style=&#8220;preset1&#8243; global_colors_info=&#8220;{}&#8220;][et_pb_column type=&#8220;1_2&#8243; specialty_columns=&#8220;2&#8243; _builder_version=&#8220;4.16&#8243; custom_padding=&#8220;|||&#8220; global_colors_info=&#8220;{}&#8220; custom_padding__hover=&#8220;|||&#8220;][\/et_pb_column][et_pb_column type=&#8220;1_2&#8243; _builder_version=&#8220;4.16&#8243; custom_padding=&#8220;|||&#8220; global_colors_info=&#8220;{}&#8220; custom_padding__hover=&#8220;|||&#8220;][et_pb_divider color=&#8220;#c0100e&#8220; divider_position=&#8220;center&#8220; divider_weight=&#8220;2px&#8220; _builder_version=&#8220;4.27.0&#8243; max_width=&#8220;28px&#8220; custom_margin=&#8220;-32px|||7px|false|false&#8220; custom_margin_tablet=&#8220;-45px||||false|false&#8220; custom_margin_phone=&#8220;-43px||||false|false&#8220; custom_margin_last_edited=&#8220;on|phone&#8220; global_colors_info=&#8220;{}&#8220;][\/et_pb_divider][et_pb_image src=&#8220;https:\/\/www.hectron.com\/wp-content\/uploads\/2025\/02\/Gamme-AG-Fonctionnement-2-DE.png&#8220; title_text=&#8220;Gamme-AG-Fonctionnement-2-DE&#8220; align_tablet=&#8220;center&#8220; align_phone=&#8220;center&#8220; align_last_edited=&#8220;on|tablet&#8220; _builder_version=&#8220;4.27.4&#8243; _module_preset=&#8220;default&#8220; global_colors_info=&#8220;{}&#8220;][\/et_pb_image][et_pb_text _builder_version=&#8220;4.27.3&#8243; _module_preset=&#8220;default&#8220; text_font=&#8220;|600|||||||&#8220; text_text_color=&#8220;#014a5a&#8220; text_font_size=&#8220;18px&#8220; global_colors_info=&#8220;{}&#8220;]<\/p>\n<p>FILTRATION<\/p>\n<p>[\/et_pb_text][et_pb_text _builder_version=&#8220;4.27.3&#8243; _module_preset=&#8220;default&#8220; text_font=&#8220;Roboto Flex||||||||&#8220; text_text_color=&#8220;#666666&#8243; text_font_size=&#8220;16px&#8220; text_line_height=&#8220;1.8em&#8220; global_colors_info=&#8220;{}&#8220;]<\/p>\n<p><span>Die Filtration erfolgt durch ein Zylindersieb. Wenn dieses Sieb verstopft ist, erkennt ein Druckschalter die Druckdifferenz zwischen Einlass und Auslass und leitet den Reinigungszyklus ein. <\/span><\/p>\n<p>[\/et_pb_text][et_pb_text _builder_version=&#8220;4.27.3&#8243; _module_preset=&#8220;default&#8220; text_font=&#8220;|600|||||||&#8220; text_text_color=&#8220;#014a5a&#8220; text_font_size=&#8220;18px&#8220; global_colors_info=&#8220;{}&#8220;]<\/p>\n<p>REINIGUNG<\/p>\n<p>[\/et_pb_text][et_pb_text _builder_version=&#8220;4.27.3&#8243; _module_preset=&#8220;default&#8220; text_font=&#8220;Roboto Flex||||||||&#8220; text_text_color=&#8220;#666666&#8243; text_font_size=&#8220;16px&#8220; text_line_height=&#8220;1.8em&#8220; global_colors_info=&#8220;{}&#8220;]<\/p>\n<p><span>Die Reinigung erfolgt \u00fcber eine Absaugschiene, die auf H\u00f6he der Schienen\u00f6ffnungen eine gezielte R\u00fccksp\u00fclung durchf\u00fchrt. Die Schiene dreht sich und reinigt somit die gesamte Oberfl\u00e4che des Siebs. <\/span><\/p>\n<p>[\/et_pb_text][et_pb_image src=&#8220;https:\/\/www.hectron.com\/wp-content\/uploads\/2025\/02\/Gamme-AG-Fonctionnement-3-DE.png&#8220; title_text=&#8220;Gamme-AG-Fonctionnement-3-DE&#8220; _builder_version=&#8220;4.27.4&#8243; _module_preset=&#8220;default&#8220; global_colors_info=&#8220;{}&#8220;][\/et_pb_image][et_pb_text _builder_version=&#8220;4.27.3&#8243; _module_preset=&#8220;default&#8220; text_font=&#8220;|600|||||||&#8220; text_text_color=&#8220;#014a5a&#8220; text_font_size=&#8220;18px&#8220; global_colors_info=&#8220;{}&#8220;]<\/p>\n<p>EVAKUIERUNG<\/p>\n<p>[\/et_pb_text][et_pb_text _builder_version=&#8220;4.27.3&#8243; _module_preset=&#8220;default&#8220; text_font=&#8220;Roboto Flex||||||||&#8220; text_text_color=&#8220;#666666&#8243; text_font_size=&#8220;16px&#8220; text_line_height=&#8220;1.8em&#8220; global_colors_info=&#8220;{}&#8220;]<\/p>\n<p><span>W\u00e4hrend der Reinigung \u00f6ffnet sich ein Magnetventil und Schwebstoffe werden vom Filter nach au\u00dfen evakuiert.<\/span><\/p>\n<p>[\/et_pb_text][\/et_pb_column][\/et_pb_section]<\/p>\n","protected":false},"excerpt":{"rendered":"<p>TechnologieAG BereichFILTRATIONDie Filtration erfolgt durch ein Zylindersieb. Wenn dieses Sieb verstopft ist, erkennt ein Druckschalter die Druckdifferenz zwischen Einlass und Auslass und leitet den Reinigungszyklus ein. REINIGUNGDie Reinigung erfolgt \u00fcber eine Absaugschiene, die auf H\u00f6he der Schienen\u00f6ffnungen eine gezielte R\u00fccksp\u00fclung durchf\u00fchrt. Die Schiene dreht sich und reinigt somit die gesamte Oberfl\u00e4che des Siebs. EVAKUIERUNGW\u00e4hrend der [&hellip;]<\/p>\n","protected":false},"author":4,"featured_media":0,"parent":0,"menu_order":0,"comment_status":"closed","ping_status":"closed","template":"","meta":{"_et_pb_use_builder":"on","_et_pb_old_content":"","_et_gb_content_width":"","om_disable_all_campaigns":false,"_monsterinsights_skip_tracking":false,"_monsterinsights_sitenote_active":false,"_monsterinsights_sitenote_note":"","_monsterinsights_sitenote_category":0,"footnotes":""},"class_list":["post-231130","page","type-page","status-publish","hentry"],"aioseo_notices":[],"_links":{"self":[{"href":"https:\/\/www.hectron.com\/de\/wp-json\/wp\/v2\/pages\/231130","targetHints":{"allow":["GET"]}}],"collection":[{"href":"https:\/\/www.hectron.com\/de\/wp-json\/wp\/v2\/pages"}],"about":[{"href":"https:\/\/www.hectron.com\/de\/wp-json\/wp\/v2\/types\/page"}],"author":[{"embeddable":true,"href":"https:\/\/www.hectron.com\/de\/wp-json\/wp\/v2\/users\/4"}],"replies":[{"embeddable":true,"href":"https:\/\/www.hectron.com\/de\/wp-json\/wp\/v2\/comments?post=231130"}],"version-history":[{"count":10,"href":"https:\/\/www.hectron.com\/de\/wp-json\/wp\/v2\/pages\/231130\/revisions"}],"predecessor-version":[{"id":323001,"href":"https:\/\/www.hectron.com\/de\/wp-json\/wp\/v2\/pages\/231130\/revisions\/323001"}],"wp:attachment":[{"href":"https:\/\/www.hectron.com\/de\/wp-json\/wp\/v2\/media?parent=231130"}],"curies":[{"name":"wp","href":"https:\/\/api.w.org\/{rel}","templated":true}]}}