{"id":231136,"date":"2024-10-23T10:48:50","date_gmt":"2024-10-23T08:48:50","guid":{"rendered":"https:\/\/www.hectron.com\/werkseitiger-netzwerkschutz\/"},"modified":"2025-08-25T15:09:59","modified_gmt":"2025-08-25T13:09:59","slug":"werkseitiger-netzwerkschutz","status":"publish","type":"page","link":"https:\/\/www.hectron.com\/de\/werkseitiger-netzwerkschutz\/","title":{"rendered":"Werkseitiger Netzwerkschutz"},"content":{"rendered":"<p>[et_pb_section fb_built=&#8220;1&#8243; _builder_version=&#8220;4.16&#8243; custom_padding=&#8220;56px||56px||true|&#8220; global_colors_info=&#8220;{}&#8220;][et_pb_row _builder_version=&#8220;4.27.4&#8243; _module_preset=&#8220;default&#8220; width=&#8220;90%&#8220; max_width=&#8220;1170px&#8220; custom_margin=&#8220;0px||29px||false|false&#8220; custom_padding=&#8220;0px||0px||false|false&#8220; hover_enabled=&#8220;0&#8243; global_colors_info=&#8220;{}&#8220; sticky_enabled=&#8220;0&#8243;][et_pb_column type=&#8220;4_4&#8243; _builder_version=&#8220;4.21.0&#8243; _module_preset=&#8220;default&#8220; global_colors_info=&#8220;{}&#8220;][et_pb_text _builder_version=&#8220;4.27.2&#8243; _module_preset=&#8220;default&#8220; header_4_font=&#8220;Saira|700||on|||||&#8220; header_4_text_align=&#8220;center&#8220; header_4_text_color=&#8220;#c0100e&#8220; header_4_font_size=&#8220;25px&#8220; custom_margin=&#8220;0px||4px||false|false&#8220; custom_padding=&#8220;0px||0px||false|false&#8220; global_colors_info=&#8220;{}&#8220;]<\/p>\n<h4>Industrie<\/h4>\n<p>[\/et_pb_text][et_pb_text _builder_version=&#8220;4.27.2&#8243; _module_preset=&#8220;default&#8220; header_2_font=&#8220;Saira|700|||||||&#8220; header_2_text_align=&#8220;center&#8220; header_2_text_color=&#8220;#014a5a&#8220; header_2_font_size=&#8220;43px&#8220; header_2_letter_spacing=&#8220;-1px&#8220; header_2_line_height=&#8220;1.2em&#8220; custom_margin=&#8220;0px||0px||false|false&#8220; custom_padding=&#8220;0px||0px||false|false&#8220; header_2_font_size_tablet=&#8220;43px&#8220; header_2_font_size_phone=&#8220;30px&#8220; header_2_font_size_last_edited=&#8220;on|phone&#8220; global_colors_info=&#8220;{}&#8220;]<\/p>\n<h2>Filtration von Wassernetzen<\/h2>\n<p>[\/et_pb_text][\/et_pb_column][\/et_pb_row][et_pb_row column_structure=&#8220;1_2,1_2&#8243; use_custom_gutter=&#8220;on&#8220; gutter_width=&#8220;1&#8243; make_equal=&#8220;on&#8220; _builder_version=&#8220;4.27.4&#8243; width_tablet=&#8220;90%&#8220; width_phone=&#8220;90%&#8220; width_last_edited=&#8220;off|desktop&#8220; max_width_tablet=&#8220;90%&#8220; max_width_phone=&#8220;90%&#8220; max_width_last_edited=&#8220;off|desktop&#8220; custom_padding=&#8220;0px||0px||true|false&#8220; box_shadow_style=&#8220;preset1&#8243; box_shadow_vertical=&#8220;11px&#8220; box_shadow_blur=&#8220;58px&#8220; box_shadow_color=&#8220;rgba(158,158,158,0.3)&#8220; global_colors_info=&#8220;{}&#8220;][et_pb_column type=&#8220;1_2&#8243; _builder_version=&#8220;4.27.4&#8243; background_image=&#8220;https:\/\/www.hectron.com\/wp-content\/uploads\/2025\/01\/applications-hectron-6.webp&#8220; global_colors_info=&#8220;{}&#8220;][et_pb_divider show_divider=&#8220;off&#8220; disabled_on=&#8220;off|off|on&#8220; _builder_version=&#8220;4.16&#8243; custom_padding=&#8220;28%||28%||true|false&#8220; global_colors_info=&#8220;{}&#8220;][\/et_pb_divider][\/et_pb_column][et_pb_column type=&#8220;1_2&#8243; _builder_version=&#8220;4.16&#8243; background_color=&#8220;#ffffff&#8220; custom_padding=&#8220;70px|50px|70px|50px|true|true&#8220; global_colors_info=&#8220;{}&#8220;][et_pb_text _builder_version=&#8220;4.27.4&#8243; text_font=&#8220;Roboto Flex||||||||&#8220; text_text_color=&#8220;#666666&#8243; text_font_size=&#8220;16px&#8220; text_line_height=&#8220;1.8em&#8220; module_alignment=&#8220;center&#8220; custom_margin=&#8220;9px||||false|false&#8220; text_text_align=&#8220;left&#8220; global_colors_info=&#8220;{}&#8220;]<\/p>\n<p>Industriestandorte ben\u00f6tigen qualitativ hochwertiges Wasser: Prozesswasser oder K\u00fchlwassernetz.<\/p>\n<p>Bei Prozesswasser verbessern Hectron-Filter die Qualit\u00e4t des Wassers, das aus Fl\u00fcssen oder Bohrl\u00f6chern entnommen wird. Unsere Filter sind zu 100 % automatisch, ben\u00f6tigen keine Verbrauchsmaterialien und haben einen minimalen Wartungsaufwand.  <\/p>\n<p>In K\u00fchlsystemen und Luftk\u00fchlt\u00fcrmen k\u00f6nnen sich Staub, feine Metallpartikel, Kunststoffr\u00fcckst\u00e4nde (z. B. in der Kunststoffindustrie) und Algen schnell festsetzen. Im Vergleich zu Magnetfiltern halten unsere Filter mehr Stoffe zur\u00fcck, auch nichtmetallische St\u00e4ube. Durch eine gute Filterung kann die chemische Behandlung des Wassers reduziert werden.  <\/p>\n<p>[\/et_pb_text][\/et_pb_column][\/et_pb_row][\/et_pb_section][et_pb_section fb_built=&#8220;1&#8243; _builder_version=&#8220;4.27.0&#8243; _module_preset=&#8220;default&#8220; background_color=&#8220;#f1f5f6&#8243; custom_padding=&#8220;25px|||||&#8220; global_colors_info=&#8220;{}&#8220;][et_pb_row _builder_version=&#8220;4.27.0&#8243; _module_preset=&#8220;default&#8220; global_colors_info=&#8220;{}&#8220;][et_pb_column type=&#8220;4_4&#8243; _builder_version=&#8220;4.27.0&#8243; _module_preset=&#8220;default&#8220; global_colors_info=&#8220;{}&#8220;][et_pb_text _builder_version=&#8220;4.27.0&#8243; _module_preset=&#8220;default&#8220; header_2_font=&#8220;Saira|700|||||||&#8220; header_2_text_align=&#8220;center&#8220; header_2_text_color=&#8220;#014a5a&#8220; header_2_font_size=&#8220;43px&#8220; header_2_letter_spacing=&#8220;-1px&#8220; header_2_line_height=&#8220;1.2em&#8220; custom_margin=&#8220;0px||0px||false|false&#8220; custom_padding=&#8220;0px||0px||false|false&#8220; header_2_font_size_tablet=&#8220;43px&#8220; header_2_font_size_phone=&#8220;30px&#8220; header_2_font_size_last_edited=&#8220;on|phone&#8220; global_colors_info=&#8220;{}&#8220;]<\/p>\n<h2>GEEIGNETES MATERIAL<\/h2>\n<p>[\/et_pb_text][\/et_pb_column][\/et_pb_row][et_pb_row column_structure=&#8220;1_2,1_2&#8243; use_custom_gutter=&#8220;on&#8220; gutter_width=&#8220;2&#8243; make_equal=&#8220;on&#8220; _builder_version=&#8220;4.27.0&#8243; width=&#8220;90%&#8220; width_tablet=&#8220;90%&#8220; width_phone=&#8220;90%&#8220; width_last_edited=&#8220;on|phone&#8220; max_width_tablet=&#8220;90%&#8220; max_width_phone=&#8220;90%&#8220; max_width_last_edited=&#8220;off|desktop&#8220; custom_padding=&#8220;0px||0px||false|false&#8220; global_colors_info=&#8220;{}&#8220;][et_pb_column type=&#8220;1_2&#8243; _builder_version=&#8220;4.18.0&#8243; background_color=&#8220;#ffffff&#8220; transform_translate_linked__hover=&#8220;off&#8220; custom_padding=&#8220;40px|40px|40px|40px|true|true&#8220; box_shadow_style=&#8220;preset1&#8243; box_shadow_blur=&#8220;63px&#8220; box_shadow_color=&#8220;rgba(181,181,181,0.3)&#8220; global_colors_info=&#8220;{}&#8220; transform_styles__hover_enabled=&#8220;off|desktop&#8220; transform_scale__hover_enabled=&#8220;off|desktop&#8220; transform_translate__hover_enabled=&#8220;off|desktop&#8220; transform_rotate__hover_enabled=&#8220;off|desktop&#8220; transform_skew__hover_enabled=&#8220;off|desktop&#8220; transform_origin__hover_enabled=&#8220;off|desktop&#8220; transform_translate__hover=&#8220;0px|-10px&#8220; box_shadow_vertical__hover_enabled=&#8220;on|hover&#8220; box_shadow_vertical__hover=&#8220;12px&#8220; box_shadow_color__hover_enabled=&#8220;on|hover&#8220; box_shadow_color__hover=&#8220;rgba(150,150,150,0.3)&#8220; box_shadow_blur__hover_enabled=&#8220;on|hover&#8220; box_shadow_blur__hover=&#8220;80px&#8220;][et_pb_image src=&#8220;https:\/\/www.hectron.com\/wp-content\/uploads\/2024\/10\/AG100-1.png&#8220; title_text=&#8220;AG100 (1)&#8220; _builder_version=&#8220;4.27.3&#8243; _module_preset=&#8220;default&#8220; global_colors_info=&#8220;{}&#8220;][\/et_pb_image][et_pb_text _builder_version=&#8220;4.27.2&#8243; text_font=&#8220;Poppins|700|||||||&#8220; text_text_color=&#8220;#014a5a&#8220; text_font_size=&#8220;20px&#8220; text_line_height=&#8220;29px&#8220; module_alignment=&#8220;left&#8220; custom_margin=&#8220;29px||||false|false&#8220; link_option_url=&#8220;#&#8220; global_colors_info=&#8220;{}&#8220; text_text_color__hover_enabled=&#8220;off|desktop&#8220; text_text_color__hover=&#8220;#ff5e14&#8243;]<\/p>\n<p><b>AG-SELBSTREINIGENDE FILTER<\/b><\/p>\n<p>[\/et_pb_text][et_pb_divider color=&#8220;#E7EBEF&#8220; divider_weight=&#8220;2px&#8220; _builder_version=&#8220;4.16&#8243; custom_margin=&#8220;30px||||false|false&#8220; global_colors_info=&#8220;{}&#8220;][\/et_pb_divider][et_pb_text _builder_version=&#8220;4.27.2&#8243; _module_preset=&#8220;default&#8220; text_font=&#8220;Roboto Flex||||||||&#8220; text_text_color=&#8220;#666666&#8243; text_font_size=&#8220;16px&#8220; text_line_height=&#8220;1.5em&#8220; custom_margin=&#8220;0px||17px||false|false&#8220; custom_padding=&#8220;0px||0px||false|false&#8220; global_colors_info=&#8220;{}&#8220;]<\/p>\n<div class=\"elementor-element elementor-element-3ba63a1 elementor-widget elementor-widget-text-editor\" data-id=\"3ba63a1\" data-element_type=\"widget\" data-widget_type=\"text-editor.default\">\n<div class=\"elementor-widget-container\">\n<div class=\"elementor-text-editor elementor-clearfix\">\n<p>Vielseitige Filter, Sortiment erh\u00e4ltlich f\u00fcr Durchflussmengen bis zu 340 m3\/h und einen Betriebsdruck bis zu 16 Bar.<\/p>\n<p><strong><span>Vorteile<\/span><\/strong><\/p>\n<\/div>\n<\/div>\n<\/div>\n<div class=\"elementor-element elementor-element-c1475e8 elementor-icon-list--layout-traditional elementor-list-item-link-full_width elementor-widget elementor-widget-icon-list\" data-id=\"c1475e8\" data-element_type=\"widget\" data-widget_type=\"icon-list.default\">\n<div class=\"elementor-widget-container\">\n<p><span>Bis zu 16 Bar<\/span><span class=\"elementor-icon-list-text\"><\/span><\/p>\n<div class=\"elementor-element elementor-element-87059c3 elementor-icon-list--layout-traditional elementor-list-item-link-full_width elementor-widget elementor-widget-icon-list\" data-id=\"87059c3\" data-element_type=\"widget\" data-widget_type=\"icon-list.default\">\n<div class=\"elementor-widget-container\">\n<p><span class=\"elementor-icon-list-text\">100% selbstreinigend<\/span><\/p>\n<\/div>\n<\/div>\n<\/div>\n<\/div>\n<p>[\/et_pb_text][et_pb_button button_url=&#8220;@ET-DC@eyJkeW5hbWljIjp0cnVlLCJjb250ZW50IjoicG9zdF9saW5rX3VybF9wYWdlIiwic2V0dGluZ3MiOnsicG9zdF9pZCI6IjgxMzMyIiwiZW5hYmxlX2h0bWwiOiJvZmYifX0=@&#8220; button_text=&#8220;Zu den produkten&#8220; button_alignment=&#8220;left&#8220; _builder_version=&#8220;4.27.2&#8243; _dynamic_attributes=&#8220;button_url&#8220; _module_preset=&#8220;default&#8220; custom_button=&#8220;on&#8220; button_text_size=&#8220;15px&#8220; button_text_color=&#8220;#FFFFFF&#8220; button_bg_color=&#8220;#c0100e&#8220; button_border_width=&#8220;0px&#8220; button_border_radius=&#8220;4px&#8220; button_font=&#8220;Saira|700|||||||&#8220; button_use_icon=&#8220;off&#8220; custom_margin=&#8220;21px|||||&#8220; custom_padding=&#8220;14px|30px|13px|30px|false|false&#8220; global_colors_info=&#8220;{}&#8220; button_text_color__hover_enabled=&#8220;off|desktop&#8220; button_text_color__hover=&#8220;#1b1a1a&#8220; button_bg_color__hover_enabled=&#8220;off|desktop&#8220; button_bg_color__hover=&#8220;#FFFFFF&#8220; button_bg_enable_color__hover=&#8220;on&#8220; button_letter_spacing__hover=&#8220;0px&#8220; button_letter_spacing__hover_enabled=&#8220;on|hover&#8220;][\/et_pb_button][\/et_pb_column][et_pb_column type=&#8220;1_2&#8243; _builder_version=&#8220;4.16&#8243; background_color=&#8220;#ffffff&#8220; custom_padding=&#8220;40px|40px|40px|40px|true|true&#8220; box_shadow_style=&#8220;preset1&#8243; box_shadow_blur=&#8220;63px&#8220; box_shadow_color=&#8220;rgba(181,181,181,0.3)&#8220; global_colors_info=&#8220;{}&#8220; transform_styles__hover_enabled=&#8220;on|hover&#8220; box_shadow_vertical__hover_enabled=&#8220;on|hover&#8220; box_shadow_vertical__hover=&#8220;12px&#8220; box_shadow_color__hover_enabled=&#8220;on|hover&#8220; box_shadow_color__hover=&#8220;rgba(150,150,150,0.3)&#8220; box_shadow_blur__hover_enabled=&#8220;on|hover&#8220; box_shadow_blur__hover=&#8220;80px&#8220;][et_pb_image src=&#8220;https:\/\/www.hectron.com\/wp-content\/uploads\/2024\/10\/AS200-2.png&#8220; title_text=&#8220;AS200 (2)&#8220; _builder_version=&#8220;4.27.3&#8243; _module_preset=&#8220;default&#8220; global_colors_info=&#8220;{}&#8220;][\/et_pb_image][et_pb_text _builder_version=&#8220;4.27.2&#8243; text_font=&#8220;Poppins|700|||||||&#8220; text_text_color=&#8220;#014a5a&#8220; text_font_size=&#8220;20px&#8220; text_line_height=&#8220;29px&#8220; module_alignment=&#8220;left&#8220; custom_margin=&#8220;29px||||false|false&#8220; link_option_url=&#8220;#&#8220; global_colors_info=&#8220;{}&#8220; text_text_color__hover_enabled=&#8220;off|desktop&#8220; text_text_color__hover=&#8220;#ff5e14&#8243;]<\/p>\n<p><b>AS-SELBSTREINIGENDE FILTER<\/b><\/p>\n<p>[\/et_pb_text][et_pb_divider color=&#8220;#E7EBEF&#8220; divider_weight=&#8220;2px&#8220; _builder_version=&#8220;4.16&#8243; custom_margin=&#8220;30px||||false|false&#8220; global_colors_info=&#8220;{}&#8220;][\/et_pb_divider][et_pb_text _builder_version=&#8220;4.27.2&#8243; _module_preset=&#8220;default&#8220; text_font=&#8220;Roboto Flex||||||||&#8220; text_text_color=&#8220;#666666&#8243; text_font_size=&#8220;16px&#8220; text_line_height=&#8220;1.5em&#8220; custom_margin=&#8220;0px||17px||false|false&#8220; custom_padding=&#8220;0px||0px||false|false&#8220; global_colors_info=&#8220;{}&#8220;]<\/p>\n<div class=\"elementor-element elementor-element-3ba63a1 elementor-widget elementor-widget-text-editor\" data-id=\"3ba63a1\" data-element_type=\"widget\" data-widget_type=\"text-editor.default\">\n<div class=\"elementor-widget-container\">\n<div class=\"elementor-text-editor elementor-clearfix\">\n<p><span>Die Filter der AS-Baureihe eignen sich auch, wenn das Netz unter sehr niedrigem Druck steht, wie beispielsweise bei K\u00fchlt\u00fcrmen.<\/span><\/p>\n<p><strong><span>Vorteile<\/span><\/strong><\/p>\n<\/div>\n<\/div>\n<\/div>\n<div class=\"elementor-element elementor-element-c1475e8 elementor-icon-list--layout-traditional elementor-list-item-link-full_width elementor-widget elementor-widget-icon-list\" data-id=\"c1475e8\" data-element_type=\"widget\" data-widget_type=\"icon-list.default\">\n<div class=\"elementor-widget-container\">\n<p><span>Funktioniert bei niedrigem Druck<\/span><\/p>\n<div class=\"elementor-element elementor-element-87059c3 elementor-icon-list--layout-traditional elementor-list-item-link-full_width elementor-widget elementor-widget-icon-list\" data-id=\"87059c3\" data-element_type=\"widget\" data-widget_type=\"icon-list.default\">\n<div class=\"elementor-widget-container\">\n<p><span class=\"elementor-icon-list-text\">100% selbstreinigend<\/span><\/p>\n<\/div>\n<\/div>\n<\/div>\n<\/div>\n<p>[\/et_pb_text][et_pb_button button_url=&#8220;@ET-DC@eyJkeW5hbWljIjp0cnVlLCJjb250ZW50IjoicG9zdF9saW5rX3VybF9wYWdlIiwic2V0dGluZ3MiOnsicG9zdF9pZCI6IjgxMjk4IiwiZW5hYmxlX2h0bWwiOiJvZmYifX0=@&#8220; button_text=&#8220;Zu den produkten&#8220; button_alignment=&#8220;left&#8220; _builder_version=&#8220;4.27.2&#8243; _dynamic_attributes=&#8220;button_url&#8220; _module_preset=&#8220;default&#8220; custom_button=&#8220;on&#8220; button_text_size=&#8220;15px&#8220; button_text_color=&#8220;#FFFFFF&#8220; button_bg_color=&#8220;#c0100e&#8220; button_border_width=&#8220;0px&#8220; button_border_radius=&#8220;4px&#8220; button_font=&#8220;Saira|700|||||||&#8220; button_use_icon=&#8220;off&#8220; custom_margin=&#8220;21px|||||&#8220; custom_padding=&#8220;14px|30px|13px|30px|false|false&#8220; global_colors_info=&#8220;{}&#8220; button_text_color__hover_enabled=&#8220;off|desktop&#8220; button_text_color__hover=&#8220;#1b1a1a&#8220; button_bg_color__hover_enabled=&#8220;off|desktop&#8220; button_bg_color__hover=&#8220;#FFFFFF&#8220; button_bg_enable_color__hover=&#8220;on&#8220; button_letter_spacing__hover=&#8220;0px&#8220; button_letter_spacing__hover_enabled=&#8220;on|hover&#8220;][\/et_pb_button][\/et_pb_column][\/et_pb_row][\/et_pb_section][et_pb_section fb_built=&#8220;1&#8243; _builder_version=&#8220;4.16&#8243; custom_padding=&#8220;80px|0px|80px|0px|true|false&#8220; global_colors_info=&#8220;{}&#8220;][et_pb_row _builder_version=&#8220;4.21.0&#8243; _module_preset=&#8220;default&#8220; width=&#8220;90%&#8220; max_width=&#8220;1170px&#8220; custom_margin=&#8220;0px|auto|0px|auto|false|false&#8220; custom_padding=&#8220;0px||0px||false|false&#8220; global_colors_info=&#8220;{}&#8220;][et_pb_column type=&#8220;4_4&#8243; _builder_version=&#8220;4.21.0&#8243; _module_preset=&#8220;default&#8220; global_colors_info=&#8220;{}&#8220;][et_pb_text _builder_version=&#8220;4.27.2&#8243; _module_preset=&#8220;default&#8220; header_2_font=&#8220;Saira|700|||||||&#8220; header_2_text_align=&#8220;center&#8220; header_2_text_color=&#8220;#014a5a&#8220; header_2_font_size=&#8220;43px&#8220; header_2_letter_spacing=&#8220;-1px&#8220; header_2_line_height=&#8220;1.2em&#8220; custom_margin=&#8220;0px||0px||false|false&#8220; custom_padding=&#8220;0px||6px||false|false&#8220; header_2_font_size_tablet=&#8220;43px&#8220; header_2_font_size_phone=&#8220;30px&#8220; header_2_font_size_last_edited=&#8220;on|phone&#8220; global_colors_info=&#8220;{}&#8220;]<\/p>\n<h2>Referenzen<\/h2>\n<p>[\/et_pb_text][et_pb_divider divider_weight=&#8220;3px&#8220; _builder_version=&#8220;4.27.2&#8243; _module_preset=&#8220;default&#8220; max_width=&#8220;12%&#8220; module_alignment=&#8220;center&#8220; global_colors_info=&#8220;{}&#8220;][\/et_pb_divider][\/et_pb_column][\/et_pb_row][et_pb_row _builder_version=&#8220;4.16&#8243; global_colors_info=&#8220;{}&#8220;][et_pb_column type=&#8220;4_4&#8243; _builder_version=&#8220;4.16&#8243; custom_padding=&#8220;|||&#8220; global_colors_info=&#8220;{}&#8220; custom_padding__hover=&#8220;|||&#8220;][et_pb_accordion open_toggle_text_color=&#8220;#014a5a&#8220; open_toggle_background_color=&#8220;rgba(0,0,0,0)&#8220; closed_toggle_text_color=&#8220;#014a5a&#8220; closed_toggle_background_color=&#8220;#f1f5f6&#8243; icon_color=&#8220;#014a5a&#8220; _builder_version=&#8220;4.27.2&#8243; toggle_text_color=&#8220;#014a5a&#8220; toggle_font=&#8220;|600|||||||&#8220; toggle_font_size=&#8220;17px&#8220; toggle_line_height=&#8220;1.4em&#8220; closed_toggle_font=&#8220;Poppins|600|||||||&#8220; closed_toggle_font_size=&#8220;15px&#8220; closed_toggle_line_height=&#8220;1.4em&#8220; body_font=&#8220;Roboto Flex||||||||&#8220; body_font_size=&#8220;16px&#8220; body_line_height=&#8220;1.8em&#8220; text_orientation=&#8220;left&#8220; custom_padding=&#8220;|||&#8220; border_width_all=&#8220;0px&#8220; global_colors_info=&#8220;{}&#8220; open_toggle_text_color__hover_enabled=&#8220;on|desktop&#8220; open_toggle_text_color__hover=&#8220;#014a5a&#8220;][et_pb_accordion_item title=&#8220;Conflandey, Port sur Sa\u00f4ne (70)&#8220; open=&#8220;on&#8220; _builder_version=&#8220;4.27.2&#8243; global_colors_info=&#8220;{}&#8220;]<\/p>\n<p><span>Fabrik f\u00fcr das Ziehen von Stahldraht. K\u00fchlungsnetz f\u00fcr die Maschinen mit Luftk\u00fchlturm. Um das Wachstum von Flora, die die Rohrleitungen verschmutzt, zu begrenzen und gleichzeitig die chemische Behandlung des Wassers einzuschr\u00e4nken, wurde eine Filteranlage installiert. Bei einem Gesamtdurchfluss von 350 bis 400    <\/span><span>m<\/span><span>3<\/span><span>\/h<\/span><span>, ein Teil des Wassers (60 <\/span><span>m<\/span><span>3<\/span><span>\/h<\/span><span>) wird entnommen und durch einen AG300 DN100 in 20 \u00b5m gefiltert.<\/span><\/p>\n<p>[\/et_pb_accordion_item][et_pb_accordion_item title=&#8220;Johnson Controls Industrie \/ Thales, Thonon les Bains (74)&#8220; _builder_version=&#8220;4.27.2&#8243; global_colors_info=&#8220;{}&#8220; open=&#8220;off&#8220;]<\/p>\n<p><span>Filtration des K\u00fchlsystems der Fabrik. Filter AG400 DN250 in 100 \u00b5m. <\/span><\/p>\n<p>[\/et_pb_accordion_item][et_pb_accordion_item title=&#8220;Fimic \/ Kaneka (Belgique)&#8220; _builder_version=&#8220;4.27.2&#8243; global_colors_info=&#8220;{}&#8220; open=&#8220;off&#8220;]<\/p>\n<p><span>Fabrik zur Herstellung von Schaumkunststoff. K\u00fchlwasser mit Mikropartikeln belastet, darunter PE und R\u00fcckst\u00e4nde des Rohmaterials. Da 70% des Materials kleiner als 5 Mikron sind, wurde eine Feinfilterung durchgef\u00fchrt.   <\/span><span>2 Filter AG200 2&#8220; PN10 1 \u03bcm.<\/span><\/p>\n<p>[\/et_pb_accordion_item][et_pb_accordion_item title=&#8220;Chemviron, Parentis en Born (40)&#8220; _builder_version=&#8220;4.27.2&#8243; global_colors_info=&#8220;{}&#8220; open=&#8220;off&#8220;]<\/p>\n<p><span>K\u00fchlwasser, das mit Kohle-, Sand- und Holzpartikeln belastet ist. Durchflussmenge von 30 bis 50  <\/span><span>m<\/span><span>3<\/span><span>\/h<\/span><span>. Mise en place d\u2019un filtre AG300 DN100 IP65 40 \u03bcm, install\u00e9 en ext\u00e9rieur. <\/span><\/p>\n<p>[\/et_pb_accordion_item][et_pb_accordion_item title=&#8220;B+W, Bottrop, Allemagne&#8220; _builder_version=&#8220;4.27.2&#8243; global_colors_info=&#8220;{}&#8220; open=&#8220;off&#8220;]<\/p>\n<p><span>Filtration von Rohwasser vor Hochdruckpumpen, vor Wasserspr\u00fchsystemen. Filter AG200 2&#8220; 6 Mikron, und CRL50. <\/span><\/p>\n<p>[\/et_pb_accordion_item][et_pb_accordion_item title=&#8220;Automatisme Industrie \/ Mecaplast, Lens (62)&#8220; _builder_version=&#8220;4.27.2&#8243; global_colors_info=&#8220;{}&#8220; open=&#8220;off&#8220;]<\/p>\n<p><span>K\u00fchlungsnetz in einer Kunststofffabrik. Filterung eines Teils des Durchflusses durch ein Bypass-Filtersystem. Pumpe + Filter AG300 50\u03bcm + Instandhalter CRL.  <\/span><\/p>\n<p>[\/et_pb_accordion_item][\/et_pb_accordion][\/et_pb_column][\/et_pb_row][et_pb_row _builder_version=&#8220;4.27.2&#8243; _module_preset=&#8220;default&#8220; global_colors_info=&#8220;{}&#8220;][et_pb_column type=&#8220;4_4&#8243; _builder_version=&#8220;4.27.2&#8243; _module_preset=&#8220;default&#8220; global_colors_info=&#8220;{}&#8220;][et_pb_button button_url=&#8220;https:\/\/www.hectron.com\/wp-content\/uploads\/2025\/08\/References-01.09.24-EN.pdf&#8220; button_text=&#8220;Download Referenzliste PDF&#8220; button_alignment=&#8220;center&#8220; _builder_version=&#8220;4.27.4&#8243; _module_preset=&#8220;default&#8220; custom_button=&#8220;on&#8220; button_text_size=&#8220;17px&#8220; button_text_color=&#8220;#FFFFFF&#8220; button_bg_color=&#8220;#c0100e&#8220; button_border_radius=&#8220;4px&#8220; button_font=&#8220;Saira||||||||&#8220; button_use_icon=&#8220;off&#8220; custom_margin=&#8220;0px|12px|0px|0px|false|false&#8220; custom_padding=&#8220;13px|30px|14px|30px|false|false&#8220; animation_direction=&#8220;bottom&#8220; hover_enabled=&#8220;0&#8243; global_colors_info=&#8220;{}&#8220; button_text_color__hover_enabled=&#8220;on|hover&#8220; button_text_color__hover=&#8220;#1b1a1a&#8220; button_bg_color__hover_enabled=&#8220;on|desktop&#8220; button_bg_color__hover=&#8220;#FFFFFF&#8220; button_bg_enable_color__hover=&#8220;on&#8220; button_letter_spacing__hover_enabled=&#8220;on|hover&#8220; button_letter_spacing__hover=&#8220;0px&#8220; sticky_enabled=&#8220;0&#8243;][\/et_pb_button][\/et_pb_column][\/et_pb_row][\/et_pb_section]<\/p>\n","protected":false},"excerpt":{"rendered":"<p>IndustrieFiltration von WassernetzenIndustriestandorte ben\u00f6tigen qualitativ hochwertiges Wasser: Prozesswasser oder K\u00fchlwassernetz. Bei Prozesswasser verbessern Hectron-Filter die Qualit\u00e4t des Wassers, das aus Fl\u00fcssen oder Bohrl\u00f6chern entnommen wird. Unsere Filter sind zu 100 % automatisch, ben\u00f6tigen keine Verbrauchsmaterialien und haben einen minimalen Wartungsaufwand. In K\u00fchlsystemen und Luftk\u00fchlt\u00fcrmen k\u00f6nnen sich Staub, feine Metallpartikel, Kunststoffr\u00fcckst\u00e4nde (z. B. in der Kunststoffindustrie) [&hellip;]<\/p>\n","protected":false},"author":4,"featured_media":0,"parent":0,"menu_order":0,"comment_status":"closed","ping_status":"closed","template":"","meta":{"_et_pb_use_builder":"on","_et_pb_old_content":"","_et_gb_content_width":"","om_disable_all_campaigns":false,"_monsterinsights_skip_tracking":false,"_monsterinsights_sitenote_active":false,"_monsterinsights_sitenote_note":"","_monsterinsights_sitenote_category":0,"footnotes":""},"class_list":["post-231136","page","type-page","status-publish","hentry"],"aioseo_notices":[],"_links":{"self":[{"href":"https:\/\/www.hectron.com\/de\/wp-json\/wp\/v2\/pages\/231136","targetHints":{"allow":["GET"]}}],"collection":[{"href":"https:\/\/www.hectron.com\/de\/wp-json\/wp\/v2\/pages"}],"about":[{"href":"https:\/\/www.hectron.com\/de\/wp-json\/wp\/v2\/types\/page"}],"author":[{"embeddable":true,"href":"https:\/\/www.hectron.com\/de\/wp-json\/wp\/v2\/users\/4"}],"replies":[{"embeddable":true,"href":"https:\/\/www.hectron.com\/de\/wp-json\/wp\/v2\/comments?post=231136"}],"version-history":[{"count":7,"href":"https:\/\/www.hectron.com\/de\/wp-json\/wp\/v2\/pages\/231136\/revisions"}],"predecessor-version":[{"id":321588,"href":"https:\/\/www.hectron.com\/de\/wp-json\/wp\/v2\/pages\/231136\/revisions\/321588"}],"wp:attachment":[{"href":"https:\/\/www.hectron.com\/de\/wp-json\/wp\/v2\/media?parent=231136"}],"curies":[{"name":"wp","href":"https:\/\/api.w.org\/{rel}","templated":true}]}}