{"id":231275,"date":"2024-09-20T15:00:13","date_gmt":"2024-09-20T13:00:13","guid":{"rendered":"https:\/\/www.hectron.com\/prago-automatischer-filter-fuer-bohrloecher\/"},"modified":"2025-08-29T17:10:46","modified_gmt":"2025-08-29T15:10:46","slug":"prago-automatischer-filter-fuer-bohrloecher","status":"publish","type":"page","link":"https:\/\/www.hectron.com\/de\/prago-automatischer-filter-fuer-bohrloecher\/","title":{"rendered":"Selbstreinigender Filter f\u00fcr Brunnen PRAGO 2"},"content":{"rendered":"<p>[et_pb_section fb_built=&#8220;1&#8243; _builder_version=&#8220;4.27.0&#8243; _module_preset=&#8220;default&#8220; custom_padding=&#8220;86px||1px|||&#8220; top_divider_color=&#8220;#014a5a&#8220; global_colors_info=&#8220;{}&#8220;][et_pb_row _builder_version=&#8220;4.21.0&#8243; _module_preset=&#8220;default&#8220; width=&#8220;90%&#8220; max_width=&#8220;1170px&#8220; custom_margin=&#8220;0px||29px||false|false&#8220; custom_padding=&#8220;0px||0px||false|false&#8220; global_colors_info=&#8220;{}&#8220;][et_pb_column type=&#8220;4_4&#8243; _builder_version=&#8220;4.21.0&#8243; _module_preset=&#8220;default&#8220; global_colors_info=&#8220;{}&#8220;][et_pb_text _builder_version=&#8220;4.16&#8243; _module_preset=&#8220;default&#8220; header_4_font=&#8220;Saira|700||on|||||&#8220; header_4_text_align=&#8220;center&#8220; header_4_text_color=&#8220;#c0100e&#8220; header_4_font_size=&#8220;25px&#8220; custom_margin=&#8220;0px||4px||false|false&#8220; custom_padding=&#8220;0px||0px||false|false&#8220; global_colors_info=&#8220;{}&#8220;]<\/p>\n<h4>pRAGO 2<\/h4>\n<p>[\/et_pb_text][et_pb_text _builder_version=&#8220;4.27.0&#8243; _module_preset=&#8220;default&#8220; header_2_font=&#8220;Saira|700|||||||&#8220; header_2_text_align=&#8220;center&#8220; header_2_text_color=&#8220;#014a5a&#8220; header_2_font_size=&#8220;43px&#8220; header_2_letter_spacing=&#8220;-1px&#8220; header_2_line_height=&#8220;1.2em&#8220; custom_margin=&#8220;0px||0px||false|false&#8220; custom_padding=&#8220;0px||0px||false|false&#8220; header_2_font_size_tablet=&#8220;43px&#8220; header_2_font_size_phone=&#8220;30px&#8220; header_2_font_size_last_edited=&#8220;on|phone&#8220; global_colors_info=&#8220;{}&#8220;]<\/p>\n<h2>SELBSTREINIGENDER FILTER F\u00dcR BRUNNEN<\/h2>\n<p>[\/et_pb_text][\/et_pb_column][\/et_pb_row][et_pb_row column_structure=&#8220;1_2,1_2&#8243; _builder_version=&#8220;4.16&#8243; _module_preset=&#8220;default&#8220; custom_margin=&#8220;-29px|auto||auto||&#8220; global_colors_info=&#8220;{}&#8220;][et_pb_column type=&#8220;1_2&#8243; _builder_version=&#8220;4.16&#8243; _module_preset=&#8220;default&#8220; global_colors_info=&#8220;{}&#8220;][et_pb_text _builder_version=&#8220;4.27.0&#8243; _module_preset=&#8220;default&#8220; text_font=&#8220;Roboto Flex||||||||&#8220; text_text_color=&#8220;#666666&#8243; text_font_size=&#8220;17px&#8220; text_line_height=&#8220;1.6em&#8220; custom_margin=&#8220;0px||0px||false|false&#8220; custom_padding=&#8220;0px||0px||false|false&#8220; global_colors_info=&#8220;{}&#8220;]<\/p>\n<p style=\"text-align: justify;\">Der Prago-Filter bietet eine wirtschaftliche und 100% selbstreinigende L\u00f6sung f\u00fcr die Filtration von Brauch- und Brunnenwasser. Ausgestattet mit einem 100, 200 oder 300 Mikron Filtersieb, ist dieser Wasserfilter sehr effizient bei sandhaltigem Wasser, um eine Haushaltsanlage, eine W\u00e4rmepumpe oder ein Bew\u00e4sserungsnetz zu sch\u00fctzen. <\/p>\n<p>[\/et_pb_text][\/et_pb_column][et_pb_column type=&#8220;1_2&#8243; _builder_version=&#8220;4.16&#8243; _module_preset=&#8220;default&#8220; global_colors_info=&#8220;{}&#8220;][et_pb_text _builder_version=&#8220;4.27.0&#8243; _module_preset=&#8220;default&#8220; text_font=&#8220;Roboto Flex||||||||&#8220; text_text_color=&#8220;#666666&#8243; text_font_size=&#8220;17px&#8220; text_line_height=&#8220;1.6em&#8220; custom_margin=&#8220;0px||0px||false|false&#8220; custom_padding=&#8220;0px||0px||false|false&#8220; global_colors_info=&#8220;{}&#8220;]<\/p>\n<p style=\"text-align: justify;\">Die Installation ist besonders einfach: Dieser Filter wird komplett ausgestattet geliefert und direkt an die Rohrleitung angeschlossen. Eine Wandhalterung wird mitgeliefert.<\/p>\n<p>[\/et_pb_text][et_pb_button button_url=&#8220;https:\/\/www.hectron.com\/wp-content\/uploads\/2024\/10\/Filtre-automatique-Prago-2-1.pdf&#8220; button_text=&#8220;Brosch\u00fcre (pdf)&#8220; button_alignment=&#8220;left&#8220; _builder_version=&#8220;4.27.2&#8243; _module_preset=&#8220;default&#8220; custom_button=&#8220;on&#8220; button_text_size=&#8220;15px&#8220; button_text_color=&#8220;#FFFFFF&#8220; button_bg_color=&#8220;#c0100e&#8220; button_border_radius=&#8220;4px&#8220; button_font=&#8220;Saira|700|||||||&#8220; button_use_icon=&#8220;off&#8220; custom_margin=&#8220;13px|0px|0px|0px|false|false&#8220; custom_padding=&#8220;14px|30px|13px|30px|false|false&#8220; global_colors_info=&#8220;{}&#8220; button_text_color__hover_enabled=&#8220;off|desktop&#8220; button_text_color__hover=&#8220;#1b1a1a&#8220; button_bg_color__hover_enabled=&#8220;off|desktop&#8220; button_bg_color__hover=&#8220;#FFFFFF&#8220; button_bg_enable_color__hover=&#8220;on&#8220; button_letter_spacing__hover=&#8220;0px&#8220; button_letter_spacing__hover_enabled=&#8220;on|hover&#8220;][\/et_pb_button][\/et_pb_column][\/et_pb_row][\/et_pb_section][et_pb_section fb_built=&#8220;1&#8243; make_equal=&#8220;on&#8220; use_custom_gutter=&#8220;on&#8220; gutter_width=&#8220;2&#8243; specialty=&#8220;on&#8220; padding_top_1=&#8220;0px&#8220; padding_top_2=&#8220;0px&#8220; padding_right_1=&#8220;30px&#8220; padding_bottom_1=&#8220;0px&#8220; padding_bottom_2=&#8220;0px&#8220; padding_top_bottom_link_1=&#8220;true&#8220; padding_top_bottom_link_2=&#8220;true&#8220; padding_left_right_link_1=&#8220;false&#8220; padding_left_right_link_2=&#8220;false&#8220; padding_1_tablet=&#8220;|0px|||false|false&#8220; padding_1_phone=&#8220;&#8220; padding_1_last_edited=&#8220;on|tablet&#8220; _builder_version=&#8220;4.27.0&#8243; inner_width=&#8220;90%&#8220; inner_width_tablet=&#8220;90%&#8220; inner_width_phone=&#8220;90%&#8220; inner_width_last_edited=&#8220;on|phone&#8220; inner_max_width=&#8220;1170px&#8220; inner_max_width_tablet=&#8220;90%&#8220; inner_max_width_phone=&#8220;90%&#8220; inner_max_width_last_edited=&#8220;on|tablet&#8220; custom_padding=&#8220;3px||3px||true|false&#8220; global_colors_info=&#8220;{}&#8220;][et_pb_column type=&#8220;1_2&#8243; specialty_columns=&#8220;2&#8243; _builder_version=&#8220;4.16&#8243; custom_padding=&#8220;|||&#8220; global_colors_info=&#8220;{}&#8220; custom_padding__hover=&#8220;|||&#8220;][et_pb_row_inner _builder_version=&#8220;4.27.2&#8243; custom_padding=&#8220;0px||0px||true|false&#8220; global_colors_info=&#8220;{}&#8220;][et_pb_column_inner saved_specialty_column_type=&#8220;1_2&#8243; _builder_version=&#8220;4.16&#8243; global_colors_info=&#8220;{}&#8220;][et_pb_gallery gallery_ids=&#8220;230468,230686,230690&#8243; fullwidth=&#8220;on&#8220; _builder_version=&#8220;4.27.4&#8243; _module_preset=&#8220;default&#8220; global_colors_info=&#8220;{}&#8220;][\/et_pb_gallery][\/et_pb_column_inner][\/et_pb_row_inner][\/et_pb_column][et_pb_column type=&#8220;1_2&#8243; _builder_version=&#8220;4.16&#8243; custom_padding=&#8220;|||&#8220; global_colors_info=&#8220;{}&#8220; custom_padding__hover=&#8220;|||&#8220;][et_pb_accordion open_toggle_text_color=&#8220;#014a5a&#8220; open_toggle_background_color=&#8220;#FFFFFF&#8220; closed_toggle_background_color=&#8220;#f1f5f6&#8243; icon_color=&#8220;#c0100e&#8220; use_icon_font_size=&#8220;on&#8220; icon_font_size=&#8220;12px&#8220; _builder_version=&#8220;4.27.3&#8243; toggle_text_color=&#8220;#014a5a&#8220; toggle_font=&#8220;|600|||||||&#8220; toggle_font_size=&#8220;18px&#8220; toggle_letter_spacing=&#8220;-0.32px&#8220; body_font=&#8220;Roboto Flex||||||||&#8220; body_text_color=&#8220;#666666&#8243; body_font_size=&#8220;16px&#8220; body_line_height=&#8220;1.8em&#8220; custom_margin=&#8220;35px||||false|false&#8220; toggle_line_height_tablet=&#8220;&#8220; toggle_line_height_phone=&#8220;1.5em&#8220; toggle_line_height_last_edited=&#8220;on|phone&#8220; border_color_all=&#8220;#ECE9E3&#8243; global_colors_info=&#8220;{}&#8220;][et_pb_accordion_item title=&#8220;Hauptmerkmale&#8220; open=&#8220;on&#8220; _builder_version=&#8220;4.27.0&#8243; global_colors_info=&#8220;{}&#8220;]<\/p>\n<p>Messing-geh\u00e4use<br \/>Durchfluss bis zu 8 m3\/h<br \/>Filtration : ab 100 \u00b5m<br \/>Maximaler Druck : 7 Bar<\/p>\n<p>[\/et_pb_accordion_item][\/et_pb_accordion][et_pb_accordion open_toggle_text_color=&#8220;#014a5a&#8220; open_toggle_background_color=&#8220;#bfbdbb&#8220; icon_color=&#8220;#c0100e&#8220; use_icon_font_size=&#8220;on&#8220; icon_font_size=&#8220;12px&#8220; _builder_version=&#8220;4.27.3&#8243; toggle_text_color=&#8220;#014a5a&#8220; toggle_font=&#8220;|600|||||||&#8220; toggle_font_size=&#8220;18px&#8220; toggle_letter_spacing=&#8220;-0.32px&#8220; body_font=&#8220;Roboto Flex||||||||&#8220; body_text_color=&#8220;#666666&#8243; body_font_size=&#8220;16px&#8220; body_line_height=&#8220;1.8em&#8220; background_color=&#8220;rgba(255,255,255,0.51)&#8220; custom_margin=&#8220;20px||||false|false&#8220; toggle_line_height_tablet=&#8220;&#8220; toggle_line_height_phone=&#8220;1.5em&#8220; toggle_line_height_last_edited=&#8220;on|phone&#8220; border_color_all=&#8220;#ECE9E3&#8243; global_colors_info=&#8220;{}&#8220;][et_pb_accordion_item title=&#8220;Verf\u00fcgbare Gr\u00f6\u00dfen&#8220; open=&#8220;on&#8220; open_toggle_background_color=&#8220;#f1f5f6&#8243; closed_toggle_background_color=&#8220;#bfbdbb&#8220; icon_color=&#8220;RGBA(255,255,255,0)&#8220; _builder_version=&#8220;4.27.3&#8243; global_colors_info=&#8220;{}&#8220; open_toggle_background_color__hover_enabled=&#8220;on|desktop&#8220; open_toggle_background_color__hover=&#8220;#f1f5f6&#8243;]<\/p>\n<p><span>Gewinde 1\u2019\u20191\/4<\/span><\/p>\n<p>[\/et_pb_accordion_item][\/et_pb_accordion][et_pb_button button_text=&#8220;Bestellen&#8220; button_alignment=&#8220;left&#8220; _builder_version=&#8220;4.27.4&#8243; _module_preset=&#8220;default&#8220; custom_button=&#8220;on&#8220; button_text_size=&#8220;15px&#8220; button_text_color=&#8220;#FFFFFF&#8220; button_bg_color=&#8220;#014a5a&#8220; button_border_radius=&#8220;4px&#8220; button_font=&#8220;Saira|700|||||||&#8220; button_use_icon=&#8220;off&#8220; custom_margin=&#8220;13px|0px|0px|0px|false|false&#8220; custom_padding=&#8220;14px|30px|13px|30px|false|false&#8220; hover_enabled=&#8220;0&#8243; global_colors_info=&#8220;{}&#8220; button_text_color__hover_enabled=&#8220;off|desktop&#8220; button_text_color__hover=&#8220;#1b1a1a&#8220; button_bg_color__hover_enabled=&#8220;off|desktop&#8220; button_bg_color__hover=&#8220;#FFFFFF&#8220; button_bg_enable_color__hover=&#8220;on&#8220; button_letter_spacing__hover=&#8220;0px&#8220; button_letter_spacing__hover_enabled=&#8220;on|hover&#8220; button_url=&#8220;https:\/\/www.hectron.com\/de\/produkt\/filter-automatisch-fur-forage-prago-2\/&#8220; sticky_enabled=&#8220;0&#8243;][\/et_pb_button][\/et_pb_column][\/et_pb_section][et_pb_section fb_built=&#8220;1&#8243; _builder_version=&#8220;4.27.4&#8243; _module_preset=&#8220;default&#8220; background_enable_color=&#8220;off&#8220; custom_margin=&#8220;15px||||false|false&#8220; box_shadow_style=&#8220;preset1&#8243; global_colors_info=&#8220;{}&#8220;][et_pb_row column_structure=&#8220;2_3,1_3&#8243; use_custom_gutter=&#8220;on&#8220; gutter_width=&#8220;1&#8243; make_equal=&#8220;on&#8220; _builder_version=&#8220;4.27.0&#8243; _module_preset=&#8220;default&#8220; width=&#8220;90%&#8220; max_width=&#8220;1170px&#8220; custom_margin=&#8220;0px||0px||false|false&#8220; custom_padding=&#8220;0px||0px||false|false&#8220; global_colors_info=&#8220;{}&#8220;][et_pb_column type=&#8220;2_3&#8243; _builder_version=&#8220;4.21.0&#8243; _module_preset=&#8220;default&#8220; custom_padding=&#8220;|24px|||false|false&#8220; custom_padding_tablet=&#8220;|24px|||false|false&#8220; custom_padding_phone=&#8220;|0px|||false|false&#8220; custom_padding_last_edited=&#8220;on|phone&#8220; border_width_right=&#8220;1px&#8220; border_color_right=&#8220;#e1e1e1&#8243; border_width_right_tablet=&#8220;0px&#8220; border_width_right_phone=&#8220;0px&#8220; border_width_right_last_edited=&#8220;on|tablet&#8220; global_colors_info=&#8220;{}&#8220;][et_pb_blurb title=&#8220;Alle selbstreinigenden Hectron-Filter werden von unserem Konstruktionsb\u00fcro entwickelt. Sie werden anschlie\u00dfend in unserer Werkstatt in Nizza montiert und getestet. &#8220; image=&#8220;https:\/\/www.hectron.com\/wp-content\/uploads\/2024\/07\/Design-sans-titre-36.png&#8220; icon_placement=&#8220;left&#8220; image_icon_width=&#8220;82px&#8220; content_max_width=&#8220;100%&#8220; image_icon_width_tablet=&#8220;82px&#8220; image_icon_width_phone=&#8220;60px&#8220; image_icon_width_last_edited=&#8220;on|phone&#8220; _builder_version=&#8220;4.27.0&#8243; _module_preset=&#8220;default&#8220; header_level=&#8220;h6&#8243; header_font=&#8220;Roboto Flex||||||||&#8220; header_text_align=&#8220;left&#8220; header_text_color=&#8220;#7a7a7a&#8220; header_font_size=&#8220;17px&#8220; header_line_height=&#8220;1.6em&#8220; image_icon_custom_margin=&#8220;0px||0px||false|false&#8220; image_icon_custom_padding=&#8220;0px||0px||false|false&#8220; custom_margin=&#8220;0px||0px|80px|false|false&#8220; custom_margin_tablet=&#8220;0px||30px|0px|false|false&#8220; custom_margin_phone=&#8220;||15px||false|false&#8220; custom_margin_last_edited=&#8220;on|tablet&#8220; custom_padding=&#8220;0px||0px||false|false&#8220; animation=&#8220;off&#8220; custom_css_blurb_title=&#8220;margin-top:13px;&#8220; custom_css_blurb_content=&#8220;margin:0px;&#8220; global_colors_info=&#8220;{}&#8220; custom_css_blurb_title_last_edited=&#8220;on|phone&#8220; custom_css_blurb_title_phone=&#8220;margin-top:0px;&#8220; custom_css_blurb_title_tablet=&#8220;margin-top:13px;&#8220;][\/et_pb_blurb][\/et_pb_column][et_pb_column type=&#8220;1_3&#8243; _builder_version=&#8220;4.21.0&#8243; _module_preset=&#8220;default&#8220; custom_padding=&#8220;|||26px|false|false&#8220; custom_padding_tablet=&#8220;|||0px|false|false&#8220; custom_padding_phone=&#8220;|||0px|false|false&#8220; custom_padding_last_edited=&#8220;on|tablet&#8220; global_colors_info=&#8220;{}&#8220;][et_pb_blurb title=&#8220;Haben Sie Fragen? &#8220; icon_placement=&#8220;left&#8220; image_icon_width=&#8220;60px&#8220; _builder_version=&#8220;4.27.0&#8243; _module_preset=&#8220;default&#8220; header_font=&#8220;Roboto Flex||||||||&#8220; header_text_align=&#8220;left&#8220; header_text_color=&#8220;#666666&#8243; header_font_size=&#8220;17px&#8220; body_font=&#8220;Saira|800|||||||&#8220; body_text_align=&#8220;left&#8220; body_text_color=&#8220;#014a5a&#8220; body_font_size=&#8220;25px&#8220; image_icon_custom_margin=&#8220;0px||0px||false|false&#8220; image_icon_custom_padding=&#8220;0px||0px||false|false&#8220; custom_margin=&#8220;12px||0px||false|false&#8220; custom_padding=&#8220;0px||0px||false|false&#8220; animation=&#8220;off&#8220; custom_css_blurb_title=&#8220;margin-bottom:2px;||margin-top:3px;&#8220; custom_css_blurb_content=&#8220;margin:0px;&#8220; global_colors_info=&#8220;{}&#8220;]<\/p>\n<p>04 93 97 02 42<\/p>\n<p>[\/et_pb_blurb][\/et_pb_column][\/et_pb_row][\/et_pb_section]<\/p>\n","protected":false},"excerpt":{"rendered":"<p>pRAGO 2SELBSTREINIGENDER FILTER F\u00dcR BRUNNENDer Prago-Filter bietet eine wirtschaftliche und 100% selbstreinigende L\u00f6sung f\u00fcr die Filtration von Brauch- und Brunnenwasser. Ausgestattet mit einem 100, 200 oder 300 Mikron Filtersieb, ist dieser Wasserfilter sehr effizient bei sandhaltigem Wasser, um eine Haushaltsanlage, eine W\u00e4rmepumpe oder ein Bew\u00e4sserungsnetz zu sch\u00fctzen. Die Installation ist besonders einfach: Dieser Filter wird [&hellip;]<\/p>\n","protected":false},"author":4,"featured_media":0,"parent":0,"menu_order":0,"comment_status":"closed","ping_status":"closed","template":"","meta":{"_et_pb_use_builder":"on","_et_pb_old_content":"","_et_gb_content_width":"","om_disable_all_campaigns":false,"_monsterinsights_skip_tracking":false,"_monsterinsights_sitenote_active":false,"_monsterinsights_sitenote_note":"","_monsterinsights_sitenote_category":0,"footnotes":""},"class_list":["post-231275","page","type-page","status-publish","hentry"],"aioseo_notices":[],"_links":{"self":[{"href":"https:\/\/www.hectron.com\/de\/wp-json\/wp\/v2\/pages\/231275","targetHints":{"allow":["GET"]}}],"collection":[{"href":"https:\/\/www.hectron.com\/de\/wp-json\/wp\/v2\/pages"}],"about":[{"href":"https:\/\/www.hectron.com\/de\/wp-json\/wp\/v2\/types\/page"}],"author":[{"embeddable":true,"href":"https:\/\/www.hectron.com\/de\/wp-json\/wp\/v2\/users\/4"}],"replies":[{"embeddable":true,"href":"https:\/\/www.hectron.com\/de\/wp-json\/wp\/v2\/comments?post=231275"}],"version-history":[{"count":10,"href":"https:\/\/www.hectron.com\/de\/wp-json\/wp\/v2\/pages\/231275\/revisions"}],"predecessor-version":[{"id":322799,"href":"https:\/\/www.hectron.com\/de\/wp-json\/wp\/v2\/pages\/231275\/revisions\/322799"}],"wp:attachment":[{"href":"https:\/\/www.hectron.com\/de\/wp-json\/wp\/v2\/media?parent=231275"}],"curies":[{"name":"wp","href":"https:\/\/api.w.org\/{rel}","templated":true}]}}