{"id":231314,"date":"2024-09-26T14:14:07","date_gmt":"2024-09-26T12:14:07","guid":{"rendered":"https:\/\/www.hectron.com\/brunnen-und-bohrungen\/"},"modified":"2025-07-17T16:20:18","modified_gmt":"2025-07-17T14:20:18","slug":"brunnen-und-bohrloecher","status":"publish","type":"page","link":"https:\/\/www.hectron.com\/de\/brunnen-und-bohrloecher\/","title":{"rendered":"Brunnen und Bohrl\u00f6cher"},"content":{"rendered":"<p>[et_pb_section fb_built=&#8220;1&#8243; _builder_version=&#8220;4.16&#8243; custom_padding=&#8220;56px||56px||true|&#8220; global_colors_info=&#8220;{}&#8220;][et_pb_row _builder_version=&#8220;4.21.0&#8243; _module_preset=&#8220;default&#8220; width=&#8220;90%&#8220; max_width=&#8220;1170px&#8220; custom_margin=&#8220;0px||29px||false|false&#8220; custom_padding=&#8220;0px||0px||false|false&#8220; global_colors_info=&#8220;{}&#8220;][et_pb_column type=&#8220;4_4&#8243; _builder_version=&#8220;4.21.0&#8243; _module_preset=&#8220;default&#8220; global_colors_info=&#8220;{}&#8220;][et_pb_text _builder_version=&#8220;4.27.0&#8243; _module_preset=&#8220;default&#8220; header_4_font=&#8220;Saira|700||on|||||&#8220; header_4_text_align=&#8220;center&#8220; header_4_text_color=&#8220;#c0100e&#8220; header_4_font_size=&#8220;25px&#8220; custom_margin=&#8220;0px||4px||false|false&#8220; custom_padding=&#8220;0px||0px||false|false&#8220; global_colors_info=&#8220;{}&#8220;]<\/p>\n<h4>Individuell<\/h4>\n<p>[\/et_pb_text][et_pb_text _builder_version=&#8220;4.27.4&#8243; _module_preset=&#8220;default&#8220; header_2_font=&#8220;Saira|700|||||||&#8220; header_2_text_align=&#8220;center&#8220; header_2_text_color=&#8220;#014a5a&#8220; header_2_font_size=&#8220;43px&#8220; header_2_letter_spacing=&#8220;-1px&#8220; header_2_line_height=&#8220;1.2em&#8220; custom_margin=&#8220;0px||0px||false|false&#8220; custom_padding=&#8220;0px||0px||false|false&#8220; header_2_font_size_tablet=&#8220;43px&#8220; header_2_font_size_phone=&#8220;30px&#8220; header_2_font_size_last_edited=&#8220;on|phone&#8220; global_colors_info=&#8220;{}&#8220;]<\/p>\n<h2>Filter f\u00fcr Bohrl\u00f6cher<\/h2>\n<p>[\/et_pb_text][\/et_pb_column][\/et_pb_row][et_pb_row column_structure=&#8220;1_2,1_2&#8243; use_custom_gutter=&#8220;on&#8220; gutter_width=&#8220;1&#8243; make_equal=&#8220;on&#8220; _builder_version=&#8220;4.27.4&#8243; width_tablet=&#8220;90%&#8220; width_phone=&#8220;90%&#8220; width_last_edited=&#8220;off|desktop&#8220; max_width_tablet=&#8220;90%&#8220; max_width_phone=&#8220;90%&#8220; max_width_last_edited=&#8220;off|desktop&#8220; custom_padding=&#8220;0px||0px||true|false&#8220; hover_enabled=&#8220;0&#8243; box_shadow_style=&#8220;preset1&#8243; box_shadow_vertical=&#8220;11px&#8220; box_shadow_blur=&#8220;58px&#8220; box_shadow_color=&#8220;rgba(158,158,158,0.3)&#8220; global_colors_info=&#8220;{}&#8220; sticky_enabled=&#8220;0&#8243;][et_pb_column type=&#8220;1_2&#8243; _builder_version=&#8220;4.27.4&#8243; background_image=&#8220;https:\/\/www.hectron.com\/wp-content\/uploads\/2025\/07\/AdobeStock_594644391-redim.jpeg&#8220; hover_enabled=&#8220;0&#8243; global_colors_info=&#8220;{}&#8220; title_text=&#8220;Automatic watering system on the lawn. watering heads and pipes&#8220; sticky_enabled=&#8220;0&#8243;][et_pb_divider show_divider=&#8220;off&#8220; disabled_on=&#8220;off|off|on&#8220; _builder_version=&#8220;4.16&#8243; custom_padding=&#8220;28%||28%||true|false&#8220; global_colors_info=&#8220;{}&#8220;][\/et_pb_divider][\/et_pb_column][et_pb_column type=&#8220;1_2&#8243; _builder_version=&#8220;4.16&#8243; background_color=&#8220;#ffffff&#8220; custom_padding=&#8220;70px|50px|70px|50px|true|true&#8220; global_colors_info=&#8220;{}&#8220;][et_pb_text _builder_version=&#8220;4.27.4&#8243; text_font=&#8220;Roboto Flex||||||||&#8220; text_text_color=&#8220;#666666&#8243; text_font_size=&#8220;16px&#8220; text_line_height=&#8220;1.8em&#8220; module_alignment=&#8220;center&#8220; custom_margin=&#8220;9px||||false|false&#8220; text_text_align=&#8220;left&#8220; global_colors_info=&#8220;{}&#8220;]<\/p>\n<p>Das Anlegen einer Wasserbohrung bringt im Vergleich zu Leitungswasser erhebliche Einsparungen mit sich, unabh\u00e4ngig davon, ob das Wasser f\u00fcr eine W\u00e4rmepumpe, zur Bew\u00e4sserung oder zur Versorgung des Hauses verwendet wird.<\/p>\n<p>Bei Vorhandensein von Lehm, Schluff oder Sand ist eine Filterung erforderlich. Mit den automatischen L\u00f6sungen von Hectron entfallen der Zeitdruck und die Kosten f\u00fcr den Austausch von Filterpatronen. <\/p>\n<p>Die folgenden Materialien eignen sich auch f\u00fcr professionelle Anwendungen wie Autowaschanlagen.<\/p>\n<p>[\/et_pb_text][\/et_pb_column][\/et_pb_row][\/et_pb_section][et_pb_section fb_built=&#8220;1&#8243; _builder_version=&#8220;4.27.0&#8243; _module_preset=&#8220;default&#8220; background_color=&#8220;#f1f5f6&#8243; custom_padding=&#8220;25px|||||&#8220; global_colors_info=&#8220;{}&#8220;][et_pb_row _builder_version=&#8220;4.27.0&#8243; _module_preset=&#8220;default&#8220; global_colors_info=&#8220;{}&#8220;][et_pb_column type=&#8220;4_4&#8243; _builder_version=&#8220;4.27.0&#8243; _module_preset=&#8220;default&#8220; global_colors_info=&#8220;{}&#8220;][et_pb_text _builder_version=&#8220;4.27.0&#8243; _module_preset=&#8220;default&#8220; header_2_font=&#8220;Saira|700|||||||&#8220; header_2_text_align=&#8220;center&#8220; header_2_text_color=&#8220;#014a5a&#8220; header_2_font_size=&#8220;43px&#8220; header_2_letter_spacing=&#8220;-1px&#8220; header_2_line_height=&#8220;1.2em&#8220; custom_margin=&#8220;0px||0px||false|false&#8220; custom_padding=&#8220;0px||0px||false|false&#8220; header_2_font_size_tablet=&#8220;43px&#8220; header_2_font_size_phone=&#8220;30px&#8220; header_2_font_size_last_edited=&#8220;on|phone&#8220; global_colors_info=&#8220;{}&#8220;]<\/p>\n<h2>GEEIGNETES MATERIAL<\/h2>\n<p>[\/et_pb_text][\/et_pb_column][\/et_pb_row][et_pb_row column_structure=&#8220;1_2,1_2&#8243; use_custom_gutter=&#8220;on&#8220; gutter_width=&#8220;2&#8243; make_equal=&#8220;on&#8220; _builder_version=&#8220;4.27.0&#8243; width=&#8220;90%&#8220; width_tablet=&#8220;90%&#8220; width_phone=&#8220;90%&#8220; width_last_edited=&#8220;on|phone&#8220; max_width_tablet=&#8220;90%&#8220; max_width_phone=&#8220;90%&#8220; max_width_last_edited=&#8220;off|desktop&#8220; custom_padding=&#8220;0px||0px||false|false&#8220; global_colors_info=&#8220;{}&#8220;][et_pb_column type=&#8220;1_2&#8243; _builder_version=&#8220;4.18.0&#8243; background_color=&#8220;#ffffff&#8220; transform_translate_linked__hover=&#8220;off&#8220; custom_padding=&#8220;40px|40px|40px|40px|true|true&#8220; box_shadow_style=&#8220;preset1&#8243; box_shadow_blur=&#8220;63px&#8220; box_shadow_color=&#8220;rgba(181,181,181,0.3)&#8220; global_colors_info=&#8220;{}&#8220; transform_styles__hover_enabled=&#8220;off|desktop&#8220; transform_scale__hover_enabled=&#8220;off|desktop&#8220; transform_translate__hover_enabled=&#8220;off|desktop&#8220; transform_rotate__hover_enabled=&#8220;off|desktop&#8220; transform_skew__hover_enabled=&#8220;off|desktop&#8220; transform_origin__hover_enabled=&#8220;off|desktop&#8220; transform_translate__hover=&#8220;0px|-10px&#8220; box_shadow_vertical__hover_enabled=&#8220;on|hover&#8220; box_shadow_vertical__hover=&#8220;12px&#8220; box_shadow_color__hover_enabled=&#8220;on|hover&#8220; box_shadow_color__hover=&#8220;rgba(150,150,150,0.3)&#8220; box_shadow_blur__hover_enabled=&#8220;on|hover&#8220; box_shadow_blur__hover=&#8220;80px&#8220;][et_pb_image src=&#8220;https:\/\/www.hectron.com\/wp-content\/uploads\/2024\/10\/Design-sans-titre-2024-10-31T090344.353.png&#8220; title_text=&#8220;Prago2&#8243; _builder_version=&#8220;4.27.2&#8243; _module_preset=&#8220;default&#8220; global_colors_info=&#8220;{}&#8220;][\/et_pb_image][et_pb_text _builder_version=&#8220;4.27.0&#8243; text_font=&#8220;Poppins|700|||||||&#8220; text_text_color=&#8220;#014a5a&#8220; text_font_size=&#8220;20px&#8220; text_line_height=&#8220;29px&#8220; module_alignment=&#8220;left&#8220; custom_margin=&#8220;29px||||false|false&#8220; link_option_url=&#8220;#&#8220; global_colors_info=&#8220;{}&#8220; text_text_color__hover_enabled=&#8220;off|desktop&#8220; text_text_color__hover=&#8220;#ff5e14&#8243;]<\/p>\n<p><b><span>PRAGO<\/span>-SELBSTREINIGENDE FILTER<\/b><b><\/b><\/p>\n<p>[\/et_pb_text][et_pb_divider color=&#8220;#E7EBEF&#8220; divider_weight=&#8220;2px&#8220; _builder_version=&#8220;4.16&#8243; custom_margin=&#8220;30px||||false|false&#8220; global_colors_info=&#8220;{}&#8220;][\/et_pb_divider][et_pb_text _builder_version=&#8220;4.27.0&#8243; _module_preset=&#8220;default&#8220; text_font=&#8220;Roboto Flex||||||||&#8220; text_text_color=&#8220;#666666&#8243; text_font_size=&#8220;16px&#8220; text_line_height=&#8220;1.5em&#8220; custom_margin=&#8220;0px||17px||false|false&#8220; custom_padding=&#8220;0px||0px||false|false&#8220; global_colors_info=&#8220;{}&#8220;]<\/p>\n<div class=\"elementor-element elementor-element-3ba63a1 elementor-widget elementor-widget-text-editor\" data-id=\"3ba63a1\" data-element_type=\"widget\" data-widget_type=\"text-editor.default\">\n<div class=\"elementor-widget-container\">\n<div class=\"elementor-text-editor elementor-clearfix\">\n<p><strong><span>Filtrationsqualit\u00e4t<\/span><\/strong><\/p>\n<\/div>\n<\/div>\n<\/div>\n<div class=\"elementor-element elementor-element-516359d elementor--star-style-star_unicode elementor-widget elementor-widget-star-rating\" data-id=\"516359d\" data-element_type=\"widget\" data-widget_type=\"star-rating.default\">\n<div class=\"elementor-widget-container\">\n<div class=\"elementor-star-rating__wrapper\">\n<div class=\"elementor-star-rating\" title=\"3\/5\"><span>\u2605\u2605\u2605<\/span><\/div>\n<\/div>\n<\/div>\n<\/div>\n<div class=\"elementor-element elementor-element-c1475e8 elementor-icon-list--layout-traditional elementor-list-item-link-full_width elementor-widget elementor-widget-icon-list\" data-id=\"c1475e8\" data-element_type=\"widget\" data-widget_type=\"icon-list.default\">\n<div class=\"elementor-widget-container\">\n<p><span class=\"elementor-icon-list-text\">Filterfeinheit ab 100 Mikron<\/span><\/p>\n<p><span class=\"elementor-icon-list-text\"><\/span><\/p>\n<div class=\"elementor-element elementor-element-7d12171 elementor-widget elementor-widget-text-editor\" data-id=\"7d12171\" data-element_type=\"widget\" data-widget_type=\"text-editor.default\">\n<div class=\"elementor-widget-container\">\n<div class=\"elementor-text-editor elementor-clearfix\">\n<p><strong><span>Wartung<\/span><\/strong><\/p>\n<\/div>\n<\/div>\n<\/div>\n<div class=\"elementor-element elementor-element-83b5d19 elementor--star-style-star_unicode elementor-widget elementor-widget-star-rating\" data-id=\"83b5d19\" data-element_type=\"widget\" data-widget_type=\"star-rating.default\">\n<div class=\"elementor-widget-container\">\n<div class=\"elementor-star-rating__wrapper\">\n<div class=\"elementor-star-rating\" title=\"4\/5\"><span>\u2605\u2605\u2605\u2605<\/span><\/div>\n<\/div>\n<\/div>\n<\/div>\n<div class=\"elementor-element elementor-element-87059c3 elementor-icon-list--layout-traditional elementor-list-item-link-full_width elementor-widget elementor-widget-icon-list\" data-id=\"87059c3\" data-element_type=\"widget\" data-widget_type=\"icon-list.default\">\n<div class=\"elementor-widget-container\">\n<p><span class=\"elementor-icon-list-text\">100% selbstreinigend<\/span><\/p>\n<\/div>\n<\/div>\n<\/div>\n<\/div>\n<p>[\/et_pb_text][et_pb_button button_url=&#8220;@ET-DC@eyJkeW5hbWljIjp0cnVlLCJjb250ZW50IjoicG9zdF9saW5rX3VybF9wYWdlIiwic2V0dGluZ3MiOnsicG9zdF9pZCI6IjgwOTg1IiwiZW5hYmxlX2h0bWwiOiJvZmYifX0=@&#8220; button_text=&#8220;Zu den produkten&#8220; button_alignment=&#8220;left&#8220; _builder_version=&#8220;4.27.2&#8243; _dynamic_attributes=&#8220;button_url&#8220; _module_preset=&#8220;default&#8220; custom_button=&#8220;on&#8220; button_text_size=&#8220;15px&#8220; button_text_color=&#8220;#FFFFFF&#8220; button_bg_color=&#8220;#c0100e&#8220; button_border_width=&#8220;0px&#8220; button_border_radius=&#8220;4px&#8220; button_font=&#8220;Saira|700|||||||&#8220; button_use_icon=&#8220;off&#8220; custom_margin=&#8220;21px|||||&#8220; custom_padding=&#8220;14px|30px|13px|30px|false|false&#8220; global_colors_info=&#8220;{}&#8220; button_text_color__hover_enabled=&#8220;off|desktop&#8220; button_text_color__hover=&#8220;#1b1a1a&#8220; button_bg_color__hover_enabled=&#8220;off|desktop&#8220; button_bg_color__hover=&#8220;#FFFFFF&#8220; button_bg_enable_color__hover=&#8220;on&#8220; button_letter_spacing__hover=&#8220;0px&#8220; button_letter_spacing__hover_enabled=&#8220;on|hover&#8220;][\/et_pb_button][\/et_pb_column][et_pb_column type=&#8220;1_2&#8243; _builder_version=&#8220;4.16&#8243; background_color=&#8220;#ffffff&#8220; custom_padding=&#8220;40px|40px|40px|40px|true|true&#8220; box_shadow_style=&#8220;preset1&#8243; box_shadow_blur=&#8220;63px&#8220; box_shadow_color=&#8220;rgba(181,181,181,0.3)&#8220; global_colors_info=&#8220;{}&#8220; transform_styles__hover_enabled=&#8220;on|hover&#8220; box_shadow_vertical__hover_enabled=&#8220;on|hover&#8220; box_shadow_vertical__hover=&#8220;12px&#8220; box_shadow_color__hover_enabled=&#8220;on|hover&#8220; box_shadow_color__hover=&#8220;rgba(150,150,150,0.3)&#8220; box_shadow_blur__hover_enabled=&#8220;on|hover&#8220; box_shadow_blur__hover=&#8220;80px&#8220;][et_pb_image src=&#8220;https:\/\/www.hectron.com\/wp-content\/uploads\/2024\/10\/AG100-1.png&#8220; title_text=&#8220;AG100 (1)&#8220; _builder_version=&#8220;4.27.2&#8243; _module_preset=&#8220;default&#8220; global_colors_info=&#8220;{}&#8220;][\/et_pb_image][et_pb_text _builder_version=&#8220;4.27.4&#8243; text_font=&#8220;Poppins|700|||||||&#8220; text_text_color=&#8220;#014a5a&#8220; text_font_size=&#8220;20px&#8220; text_line_height=&#8220;29px&#8220; module_alignment=&#8220;left&#8220; custom_margin=&#8220;29px||||false|false&#8220; link_option_url=&#8220;#&#8220; global_colors_info=&#8220;{}&#8220; text_text_color__hover_enabled=&#8220;off|desktop&#8220; text_text_color__hover=&#8220;#ff5e14&#8243;]<\/p>\n<p><b><span>AG100<\/span>-SELBSTREINIGENDE FILTER <\/b><\/p>\n<p>[\/et_pb_text][et_pb_divider color=&#8220;#E7EBEF&#8220; divider_weight=&#8220;2px&#8220; _builder_version=&#8220;4.16&#8243; custom_margin=&#8220;30px||||false|false&#8220; global_colors_info=&#8220;{}&#8220;][\/et_pb_divider][et_pb_text _builder_version=&#8220;4.27.0&#8243; _module_preset=&#8220;default&#8220; text_font=&#8220;Roboto Flex||||||||&#8220; text_text_color=&#8220;#666666&#8243; text_font_size=&#8220;16px&#8220; text_line_height=&#8220;1.5em&#8220; custom_margin=&#8220;0px||17px||false|false&#8220; custom_padding=&#8220;0px||0px||false|false&#8220; global_colors_info=&#8220;{}&#8220;]<\/p>\n<div class=\"elementor-element elementor-element-3ba63a1 elementor-widget elementor-widget-text-editor\" data-id=\"3ba63a1\" data-element_type=\"widget\" data-widget_type=\"text-editor.default\">\n<div class=\"elementor-widget-container\">\n<div class=\"elementor-text-editor elementor-clearfix\">\n<p><strong><span>Filtrationsqualit\u00e4t<\/span><\/strong><\/p>\n<\/div>\n<\/div>\n<\/div>\n<div class=\"elementor-element elementor-element-516359d elementor--star-style-star_unicode elementor-widget elementor-widget-star-rating\" data-id=\"516359d\" data-element_type=\"widget\" data-widget_type=\"star-rating.default\">\n<div class=\"elementor-widget-container\">\n<div class=\"elementor-star-rating__wrapper\">\n<div class=\"elementor-star-rating\" title=\"3\/5\">\n<div class=\"elementor-element elementor-element-8de477b elementor--star-style-star_unicode elementor-widget elementor-widget-star-rating\" data-id=\"8de477b\" data-element_type=\"widget\" data-widget_type=\"star-rating.default\">\n<div class=\"elementor-widget-container\">\n<div class=\"elementor-star-rating__wrapper\">\n<div class=\"elementor-star-rating\" title=\"4\/5\"><span>\u2605\u2605\u2605\u2605<\/span><\/div>\n<\/div>\n<\/div>\n<\/div>\n<div class=\"elementor-element elementor-element-1a539b4 elementor-icon-list--layout-traditional elementor-list-item-link-full_width elementor-widget elementor-widget-icon-list\" data-id=\"1a539b4\" data-element_type=\"widget\" data-widget_type=\"icon-list.default\">\n<div class=\"elementor-widget-container\">\n<p><span class=\"elementor-icon-list-text\">Filterfeinheit ab 2 Mikron<\/span><\/p>\n<p><span class=\"elementor-icon-list-text\"><\/span><\/p>\n<div class=\"elementor-element elementor-element-7d12171 elementor-widget elementor-widget-text-editor\" data-id=\"7d12171\" data-element_type=\"widget\" data-widget_type=\"text-editor.default\">\n<div class=\"elementor-widget-container\">\n<div class=\"elementor-text-editor elementor-clearfix\">\n<p><span><strong>Wartung<\/strong><\/span><\/p>\n<\/div>\n<\/div>\n<\/div>\n<div class=\"elementor-element elementor-element-83b5d19 elementor--star-style-star_unicode elementor-widget elementor-widget-star-rating\" data-id=\"83b5d19\" data-element_type=\"widget\" data-widget_type=\"star-rating.default\">\n<div class=\"elementor-widget-container\">\n<div class=\"elementor-star-rating__wrapper\">\n<div class=\"elementor-star-rating\" title=\"4\/5\">\n<div class=\"elementor-element elementor-element-5bb9190 elementor--star-style-star_unicode elementor-widget elementor-widget-star-rating\" data-id=\"5bb9190\" data-element_type=\"widget\" data-widget_type=\"star-rating.default\">\n<div class=\"elementor-widget-container\">\n<div class=\"elementor-star-rating__wrapper\">\n<div class=\"elementor-star-rating\" title=\"4\/5\"><span>\u2605\u2605\u2605\u2605<\/span><\/div>\n<\/div>\n<\/div>\n<\/div>\n<div class=\"elementor-element elementor-element-81ff5e5 elementor-icon-list--layout-traditional elementor-list-item-link-full_width elementor-widget elementor-widget-icon-list\" data-id=\"81ff5e5\" data-element_type=\"widget\" data-widget_type=\"icon-list.default\">\n<div class=\"elementor-widget-container\">\n<p><span class=\"elementor-icon-list-text\">100% selbstreinigend<\/span><\/p>\n<\/div>\n<\/div>\n<\/div>\n<\/div>\n<\/div>\n<\/div>\n<\/div>\n<\/div>\n<\/div>\n<\/div>\n<\/div>\n<\/div>\n<p>[\/et_pb_text][et_pb_button button_url=&#8220;@ET-DC@eyJkeW5hbWljIjp0cnVlLCJjb250ZW50IjoicG9zdF9saW5rX3VybF9wYWdlIiwic2V0dGluZ3MiOnsicG9zdF9pZCI6IjIzMTExMiIsImVuYWJsZV9odG1sIjoib2ZmIn19@&#8220; button_text=&#8220;Zu den produkten&#8220; button_alignment=&#8220;left&#8220; _builder_version=&#8220;4.27.4&#8243; _dynamic_attributes=&#8220;button_url&#8220; _module_preset=&#8220;default&#8220; custom_button=&#8220;on&#8220; button_text_size=&#8220;15px&#8220; button_text_color=&#8220;#FFFFFF&#8220; button_bg_color=&#8220;#c0100e&#8220; button_border_width=&#8220;0px&#8220; button_border_radius=&#8220;4px&#8220; button_font=&#8220;Saira|700|||||||&#8220; button_use_icon=&#8220;off&#8220; custom_margin=&#8220;21px|||||&#8220; custom_padding=&#8220;14px|30px|13px|30px|false|false&#8220; global_colors_info=&#8220;{}&#8220; button_text_color__hover_enabled=&#8220;off|desktop&#8220; button_text_color__hover=&#8220;#1b1a1a&#8220; button_bg_color__hover_enabled=&#8220;off|desktop&#8220; button_bg_color__hover=&#8220;#FFFFFF&#8220; button_bg_enable_color__hover=&#8220;on&#8220; button_letter_spacing__hover=&#8220;0px&#8220; button_letter_spacing__hover_enabled=&#8220;on|hover&#8220;][\/et_pb_button][\/et_pb_column][\/et_pb_row][\/et_pb_section][et_pb_section fb_built=&#8220;1&#8243; _builder_version=&#8220;4.16&#8243; custom_padding=&#8220;80px|0px|80px|0px|true|false&#8220; global_colors_info=&#8220;{}&#8220;][et_pb_row _builder_version=&#8220;4.21.0&#8243; _module_preset=&#8220;default&#8220; width=&#8220;90%&#8220; max_width=&#8220;1170px&#8220; custom_margin=&#8220;0px||29px||false|false&#8220; custom_padding=&#8220;0px||0px||false|false&#8220; global_colors_info=&#8220;{}&#8220;][et_pb_column type=&#8220;4_4&#8243; _builder_version=&#8220;4.21.0&#8243; _module_preset=&#8220;default&#8220; global_colors_info=&#8220;{}&#8220;][et_pb_text _builder_version=&#8220;4.27.0&#8243; _module_preset=&#8220;default&#8220; header_4_font=&#8220;Saira|700||on|||||&#8220; header_4_text_align=&#8220;center&#8220; header_4_text_color=&#8220;#c0100e&#8220; header_4_font_size=&#8220;25px&#8220; custom_margin=&#8220;0px||4px||false|false&#8220; custom_padding=&#8220;0px||0px||false|false&#8220; global_colors_info=&#8220;{}&#8220;]<\/p>\n<h4>FAQ<\/h4>\n<p>[\/et_pb_text][et_pb_text _builder_version=&#8220;4.27.0&#8243; _module_preset=&#8220;default&#8220; header_2_font=&#8220;Saira|700|||||||&#8220; header_2_text_align=&#8220;center&#8220; header_2_text_color=&#8220;#014a5a&#8220; header_2_font_size=&#8220;43px&#8220; header_2_letter_spacing=&#8220;-1px&#8220; header_2_line_height=&#8220;1.2em&#8220; custom_margin=&#8220;0px||0px||false|false&#8220; custom_padding=&#8220;0px||0px||false|false&#8220; header_2_font_size_tablet=&#8220;43px&#8220; header_2_font_size_phone=&#8220;30px&#8220; header_2_font_size_last_edited=&#8220;on|phone&#8220; global_colors_info=&#8220;{}&#8220;]<\/p>\n<h2>FRAGEN \/ ANTWORTEN<\/h2>\n<p>[\/et_pb_text][\/et_pb_column][\/et_pb_row][et_pb_row _builder_version=&#8220;4.16&#8243; global_colors_info=&#8220;{}&#8220;][et_pb_column type=&#8220;4_4&#8243; _builder_version=&#8220;4.16&#8243; custom_padding=&#8220;|||&#8220; global_colors_info=&#8220;{}&#8220; custom_padding__hover=&#8220;|||&#8220;][et_pb_accordion open_toggle_text_color=&#8220;#014a5a&#8220; open_toggle_background_color=&#8220;rgba(0,0,0,0)&#8220; closed_toggle_text_color=&#8220;#014a5a&#8220; closed_toggle_background_color=&#8220;#f1f5f6&#8243; icon_color=&#8220;#014a5a&#8220; _builder_version=&#8220;4.27.0&#8243; toggle_text_color=&#8220;#014a5a&#8220; toggle_font=&#8220;|600|||||||&#8220; toggle_font_size=&#8220;17px&#8220; toggle_line_height=&#8220;1.4em&#8220; closed_toggle_font=&#8220;Poppins|600|||||||&#8220; closed_toggle_font_size=&#8220;15px&#8220; closed_toggle_line_height=&#8220;1.4em&#8220; body_font=&#8220;Roboto Flex||||||||&#8220; body_font_size=&#8220;16px&#8220; body_line_height=&#8220;1.8em&#8220; text_orientation=&#8220;left&#8220; custom_padding=&#8220;|||&#8220; border_width_all=&#8220;0px&#8220; global_colors_info=&#8220;{}&#8220; open_toggle_text_color__hover_enabled=&#8220;on|desktop&#8220; open_toggle_text_color__hover=&#8220;#014a5a&#8220;][et_pb_accordion_item title=&#8220;Welchen Schutz f\u00fcr eine Grundwasserw\u00e4rmepumpe?&#8220; open=&#8220;on&#8220; _builder_version=&#8220;4.27.0&#8243; global_colors_info=&#8220;{}&#8220;]<\/p>\n<p><span>Rohrw\u00e4rmetauscher ben\u00f6tigen in der Regel keinen Schutz. Plattenw\u00e4rmetauscher sind effizienter, aber auch empfindlicher bei Verschmutzungen. W\u00e4hlen Sie bei Sand im Wasser einen Hydrozyklon oder einen Prago. Bei erdhaltigem oder tonhaltigem Wasser ist eine feinere Filtration erforderlich, um Ablagerungen zu vermeiden. Die AG100-L\u00f6sung wird hier am h\u00e4ufigsten empfohlen.    <\/span><\/p>\n<p>[\/et_pb_accordion_item][et_pb_accordion_item title=&#8220;Ist es m\u00f6glich, das Wasser aus dem eigenen Brunnen zu trinken?&#8220; _builder_version=&#8220;4.27.0&#8243; global_colors_info=&#8220;{}&#8220; open=&#8220;off&#8220;]<\/p>\n<p><span>Der Filtrationsschritt entfernt Ablagerungen und die Verf\u00e4rbung aus dem Wasser. Es ist jedoch wichtig, nach dem Filter ein System gegen Bakterien, normalerweise mit UV, hinzuzuf\u00fcgen. Andere Verunreinigungen k\u00f6nnen vorhanden sein; eine physikalisch-chemische Analyse des Wassers ist daher unerl\u00e4sslich.  <\/span><\/p>\n<p>[\/et_pb_accordion_item][et_pb_accordion_item title=&#8220;Wird der Filter mein Wasser kristallklar machen?&#8220; _builder_version=&#8220;4.27.0&#8243; global_colors_info=&#8220;{}&#8220; open=&#8220;off&#8220;]<\/p>\n<p><span>Farbiges Wasser weist auf sehr feine Schwebstoffe hin. AG100-Filter sind in 90% der F\u00e4lle eine effiziente Abhilfe. Es kann jedoch vorkommen, dass die Schwebstoffe zu fein sind, um mit diesen Filtern entfernt zu werden.<br \/>Bitte senden Sie uns eine Wasserprobe zur \u00dcberpr\u00fcfung zu.  <\/span><\/p>\n<p>[\/et_pb_accordion_item][et_pb_accordion_item title=&#8220;Hydrozyklon oder selbstreinigender Prago 2-Filter?&#8220; _builder_version=&#8220;4.27.0&#8243; global_colors_info=&#8220;{}&#8220; open=&#8220;off&#8220;]<\/p>\n<p><span>Der Prago 2-Filter (100 Mikron) entfernt mehr Material als ein Hydrozyklon. Der Hauptunterschied liegt jedoch in der Wartung: Der Prago ist zu 100% selbstreinigend, w\u00e4hrend ein Hydrozyklon etwa einmal im Monat manuell gereinigt werden muss. <\/span><\/p>\n<p>[\/et_pb_accordion_item][\/et_pb_accordion][\/et_pb_column][\/et_pb_row][\/et_pb_section]<\/p>\n","protected":false},"excerpt":{"rendered":"<p>IndividuellFilter f\u00fcr Bohrl\u00f6cherDas Anlegen einer Wasserbohrung bringt im Vergleich zu Leitungswasser erhebliche Einsparungen mit sich, unabh\u00e4ngig davon, ob das Wasser f\u00fcr eine W\u00e4rmepumpe, zur Bew\u00e4sserung oder zur Versorgung des Hauses verwendet wird. Bei Vorhandensein von Lehm, Schluff oder Sand ist eine Filterung erforderlich. Mit den automatischen L\u00f6sungen von Hectron entfallen der Zeitdruck und die Kosten [&hellip;]<\/p>\n","protected":false},"author":4,"featured_media":0,"parent":0,"menu_order":0,"comment_status":"closed","ping_status":"closed","template":"","meta":{"_et_pb_use_builder":"on","_et_pb_old_content":"","_et_gb_content_width":"","om_disable_all_campaigns":false,"_monsterinsights_skip_tracking":false,"_monsterinsights_sitenote_active":false,"_monsterinsights_sitenote_note":"","_monsterinsights_sitenote_category":0,"footnotes":""},"class_list":["post-231314","page","type-page","status-publish","hentry"],"aioseo_notices":[],"_links":{"self":[{"href":"https:\/\/www.hectron.com\/de\/wp-json\/wp\/v2\/pages\/231314","targetHints":{"allow":["GET"]}}],"collection":[{"href":"https:\/\/www.hectron.com\/de\/wp-json\/wp\/v2\/pages"}],"about":[{"href":"https:\/\/www.hectron.com\/de\/wp-json\/wp\/v2\/types\/page"}],"author":[{"embeddable":true,"href":"https:\/\/www.hectron.com\/de\/wp-json\/wp\/v2\/users\/4"}],"replies":[{"embeddable":true,"href":"https:\/\/www.hectron.com\/de\/wp-json\/wp\/v2\/comments?post=231314"}],"version-history":[{"count":10,"href":"https:\/\/www.hectron.com\/de\/wp-json\/wp\/v2\/pages\/231314\/revisions"}],"predecessor-version":[{"id":321317,"href":"https:\/\/www.hectron.com\/de\/wp-json\/wp\/v2\/pages\/231314\/revisions\/321317"}],"wp:attachment":[{"href":"https:\/\/www.hectron.com\/de\/wp-json\/wp\/v2\/media?parent=231314"}],"curies":[{"name":"wp","href":"https:\/\/api.w.org\/{rel}","templated":true}]}}