{"id":230916,"date":"2024-10-23T10:40:50","date_gmt":"2024-10-23T08:40:50","guid":{"rendered":"https:\/\/www.hectron.com\/filtration-deau-de-mer\/"},"modified":"2025-08-25T15:22:31","modified_gmt":"2025-08-25T13:22:31","slug":"seawater-filtration","status":"publish","type":"page","link":"https:\/\/www.hectron.com\/en\/seawater-filtration\/","title":{"rendered":"Seawater filtration"},"content":{"rendered":"<p>[et_pb_section fb_built=&#8221;1&#8243; _builder_version=&#8221;4.16&#8243; custom_padding=&#8221;56px||56px||true|&#8221; global_colors_info=&#8221;{}&#8221;][et_pb_row _builder_version=&#8221;4.21.0&#8243; _module_preset=&#8221;default&#8221; width=&#8221;90%&#8221; max_width=&#8221;1170px&#8221; custom_margin=&#8221;0px||29px||false|false&#8221; custom_padding=&#8221;0px||0px||false|false&#8221; global_colors_info=&#8221;{}&#8221;][et_pb_column type=&#8221;4_4&#8243; _builder_version=&#8221;4.21.0&#8243; _module_preset=&#8221;default&#8221; global_colors_info=&#8221;{}&#8221;][et_pb_text _builder_version=&#8221;4.27.2&#8243; _module_preset=&#8221;default&#8221; header_4_font=&#8221;Saira|700||on|||||&#8221; header_4_text_align=&#8221;center&#8221; header_4_text_color=&#8221;#c0100e&#8221; header_4_font_size=&#8221;25px&#8221; custom_margin=&#8221;0px||4px||false|false&#8221; custom_padding=&#8221;0px||0px||false|false&#8221; global_colors_info=&#8221;{}&#8221;]<\/p>\n<h4>Filtration<\/h4>\n<p>[\/et_pb_text][et_pb_text _builder_version=&#8221;4.27.2&#8243; _module_preset=&#8221;default&#8221; header_2_font=&#8221;Saira|700|||||||&#8221; header_2_text_align=&#8221;center&#8221; header_2_text_color=&#8221;#014a5a&#8221; header_2_font_size=&#8221;43px&#8221; header_2_letter_spacing=&#8221;-1px&#8221; header_2_line_height=&#8221;1.2em&#8221; custom_margin=&#8221;0px||0px||false|false&#8221; custom_padding=&#8221;0px||0px||false|false&#8221; header_2_font_size_tablet=&#8221;43px&#8221; header_2_font_size_phone=&#8221;30px&#8221; header_2_font_size_last_edited=&#8221;on|phone&#8221; global_colors_info=&#8221;{}&#8221;]<\/p>\n<h2>Sea water<\/h2>\n<p>[\/et_pb_text][\/et_pb_column][\/et_pb_row][et_pb_row column_structure=&#8221;1_2,1_2&#8243; use_custom_gutter=&#8221;on&#8221; gutter_width=&#8221;1&#8243; make_equal=&#8221;on&#8221; _builder_version=&#8221;4.27.4&#8243; width_tablet=&#8221;90%&#8221; width_phone=&#8221;90%&#8221; width_last_edited=&#8221;off|desktop&#8221; max_width_tablet=&#8221;90%&#8221; max_width_phone=&#8221;90%&#8221; max_width_last_edited=&#8221;off|desktop&#8221; custom_padding=&#8221;0px||0px||true|false&#8221; box_shadow_style=&#8221;preset1&#8243; box_shadow_vertical=&#8221;11px&#8221; box_shadow_blur=&#8221;58px&#8221; box_shadow_color=&#8221;rgba(158,158,158,0.3)&#8221; global_colors_info=&#8221;{}&#8221;][et_pb_column type=&#8221;1_2&#8243; _builder_version=&#8221;4.27.4&#8243; background_image=&#8221;https:\/\/www.hectron.com\/wp-content\/uploads\/2025\/01\/applications-hectron-5.webp&#8221; global_colors_info=&#8221;{}&#8221;][et_pb_divider show_divider=&#8221;off&#8221; disabled_on=&#8221;off|off|on&#8221; _builder_version=&#8221;4.16&#8243; custom_padding=&#8221;28%||28%||true|false&#8221; global_colors_info=&#8221;{}&#8221;][\/et_pb_divider][\/et_pb_column][et_pb_column type=&#8221;1_2&#8243; _builder_version=&#8221;4.16&#8243; background_color=&#8221;#ffffff&#8221; custom_padding=&#8221;70px|50px|70px|50px|true|true&#8221; global_colors_info=&#8221;{}&#8221;][et_pb_text _builder_version=&#8221;4.27.4&#8243; text_font=&#8221;Roboto Flex||||||||&#8221; text_text_color=&#8221;#666666&#8243; text_font_size=&#8221;16px&#8221; text_line_height=&#8221;1.8em&#8221; module_alignment=&#8221;center&#8221; custom_margin=&#8221;9px||||false|false&#8221; custom_margin_tablet=&#8221;9px||||false|false&#8221; custom_margin_phone=&#8221;-30px||||false|false&#8221; custom_margin_last_edited=&#8221;on|phone&#8221; text_text_align=&#8221;left&#8221; global_colors_info=&#8221;{}&#8221;]<\/p>\n<p>Hectron has designed filters specifically for seawater, with a metal\/plastic hybrid construction for excellent corrosion resistance.<\/p>\n<p>In desalination installations, our filters are used to protect the high-pressure pumps of reverse osmosis systems. When used as a pre-treatment before cartridge filters, they significantly extend the lifespan of the cartridges. <\/p>\n<p>The protection of plate heat exchangers is another primary application for seawater.<\/p>\n<p>[\/et_pb_text][\/et_pb_column][\/et_pb_row][\/et_pb_section][et_pb_section fb_built=&#8221;1&#8243; _builder_version=&#8221;4.27.0&#8243; _module_preset=&#8221;default&#8221; background_color=&#8221;#f1f5f6&#8243; custom_padding=&#8221;25px|||||&#8221; global_colors_info=&#8221;{}&#8221;][et_pb_row _builder_version=&#8221;4.27.0&#8243; _module_preset=&#8221;default&#8221; global_colors_info=&#8221;{}&#8221;][et_pb_column type=&#8221;4_4&#8243; _builder_version=&#8221;4.27.0&#8243; _module_preset=&#8221;default&#8221; global_colors_info=&#8221;{}&#8221;][et_pb_text _builder_version=&#8221;4.27.0&#8243; _module_preset=&#8221;default&#8221; header_2_font=&#8221;Saira|700|||||||&#8221; header_2_text_align=&#8221;center&#8221; header_2_text_color=&#8221;#014a5a&#8221; header_2_font_size=&#8221;43px&#8221; header_2_letter_spacing=&#8221;-1px&#8221; header_2_line_height=&#8221;1.2em&#8221; custom_margin=&#8221;0px||0px||false|false&#8221; custom_padding=&#8221;0px||0px||false|false&#8221; header_2_font_size_tablet=&#8221;43px&#8221; header_2_font_size_phone=&#8221;30px&#8221; header_2_font_size_last_edited=&#8221;on|phone&#8221; global_colors_info=&#8221;{}&#8221;]<\/p>\n<h2>Suitable equipment<\/h2>\n<p>[\/et_pb_text][\/et_pb_column][\/et_pb_row][et_pb_row column_structure=&#8221;1_2,1_2&#8243; use_custom_gutter=&#8221;on&#8221; gutter_width=&#8221;2&#8243; make_equal=&#8221;on&#8221; _builder_version=&#8221;4.27.4&#8243; width=&#8221;90%&#8221; width_tablet=&#8221;90%&#8221; width_phone=&#8221;80%&#8221; width_last_edited=&#8221;on|phone&#8221; max_width_tablet=&#8221;90%&#8221; max_width_phone=&#8221;90%&#8221; max_width_last_edited=&#8221;off|desktop&#8221; custom_padding=&#8221;0px||0px||false|false&#8221; global_colors_info=&#8221;{}&#8221;][et_pb_column type=&#8221;1_2&#8243; _builder_version=&#8221;4.18.0&#8243; background_color=&#8221;#ffffff&#8221; transform_translate_linked__hover=&#8221;off&#8221; custom_padding=&#8221;40px|40px|40px|40px|true|true&#8221; box_shadow_style=&#8221;preset1&#8243; box_shadow_blur=&#8221;63px&#8221; box_shadow_color=&#8221;rgba(181,181,181,0.3)&#8221; global_colors_info=&#8221;{}&#8221; transform_styles__hover_enabled=&#8221;off|desktop&#8221; transform_scale__hover_enabled=&#8221;off|desktop&#8221; transform_translate__hover_enabled=&#8221;off|desktop&#8221; transform_rotate__hover_enabled=&#8221;off|desktop&#8221; transform_skew__hover_enabled=&#8221;off|desktop&#8221; transform_origin__hover_enabled=&#8221;off|desktop&#8221; transform_translate__hover=&#8221;0px|-10px&#8221; box_shadow_vertical__hover_enabled=&#8221;on|hover&#8221; box_shadow_vertical__hover=&#8221;12px&#8221; box_shadow_color__hover_enabled=&#8221;on|hover&#8221; box_shadow_color__hover=&#8221;rgba(150,150,150,0.3)&#8221; box_shadow_blur__hover_enabled=&#8221;on|hover&#8221; box_shadow_blur__hover=&#8221;80px&#8221;][et_pb_image src=&#8221;https:\/\/www.hectron.com\/wp-content\/uploads\/2024\/12\/Ag200-Mer.png&#8221; title_text=&#8221;Ag200 Seawater&#8221; _builder_version=&#8221;4.27.4&#8243; _module_preset=&#8221;default&#8221; global_colors_info=&#8221;{}&#8221;][\/et_pb_image][et_pb_text _builder_version=&#8221;4.27.2&#8243; text_font=&#8221;Poppins|700|||||||&#8221; text_text_color=&#8221;#014a5a&#8221; text_font_size=&#8221;20px&#8221; text_line_height=&#8221;29px&#8221; module_alignment=&#8221;left&#8221; custom_margin=&#8221;29px||||false|false&#8221; link_option_url=&#8221;#&#8221; global_colors_info=&#8221;{}&#8221; text_text_color__hover_enabled=&#8221;off|desktop&#8221; text_text_color__hover=&#8221;#ff5e14&#8243;]<\/p>\n<p><b>AG AUTOMATIC FILTERS \u2013 Seawater Version<\/b><\/p>\n<p>[\/et_pb_text][et_pb_divider color=&#8221;#E7EBEF&#8221; divider_weight=&#8221;2px&#8221; _builder_version=&#8221;4.16&#8243; custom_margin=&#8221;30px||||false|false&#8221; global_colors_info=&#8221;{}&#8221;][\/et_pb_divider][et_pb_text _builder_version=&#8221;4.27.2&#8243; _module_preset=&#8221;default&#8221; text_font=&#8221;Roboto Flex||||||||&#8221; text_text_color=&#8221;#666666&#8243; text_font_size=&#8221;16px&#8221; text_line_height=&#8221;1.5em&#8221; custom_margin=&#8221;0px||17px||false|false&#8221; custom_padding=&#8221;0px||0px||false|false&#8221; global_colors_info=&#8221;{}&#8221;]<\/p>\n<div class=\"elementor-element elementor-element-3ba63a1 elementor-widget elementor-widget-text-editor\" data-id=\"3ba63a1\" data-element_type=\"widget\" data-widget_type=\"text-editor.default\">\n<div class=\"elementor-widget-container\">\n<div class=\"elementor-text-editor elementor-clearfix\">\n<p>Disponibles \u00e0 partir de 3 microns, ces filtres sont utilis\u00e9s avant filtre \u00e0 cartouche, en protection de pompe haute pression pour osmose inverse.<\/p>\n<p><strong><span>Les +<\/span><\/strong><\/p>\n<\/div>\n<\/div>\n<\/div>\n<div class=\"elementor-element elementor-element-c1475e8 elementor-icon-list--layout-traditional elementor-list-item-link-full_width elementor-widget elementor-widget-icon-list\" data-id=\"c1475e8\" data-element_type=\"widget\" data-widget_type=\"icon-list.default\">\n<div class=\"elementor-widget-container\">\n<p><span>Filtration ultra-fine<\/span><\/p>\n<div class=\"elementor-element elementor-element-83b5d19 elementor--star-style-star_unicode elementor-widget elementor-widget-star-rating\" data-id=\"83b5d19\" data-element_type=\"widget\" data-widget_type=\"star-rating.default\">\n<div class=\"elementor-widget-container\">\n<div class=\"elementor-star-rating__wrapper\">\n<div class=\"elementor-star-rating\" title=\"4\/5\"><\/div>\n<\/div>\n<\/div>\n<\/div>\n<div class=\"elementor-element elementor-element-87059c3 elementor-icon-list--layout-traditional elementor-list-item-link-full_width elementor-widget elementor-widget-icon-list\" data-id=\"87059c3\" data-element_type=\"widget\" data-widget_type=\"icon-list.default\">\n<div class=\"elementor-widget-container\">\n<p><span class=\"elementor-icon-list-text\">100% automatique<\/span><\/p>\n<\/div>\n<\/div>\n<\/div>\n<\/div>\n<p>[\/et_pb_text][et_pb_button button_url=&#8221;https:\/\/www.hectron.com\/en\/seawater-filter\/&#8221; button_text=&#8221;See products&#8221; button_alignment=&#8221;left&#8221; _builder_version=&#8221;4.27.4&#8243; _module_preset=&#8221;default&#8221; custom_button=&#8221;on&#8221; button_text_size=&#8221;15px&#8221; button_text_color=&#8221;#FFFFFF&#8221; button_bg_color=&#8221;#c0100e&#8221; button_border_width=&#8221;0px&#8221; button_border_radius=&#8221;4px&#8221; button_font=&#8221;Saira|700|||||||&#8221; button_use_icon=&#8221;off&#8221; custom_margin=&#8221;21px|||||&#8221; custom_padding=&#8221;14px|30px|13px|30px|false|false&#8221; global_colors_info=&#8221;{}&#8221; button_text_color__hover_enabled=&#8221;off|desktop&#8221; button_text_color__hover=&#8221;#1b1a1a&#8221; button_bg_color__hover_enabled=&#8221;off|desktop&#8221; button_bg_color__hover=&#8221;#FFFFFF&#8221; button_bg_enable_color__hover=&#8221;on&#8221; button_letter_spacing__hover=&#8221;0px&#8221; button_letter_spacing__hover_enabled=&#8221;on|hover&#8221;][\/et_pb_button][\/et_pb_column][et_pb_column type=&#8221;1_2&#8243; _builder_version=&#8221;4.16&#8243; background_color=&#8221;#ffffff&#8221; custom_padding=&#8221;40px|40px|40px|40px|true|true&#8221; box_shadow_style=&#8221;preset1&#8243; box_shadow_blur=&#8221;63px&#8221; box_shadow_color=&#8221;rgba(181,181,181,0.3)&#8221; global_colors_info=&#8221;{}&#8221; transform_styles__hover_enabled=&#8221;on|hover&#8221; box_shadow_vertical__hover_enabled=&#8221;on|hover&#8221; box_shadow_vertical__hover=&#8221;12px&#8221; box_shadow_color__hover_enabled=&#8221;on|hover&#8221; box_shadow_color__hover=&#8221;rgba(150,150,150,0.3)&#8221; box_shadow_blur__hover_enabled=&#8221;on|hover&#8221; box_shadow_blur__hover=&#8221;80px&#8221;][et_pb_image src=&#8221;https:\/\/www.hectron.com\/wp-content\/uploads\/2025\/07\/AM200.png&#8221; title_text=&#8221;AM200&#8243; _builder_version=&#8221;4.27.4&#8243; _module_preset=&#8221;default&#8221; hover_enabled=&#8221;0&#8243; global_colors_info=&#8221;{}&#8221; sticky_enabled=&#8221;0&#8243;][\/et_pb_image][et_pb_text _builder_version=&#8221;4.27.2&#8243; text_font=&#8221;Poppins|700|||||||&#8221; text_text_color=&#8221;#014a5a&#8221; text_font_size=&#8221;20px&#8221; text_line_height=&#8221;29px&#8221; module_alignment=&#8221;left&#8221; custom_margin=&#8221;29px||||false|false&#8221; link_option_url=&#8221;#&#8221; global_colors_info=&#8221;{}&#8221; text_text_color__hover_enabled=&#8221;off|desktop&#8221; text_text_color__hover=&#8221;#ff5e14&#8243;]<\/p>\n<p><b>FILTRE AM200<\/b><\/p>\n<p>[\/et_pb_text][et_pb_divider color=&#8221;#E7EBEF&#8221; divider_weight=&#8221;2px&#8221; _builder_version=&#8221;4.16&#8243; custom_margin=&#8221;30px||||false|false&#8221; global_colors_info=&#8221;{}&#8221;][\/et_pb_divider][et_pb_text _builder_version=&#8221;4.27.2&#8243; _module_preset=&#8221;default&#8221; text_font=&#8221;Roboto Flex||||||||&#8221; text_text_color=&#8221;#666666&#8243; text_font_size=&#8221;16px&#8221; text_line_height=&#8221;1.5em&#8221; custom_margin=&#8221;0px||17px||false|false&#8221; custom_padding=&#8221;0px||0px||false|false&#8221; global_colors_info=&#8221;{}&#8221;]<\/p>\n<div class=\"elementor-element elementor-element-3ba63a1 elementor-widget elementor-widget-text-editor\" data-id=\"3ba63a1\" data-element_type=\"widget\" data-widget_type=\"text-editor.default\">\n<div class=\"elementor-widget-container\">\n<div class=\"elementor-text-editor elementor-clearfix\">\n<p><span>Fonctionnant avec la m\u00eame technologie que les mod\u00e8les gamme AG, ces filtres sont modulaires : ils peuvent \u00eatre mont\u00e9s en batterie pour traiter des d\u00e9bits \u00e9lev\u00e9s.<\/span><\/p>\n<p><span><\/span><\/p>\n<p><strong><span>Les +<\/span><\/strong><\/p>\n<\/div>\n<\/div>\n<\/div>\n<div class=\"elementor-element elementor-element-c1475e8 elementor-icon-list--layout-traditional elementor-list-item-link-full_width elementor-widget elementor-widget-icon-list\" data-id=\"c1475e8\" data-element_type=\"widget\" data-widget_type=\"icon-list.default\">\n<div class=\"elementor-widget-container\">\n<p><span>Modulaire<\/span><\/p>\n<div class=\"elementor-element elementor-element-83b5d19 elementor--star-style-star_unicode elementor-widget elementor-widget-star-rating\" data-id=\"83b5d19\" data-element_type=\"widget\" data-widget_type=\"star-rating.default\">\n<div class=\"elementor-widget-container\">\n<div class=\"elementor-star-rating__wrapper\">\n<div class=\"elementor-star-rating\" title=\"4\/5\"><\/div>\n<\/div>\n<\/div>\n<\/div>\n<div class=\"elementor-element elementor-element-87059c3 elementor-icon-list--layout-traditional elementor-list-item-link-full_width elementor-widget elementor-widget-icon-list\" data-id=\"87059c3\" data-element_type=\"widget\" data-widget_type=\"icon-list.default\">\n<div class=\"elementor-widget-container\">\n<p><span class=\"elementor-icon-list-text\">100% automatique<\/span><\/p>\n<\/div>\n<\/div>\n<\/div>\n<\/div>\n<p>[\/et_pb_text][et_pb_button button_url=&#8221;https:\/\/www.hectron.com\/en\/seawater-filter\/&#8221; button_text=&#8221;Voir le produit&#8221; button_alignment=&#8221;left&#8221; _builder_version=&#8221;4.27.4&#8243; _module_preset=&#8221;default&#8221; custom_button=&#8221;on&#8221; button_text_size=&#8221;15px&#8221; button_text_color=&#8221;#FFFFFF&#8221; button_bg_color=&#8221;#c0100e&#8221; button_border_width=&#8221;0px&#8221; button_border_radius=&#8221;4px&#8221; button_font=&#8221;Saira|700|||||||&#8221; button_use_icon=&#8221;off&#8221; custom_margin=&#8221;21px|||||&#8221; custom_padding=&#8221;14px|30px|13px|30px|false|false&#8221; hover_enabled=&#8221;0&#8243; global_colors_info=&#8221;{}&#8221; button_text_color__hover_enabled=&#8221;off|desktop&#8221; button_text_color__hover=&#8221;#1b1a1a&#8221; button_bg_color__hover_enabled=&#8221;off|desktop&#8221; button_bg_color__hover=&#8221;#FFFFFF&#8221; button_bg_enable_color__hover=&#8221;on&#8221; button_letter_spacing__hover=&#8221;0px&#8221; button_letter_spacing__hover_enabled=&#8221;on|hover&#8221; sticky_enabled=&#8221;0&#8243;][\/et_pb_button][\/et_pb_column][\/et_pb_row][\/et_pb_section][et_pb_section fb_built=&#8221;1&#8243; _builder_version=&#8221;4.16&#8243; custom_padding=&#8221;80px|0px|80px|0px|true|false&#8221; global_colors_info=&#8221;{}&#8221;][et_pb_row _builder_version=&#8221;4.21.0&#8243; _module_preset=&#8221;default&#8221; width=&#8221;90%&#8221; max_width=&#8221;1170px&#8221; custom_margin=&#8221;0px|auto|0px|auto|false|false&#8221; custom_padding=&#8221;0px||0px||false|false&#8221; global_colors_info=&#8221;{}&#8221;][et_pb_column type=&#8221;4_4&#8243; _builder_version=&#8221;4.21.0&#8243; _module_preset=&#8221;default&#8221; global_colors_info=&#8221;{}&#8221;][et_pb_text _builder_version=&#8221;4.27.2&#8243; _module_preset=&#8221;default&#8221; header_2_font=&#8221;Saira|700|||||||&#8221; header_2_text_align=&#8221;center&#8221; header_2_text_color=&#8221;#014a5a&#8221; header_2_font_size=&#8221;43px&#8221; header_2_letter_spacing=&#8221;-1px&#8221; header_2_line_height=&#8221;1.2em&#8221; custom_margin=&#8221;0px||0px||false|false&#8221; custom_padding=&#8221;0px||6px||false|false&#8221; header_2_font_size_tablet=&#8221;43px&#8221; header_2_font_size_phone=&#8221;30px&#8221; header_2_font_size_last_edited=&#8221;on|phone&#8221; global_colors_info=&#8221;{}&#8221;]<\/p>\n<h2>References<\/h2>\n<p>[\/et_pb_text][et_pb_divider divider_weight=&#8221;3px&#8221; _builder_version=&#8221;4.27.2&#8243; _module_preset=&#8221;default&#8221; max_width=&#8221;12%&#8221; module_alignment=&#8221;center&#8221; global_colors_info=&#8221;{}&#8221;][\/et_pb_divider][\/et_pb_column][\/et_pb_row][et_pb_row _builder_version=&#8221;4.16&#8243; global_colors_info=&#8221;{}&#8221;][et_pb_column type=&#8221;4_4&#8243; _builder_version=&#8221;4.16&#8243; custom_padding=&#8221;|||&#8221; global_colors_info=&#8221;{}&#8221; custom_padding__hover=&#8221;|||&#8221;][et_pb_accordion open_toggle_text_color=&#8221;#014a5a&#8221; open_toggle_background_color=&#8221;rgba(0,0,0,0)&#8221; closed_toggle_text_color=&#8221;#014a5a&#8221; closed_toggle_background_color=&#8221;#f1f5f6&#8243; icon_color=&#8221;#014a5a&#8221; _builder_version=&#8221;4.27.2&#8243; toggle_text_color=&#8221;#014a5a&#8221; toggle_font=&#8221;|600|||||||&#8221; toggle_font_size=&#8221;17px&#8221; toggle_line_height=&#8221;1.4em&#8221; closed_toggle_font=&#8221;Poppins|600|||||||&#8221; closed_toggle_font_size=&#8221;15px&#8221; closed_toggle_line_height=&#8221;1.4em&#8221; body_font=&#8221;Roboto Flex||||||||&#8221; body_font_size=&#8221;16px&#8221; body_line_height=&#8221;1.8em&#8221; text_orientation=&#8221;left&#8221; custom_padding=&#8221;|||&#8221; border_width_all=&#8221;0px&#8221; global_colors_info=&#8221;{}&#8221; open_toggle_text_color__hover_enabled=&#8221;on|desktop&#8221; open_toggle_text_color__hover=&#8221;#014a5a&#8221;][et_pb_accordion_item title=&#8221;Fr\u00f8y \/ Quantum, Norv\u00e8ge&#8221; open=&#8221;off&#8221; _builder_version=&#8221;4.27.2&#8243; global_colors_info=&#8221;{}&#8221;]<\/p>\n<p><span>Protection of a reverse osmosis desalination system, used for filling freshwater tanks on live fish transport vessels (salmon farms). A set of AG400 Seawater filters at 20 \u00b5m and 6 \u00b5m treat raw seawater, protecting 10 \u00b5m absolute filters placed before the high-pressure pumps. Total flow rate: 500.   <\/span><span>m<\/span><span>3<\/span><span>\/h.<\/span><\/p>\n<p>[\/et_pb_accordion_item][et_pb_accordion_item title=&#8221;Aquassys \/ Ifremer. Site exp\u00e9rimental d\u2019Argenton.\u00a0&#8221; _builder_version=&#8221;4.27.2&#8243; global_colors_info=&#8221;{}&#8221; open=&#8221;off&#8221;]<\/p>\n<p>Bassin d\u2019\u00e9levage de mollusques bivalves. Dans le cadre de la refonte du pompage et relevage d\u2019une eau de mer, mise en place d\u2019une filtration par 2 filtres Hectron AG200 Marine DN50 en 6 \u00b5m (15 m3\/h chacun).<\/p>\n<p>[\/et_pb_accordion_item][et_pb_accordion_item title=&#8221;Scop Hydro, Palm Beach, Cannes (06).&#8221; _builder_version=&#8221;4.27.2&#8243; global_colors_info=&#8221;{}&#8221; open=&#8221;on&#8221;]<\/p>\n<p>R\u00e9novation de la piscine eau de mer. Pompage en mer puis stockage dans une bache. D\u00e9bit de 8 m3\/h, filtration 100 \u00b5m. Filtre AG200 Marine et mainteneur de pression PVC.<\/p>\n<p>[\/et_pb_accordion_item][\/et_pb_accordion][\/et_pb_column][\/et_pb_row][et_pb_row _builder_version=&#8221;4.27.2&#8243; _module_preset=&#8221;default&#8221; global_colors_info=&#8221;{}&#8221;][et_pb_column type=&#8221;4_4&#8243; _builder_version=&#8221;4.27.2&#8243; _module_preset=&#8221;default&#8221; global_colors_info=&#8221;{}&#8221;][et_pb_button button_url=&#8221;https:\/\/www.hectron.com\/wp-content\/uploads\/2025\/07\/References-01.09.24.pdf&#8221; button_text=&#8221;T\u00e9l\u00e9charger la liste des r\u00e9f\u00e9rences PDF&#8221; button_alignment=&#8221;center&#8221; _builder_version=&#8221;4.27.4&#8243; _module_preset=&#8221;default&#8221; custom_button=&#8221;on&#8221; button_text_size=&#8221;17px&#8221; button_text_color=&#8221;#FFFFFF&#8221; button_bg_color=&#8221;#c0100e&#8221; button_border_radius=&#8221;4px&#8221; button_font=&#8221;Saira||||||||&#8221; button_use_icon=&#8221;off&#8221; custom_margin=&#8221;0px|12px|0px|0px|false|false&#8221; custom_padding=&#8221;13px|30px|14px|30px|false|false&#8221; animation_direction=&#8221;bottom&#8221; hover_enabled=&#8221;0&#8243; global_colors_info=&#8221;{}&#8221; button_text_color__hover_enabled=&#8221;on|hover&#8221; button_text_color__hover=&#8221;#1b1a1a&#8221; button_bg_color__hover_enabled=&#8221;on|desktop&#8221; button_bg_color__hover=&#8221;#FFFFFF&#8221; button_bg_enable_color__hover=&#8221;on&#8221; button_letter_spacing__hover_enabled=&#8221;on|hover&#8221; button_letter_spacing__hover=&#8221;0px&#8221; sticky_enabled=&#8221;0&#8243;][\/et_pb_button][\/et_pb_column][\/et_pb_row][\/et_pb_section]<\/p>\n","protected":false},"excerpt":{"rendered":"<p>FiltrationSea waterHectron has designed filters specifically for seawater, with a metal\/plastic hybrid construction for excellent corrosion resistance. In desalination installations, our filters are used to protect the high-pressure pumps of reverse osmosis systems. When used as a pre-treatment before cartridge filters, they significantly extend the lifespan of the cartridges. The protection of plate heat exchangers [&hellip;]<\/p>\n","protected":false},"author":4,"featured_media":0,"parent":0,"menu_order":0,"comment_status":"closed","ping_status":"closed","template":"","meta":{"_et_pb_use_builder":"on","_et_pb_old_content":"","_et_gb_content_width":"","om_disable_all_campaigns":false,"_monsterinsights_skip_tracking":false,"_monsterinsights_sitenote_active":false,"_monsterinsights_sitenote_note":"","_monsterinsights_sitenote_category":0,"footnotes":""},"class_list":["post-230916","page","type-page","status-publish","hentry"],"aioseo_notices":[],"_links":{"self":[{"href":"https:\/\/www.hectron.com\/en\/wp-json\/wp\/v2\/pages\/230916","targetHints":{"allow":["GET"]}}],"collection":[{"href":"https:\/\/www.hectron.com\/en\/wp-json\/wp\/v2\/pages"}],"about":[{"href":"https:\/\/www.hectron.com\/en\/wp-json\/wp\/v2\/types\/page"}],"author":[{"embeddable":true,"href":"https:\/\/www.hectron.com\/en\/wp-json\/wp\/v2\/users\/4"}],"replies":[{"embeddable":true,"href":"https:\/\/www.hectron.com\/en\/wp-json\/wp\/v2\/comments?post=230916"}],"version-history":[{"count":12,"href":"https:\/\/www.hectron.com\/en\/wp-json\/wp\/v2\/pages\/230916\/revisions"}],"predecessor-version":[{"id":321599,"href":"https:\/\/www.hectron.com\/en\/wp-json\/wp\/v2\/pages\/230916\/revisions\/321599"}],"wp:attachment":[{"href":"https:\/\/www.hectron.com\/en\/wp-json\/wp\/v2\/media?parent=230916"}],"curies":[{"name":"wp","href":"https:\/\/api.w.org\/{rel}","templated":true}]}}