{"id":231290,"date":"2024-09-27T09:18:12","date_gmt":"2024-09-27T07:18:12","guid":{"rendered":"https:\/\/www.hectron.com\/gama-ag-funcionamiento\/"},"modified":"2025-12-15T17:06:24","modified_gmt":"2025-12-15T16:06:24","slug":"gama-ag-funcionamiento","status":"publish","type":"page","link":"https:\/\/www.hectron.com\/es\/gama-ag-funcionamiento\/","title":{"rendered":"Gama AG"},"content":{"rendered":"<p>[et_pb_section fb_built=\u00bb1&#8243; _builder_version=\u00bb4.27.0&#8243; _module_preset=\u00bbdefault\u00bb custom_padding=\u00bb86px||1px|||\u00bb top_divider_color=\u00bb#014a5a\u00bb global_colors_info=\u00bb{}\u00bb][et_pb_row _builder_version=\u00bb4.21.0&#8243; _module_preset=\u00bbdefault\u00bb width=\u00bb90%\u00bb max_width=\u00bb1170px\u00bb custom_margin=\u00bb0px|auto|-1px|auto|false|false\u00bb custom_padding=\u00bb0px||0px||false|false\u00bb global_colors_info=\u00bb{}\u00bb][et_pb_column type=\u00bb4_4&#8243; _builder_version=\u00bb4.21.0&#8243; _module_preset=\u00bbdefault\u00bb global_colors_info=\u00bb{}\u00bb][et_pb_text _builder_version=\u00bb4.27.0&#8243; _module_preset=\u00bbdefault\u00bb header_4_font=\u00bbSaira|700||on|||||\u00bb header_4_text_align=\u00bbcenter\u00bb header_4_text_color=\u00bb#c0100e\u00bb header_4_font_size=\u00bb25px\u00bb custom_margin=\u00bb0px||4px||false|false\u00bb custom_padding=\u00bb0px||0px||false|false\u00bb global_colors_info=\u00bb{}\u00bb]<\/p>\n<h4>Tecnolog\u00eda<\/h4>\n<p>[\/et_pb_text][et_pb_text _builder_version=\u00bb4.27.0&#8243; _module_preset=\u00bbdefault\u00bb header_2_font=\u00bbSaira|700|||||||\u00bb header_2_text_align=\u00bbcenter\u00bb header_2_text_color=\u00bb#014a5a\u00bb header_2_font_size=\u00bb43px\u00bb header_2_letter_spacing=\u00bb-1px\u00bb header_2_line_height=\u00bb1.2em\u00bb custom_margin=\u00bb0px||0px||false|false\u00bb custom_padding=\u00bb0px||0px||false|false\u00bb header_2_font_size_tablet=\u00bb43px\u00bb header_2_font_size_phone=\u00bb30px\u00bb header_2_font_size_last_edited=\u00bbon|phone\u00bb global_colors_info=\u00bb{}\u00bb]<\/p>\n<h2>Gama AG<\/h2>\n<p>[\/et_pb_text][\/et_pb_column][\/et_pb_row][\/et_pb_section][et_pb_section fb_built=\u00bb1&#8243; _builder_version=\u00bb4.27.0&#8243; _module_preset=\u00bbdefault\u00bb custom_padding=\u00bb6px||40px|||\u00bb global_colors_info=\u00bb{}\u00bb][et_pb_row _builder_version=\u00bb4.27.0&#8243; _module_preset=\u00bbdefault\u00bb global_colors_info=\u00bb{}\u00bb][et_pb_column type=\u00bb4_4&#8243; _builder_version=\u00bb4.27.0&#8243; _module_preset=\u00bbdefault\u00bb global_colors_info=\u00bb{}\u00bb][et_pb_video _builder_version=\u00bb4.27.5&#8243; _module_preset=\u00bbdefault\u00bb hover_enabled=\u00bb0&#8243; global_colors_info=\u00bb{}\u00bb sticky_enabled=\u00bb0&#8243; title_text=\u00bbHECTRON_MONTAGE_min\u00bb src=\u00bbhttps:\/\/www.hectron.com\/wp-content\/uploads\/2025\/12\/HECTRON_MONTAGE_min.mp4&#8243; locked=\u00bboff\u00bb][\/et_pb_video][\/et_pb_column][\/et_pb_row][\/et_pb_section][et_pb_section fb_built=\u00bb1&#8243; make_equal=\u00bbon\u00bb use_custom_gutter=\u00bbon\u00bb gutter_width=\u00bb2&#8243; specialty=\u00bbon\u00bb padding_top_1=\u00bb0px\u00bb padding_top_2=\u00bb0px\u00bb padding_right_1=\u00bb30px\u00bb padding_bottom_1=\u00bb0px\u00bb padding_bottom_2=\u00bb0px\u00bb padding_top_bottom_link_1=\u00bbtrue\u00bb padding_top_bottom_link_2=\u00bbtrue\u00bb padding_left_right_link_1=\u00bbfalse\u00bb padding_left_right_link_2=\u00bbfalse\u00bb padding_1_tablet=\u00bb|0px|||false|false\u00bb padding_1_phone=\u00bb\u00bb padding_1_last_edited=\u00bbon|tablet\u00bb _builder_version=\u00bb4.27.0&#8243; inner_width=\u00bb90%\u00bb inner_width_tablet=\u00bb90%\u00bb inner_width_phone=\u00bb90%\u00bb inner_width_last_edited=\u00bbon|phone\u00bb inner_max_width=\u00bb1170px\u00bb inner_max_width_tablet=\u00bb90%\u00bb inner_max_width_phone=\u00bb90%\u00bb inner_max_width_last_edited=\u00bbon|tablet\u00bb custom_padding=\u00bb100px||100px||true|false\u00bb box_shadow_style=\u00bbpreset1&#8243; global_colors_info=\u00bb{}\u00bb][et_pb_column type=\u00bb1_2&#8243; specialty_columns=\u00bb2&#8243; _builder_version=\u00bb4.16&#8243; custom_padding=\u00bb|||\u00bb global_colors_info=\u00bb{}\u00bb custom_padding__hover=\u00bb|||\u00bb][et_pb_row_inner _builder_version=\u00bb4.27.4&#8243; custom_padding=\u00bb0px||0px||true|false\u00bb global_colors_info=\u00bb{}\u00bb][et_pb_column_inner saved_specialty_column_type=\u00bb1_2&#8243; _builder_version=\u00bb4.27.4&#8243; global_colors_info=\u00bb{}\u00bb][et_pb_divider show_divider=\u00bboff\u00bb _builder_version=\u00bb4.27.4&#8243; background_image=\u00bbhttps:\/\/www.hectron.com\/wp-content\/uploads\/2025\/02\/Gamme-AG-Fonctionnement-2-ES.png\u00bb custom_padding=\u00bb257px||257px||true|false\u00bb custom_padding_tablet=\u00bb257px||257px||true|false\u00bb custom_padding_phone=\u00bb160px||160px||true|false\u00bb custom_padding_last_edited=\u00bbon|phone\u00bb global_colors_info=\u00bb{}\u00bb background__hover_enabled=\u00bbon|desktop\u00bb][\/et_pb_divider][\/et_pb_column_inner][\/et_pb_row_inner][\/et_pb_column][et_pb_column type=\u00bb1_2&#8243; _builder_version=\u00bb4.16&#8243; custom_padding=\u00bb|||\u00bb global_colors_info=\u00bb{}\u00bb custom_padding__hover=\u00bb|||\u00bb][et_pb_divider color=\u00bb#c0100e\u00bb divider_position=\u00bbcenter\u00bb divider_weight=\u00bb2px\u00bb _builder_version=\u00bb4.27.0&#8243; max_width=\u00bb28px\u00bb custom_margin=\u00bb-32px|||7px|false|false\u00bb custom_margin_tablet=\u00bb-45px||||false|false\u00bb custom_margin_phone=\u00bb-43px||||false|false\u00bb custom_margin_last_edited=\u00bbon|phone\u00bb global_colors_info=\u00bb{}\u00bb][\/et_pb_divider][et_pb_text _builder_version=\u00bb4.27.3&#8243; _module_preset=\u00bbdefault\u00bb text_font=\u00bb|600|||||||\u00bb text_text_color=\u00bb#014a5a\u00bb text_font_size=\u00bb18px\u00bb global_colors_info=\u00bb{}\u00bb]<\/p>\n<p>FILTRATION<\/p>\n<p>[\/et_pb_text][et_pb_text _builder_version=\u00bb4.27.3&#8243; _module_preset=\u00bbdefault\u00bb text_font=\u00bbRoboto Flex||||||||\u00bb text_text_color=\u00bb#666666&#8243; text_font_size=\u00bb16px\u00bb text_line_height=\u00bb1.8em\u00bb global_colors_info=\u00bb{}\u00bb]<\/p>\n<p><span>La filtraci\u00f3n se efect\u00faa a trav\u00e9s de un tamiz cil\u00edndrico. Cuando este tamiz se colmata, un presostato detecta la diferencia de presi\u00f3n entre la entrada y la salida y activa el ciclo de limpieza. <\/span><\/p>\n<p>[\/et_pb_text][et_pb_text _builder_version=\u00bb4.27.3&#8243; _module_preset=\u00bbdefault\u00bb text_font=\u00bb|600|||||||\u00bb text_text_color=\u00bb#014a5a\u00bb text_font_size=\u00bb18px\u00bb global_colors_info=\u00bb{}\u00bb]<\/p>\n<p>LIMPIEZA<\/p>\n<p>[\/et_pb_text][et_pb_text _builder_version=\u00bb4.27.3&#8243; _module_preset=\u00bbdefault\u00bb text_font=\u00bbRoboto Flex||||||||\u00bb text_text_color=\u00bb#666666&#8243; text_font_size=\u00bb16px\u00bb text_line_height=\u00bb1.8em\u00bb global_colors_info=\u00bb{}\u00bb]<\/p>\n<p><span>La limpieza se realiza mediante un brazo de succi\u00f3n, que efect\u00faa un lavado a contracorriente focalizado a nivel de las aberturas del brazo. El brazo realiza una rotaci\u00f3n y limpia, por lo tanto, toda la superficie del tamiz. <\/span><\/p>\n<p>[\/et_pb_text][et_pb_image src=\u00bbhttps:\/\/www.hectron.com\/wp-content\/uploads\/2025\/02\/Gamme-AG-Fonctionnement-3-ES.png\u00bb title_text=\u00bbGamme-AG-Fonctionnement-3-ES\u00bb _builder_version=\u00bb4.27.4&#8243; _module_preset=\u00bbdefault\u00bb global_colors_info=\u00bb{}\u00bb][\/et_pb_image][et_pb_text _builder_version=\u00bb4.27.3&#8243; _module_preset=\u00bbdefault\u00bb text_font=\u00bb|600|||||||\u00bb text_text_color=\u00bb#014a5a\u00bb text_font_size=\u00bb18px\u00bb global_colors_info=\u00bb{}\u00bb]<\/p>\n<p>EVACUACI\u00d3N<\/p>\n<p>[\/et_pb_text][et_pb_text _builder_version=\u00bb4.27.3&#8243; _module_preset=\u00bbdefault\u00bb text_font=\u00bbRoboto Flex||||||||\u00bb text_text_color=\u00bb#666666&#8243; text_font_size=\u00bb16px\u00bb text_line_height=\u00bb1.8em\u00bb global_colors_info=\u00bb{}\u00bb]<\/p>\n<p><span>Durante la limpieza, se abre una electrov\u00e1lvula y la materia en suspensi\u00f3n es evacuada fuera del filtro.<\/span><\/p>\n<p>[\/et_pb_text][\/et_pb_column][\/et_pb_section]<\/p>\n","protected":false},"excerpt":{"rendered":"<p>Tecnolog\u00edaGama AGFILTRATIONLa filtraci\u00f3n se efect\u00faa a trav\u00e9s de un tamiz cil\u00edndrico. Cuando este tamiz se colmata, un presostato detecta la diferencia de presi\u00f3n entre la entrada y la salida y activa el ciclo de limpieza. LIMPIEZALa limpieza se realiza mediante un brazo de succi\u00f3n, que efect\u00faa un lavado a contracorriente focalizado a nivel de las [&hellip;]<\/p>\n","protected":false},"author":4,"featured_media":0,"parent":0,"menu_order":0,"comment_status":"closed","ping_status":"closed","template":"","meta":{"_et_pb_use_builder":"on","_et_pb_old_content":"","_et_gb_content_width":"","om_disable_all_campaigns":false,"_monsterinsights_skip_tracking":false,"_monsterinsights_sitenote_active":false,"_monsterinsights_sitenote_note":"","_monsterinsights_sitenote_category":0,"footnotes":""},"class_list":["post-231290","page","type-page","status-publish","hentry"],"aioseo_notices":[],"_links":{"self":[{"href":"https:\/\/www.hectron.com\/es\/wp-json\/wp\/v2\/pages\/231290","targetHints":{"allow":["GET"]}}],"collection":[{"href":"https:\/\/www.hectron.com\/es\/wp-json\/wp\/v2\/pages"}],"about":[{"href":"https:\/\/www.hectron.com\/es\/wp-json\/wp\/v2\/types\/page"}],"author":[{"embeddable":true,"href":"https:\/\/www.hectron.com\/es\/wp-json\/wp\/v2\/users\/4"}],"replies":[{"embeddable":true,"href":"https:\/\/www.hectron.com\/es\/wp-json\/wp\/v2\/comments?post=231290"}],"version-history":[{"count":8,"href":"https:\/\/www.hectron.com\/es\/wp-json\/wp\/v2\/pages\/231290\/revisions"}],"predecessor-version":[{"id":323002,"href":"https:\/\/www.hectron.com\/es\/wp-json\/wp\/v2\/pages\/231290\/revisions\/323002"}],"wp:attachment":[{"href":"https:\/\/www.hectron.com\/es\/wp-json\/wp\/v2\/media?parent=231290"}],"curies":[{"name":"wp","href":"https:\/\/api.w.org\/{rel}","templated":true}]}}