{"id":231302,"date":"2024-09-30T10:21:34","date_gmt":"2024-09-30T08:21:34","guid":{"rendered":"https:\/\/www.hectron.com\/hidrociclones-acero-inoxidable\/"},"modified":"2025-04-22T11:51:33","modified_gmt":"2025-04-22T09:51:33","slug":"hidrociclones-acero-inoxidable","status":"publish","type":"page","link":"https:\/\/www.hectron.com\/es\/hidrociclones-acero-inoxidable\/","title":{"rendered":"Hidrociclones de acero inoxidable"},"content":{"rendered":"<p>[et_pb_section fb_built=\u00bb1&#8243; _builder_version=\u00bb4.27.0&#8243; _module_preset=\u00bbdefault\u00bb custom_padding=\u00bb86px||1px|||\u00bb top_divider_color=\u00bb#014a5a\u00bb global_colors_info=\u00bb{}\u00bb][et_pb_row _builder_version=\u00bb4.21.0&#8243; _module_preset=\u00bbdefault\u00bb width=\u00bb90%\u00bb max_width=\u00bb1170px\u00bb custom_margin=\u00bb0px||29px||false|false\u00bb custom_padding=\u00bb0px||0px||false|false\u00bb global_colors_info=\u00bb{}\u00bb][et_pb_column type=\u00bb4_4&#8243; _builder_version=\u00bb4.21.0&#8243; _module_preset=\u00bbdefault\u00bb global_colors_info=\u00bb{}\u00bb][et_pb_text _builder_version=\u00bb4.27.0&#8243; _module_preset=\u00bbdefault\u00bb header_4_font=\u00bbSaira|700||on|||||\u00bb header_4_text_align=\u00bbcenter\u00bb header_4_text_color=\u00bb#c0100e\u00bb header_4_font_size=\u00bb25px\u00bb custom_margin=\u00bb0px||4px||false|false\u00bb custom_padding=\u00bb0px||0px||false|false\u00bb global_colors_info=\u00bb{}\u00bb]<\/p>\n<h4>GAMA HN<\/h4>\n<p>[\/et_pb_text][et_pb_text _builder_version=\u00bb4.27.0&#8243; _module_preset=\u00bbdefault\u00bb header_2_font=\u00bbSaira|700|||||||\u00bb header_2_text_align=\u00bbcenter\u00bb header_2_text_color=\u00bb#014a5a\u00bb header_2_font_size=\u00bb43px\u00bb header_2_letter_spacing=\u00bb-1px\u00bb header_2_line_height=\u00bb1.2em\u00bb custom_margin=\u00bb0px||0px||false|false\u00bb custom_padding=\u00bb0px||0px||false|false\u00bb header_2_font_size_tablet=\u00bb43px\u00bb header_2_font_size_phone=\u00bb30px\u00bb header_2_font_size_last_edited=\u00bbon|phone\u00bb global_colors_info=\u00bb{}\u00bb]<\/p>\n<h2>Hidrociclones de acero inoxidable<\/h2>\n<p>[\/et_pb_text][\/et_pb_column][\/et_pb_row][et_pb_row column_structure=\u00bb1_2,1_2&#8243; _builder_version=\u00bb4.16&#8243; _module_preset=\u00bbdefault\u00bb global_colors_info=\u00bb{}\u00bb][et_pb_column type=\u00bb1_2&#8243; _builder_version=\u00bb4.16&#8243; _module_preset=\u00bbdefault\u00bb global_colors_info=\u00bb{}\u00bb][et_pb_text _builder_version=\u00bb4.27.4&#8243; _module_preset=\u00bbdefault\u00bb text_font=\u00bbRoboto Flex||||||||\u00bb text_text_color=\u00bb#666666&#8243; text_font_size=\u00bb17px\u00bb text_line_height=\u00bb1.6em\u00bb custom_margin=\u00bb0px||0px||false|false\u00bb custom_padding=\u00bb0px||0px||false|false\u00bb hover_enabled=\u00bb0&#8243; global_colors_info=\u00bb{}\u00bb custom_margin_last_edited=\u00bbon|tablet\u00bb custom_margin_tablet=\u00bb-25px||0px||false|false\u00bb sticky_enabled=\u00bb0&#8243; custom_margin_phone=\u00bb-25px||0px||false|false\u00bb]<\/p>\n<p style=\"text-align: justify;\">Los hidrociclones permiten eliminar la mayor parte de los s\u00f3lidos pesados en suspensi\u00f3n presentes en el agua. La aplicaci\u00f3n principal es el tratamiento de aguas de pozo cargadas de arena. La aplicaci\u00f3n principal es el tratamiento de aguas de pozo cargadas de arena.<\/p>\n<p>[\/et_pb_text][\/et_pb_column][et_pb_column type=\u00bb1_2&#8243; _builder_version=\u00bb4.16&#8243; _module_preset=\u00bbdefault\u00bb global_colors_info=\u00bb{}\u00bb][et_pb_text _builder_version=\u00bb4.27.0&#8243; _module_preset=\u00bbdefault\u00bb text_font=\u00bbRoboto Flex||||||||\u00bb text_text_color=\u00bb#666666&#8243; text_font_size=\u00bb17px\u00bb text_line_height=\u00bb1.6em\u00bb custom_margin=\u00bb0px||0px||false|false\u00bb custom_padding=\u00bb0px||0px||false|false\u00bb global_colors_info=\u00bb{}\u00bb]<\/p>\n<p style=\"text-align: justify;\">Los hidrociclones Hectron HN y HNC est\u00e1n fabricados en acero inoxidable soldado, para una excelente duraci\u00f3n a lo largo del tiempo, para presiones de hasta 10 bar. <br \/>Son de forma cil\u00edndrica o c\u00f3nica seg\u00fan los tama\u00f1os. El dep\u00f3sito est\u00e1 en posici\u00f3n vertical, lo que facilita las purgas.  <\/p>\n<p>[\/et_pb_text][\/et_pb_column][\/et_pb_row][\/et_pb_section][et_pb_section fb_built=\u00bb1&#8243; _builder_version=\u00bb4.16&#8243; custom_padding=\u00bb3px||100px|||\u00bb global_colors_info=\u00bb{}\u00bb][et_pb_row column_structure=\u00bb3_5,2_5&#8243; use_custom_gutter=\u00bbon\u00bb gutter_width=\u00bb2&#8243; make_equal=\u00bbon\u00bb _builder_version=\u00bb4.27.4&#8243; width=\u00bb90%\u00bb width_tablet=\u00bb80%\u00bb width_phone=\u00bb80%\u00bb width_last_edited=\u00bbon|phone\u00bb max_width_tablet=\u00bb90%\u00bb max_width_phone=\u00bb90%\u00bb max_width_last_edited=\u00bboff|desktop\u00bb height=\u00bb442px\u00bb custom_padding=\u00bb0px||0px||true|false\u00bb hover_enabled=\u00bb0&#8243; global_colors_info=\u00bb{}\u00bb sticky_enabled=\u00bb0&#8243;][et_pb_column type=\u00bb3_5&#8243; _builder_version=\u00bb4.27.4&#8243; background_image=\u00bbhttps:\/\/www.hectron.com\/wp-content\/uploads\/2024\/12\/HN-5.png\u00bb global_colors_info=\u00bb{}\u00bb][\/et_pb_column][et_pb_column type=\u00bb2_5&#8243; _builder_version=\u00bb4.27.0&#8243; global_colors_info=\u00bb{}\u00bb][et_pb_blurb title=\u00bbDEBE PURGARSE MANUALMENTE\u00bb use_icon=\u00bbon\u00bb content_max_width=\u00bb100%\u00bb _builder_version=\u00bb4.27.0&#8243; header_font=\u00bbPoppins|600|||||||\u00bb header_text_color=\u00bb#FFFFFF\u00bb header_font_size=\u00bb18px\u00bb header_letter_spacing=\u00bb-0.32px\u00bb header_line_height=\u00bb1.6em\u00bb body_font=\u00bbRoboto Condensed||||||||\u00bb body_text_color=\u00bb#7b7f85&#8243; body_font_size=\u00bb15px\u00bb body_line_height=\u00bb1.8em\u00bb background_color=\u00bb#014a5a\u00bb transform_translate_linked__hover=\u00bboff\u00bb custom_padding=\u00bb35px|50px|35px|50px|true|true\u00bb animation=\u00bboff\u00bb link_option_url=\u00bb#\u00bb border_width_all=\u00bb1px\u00bb border_color_all=\u00bb#ECE9E3&#8243; global_colors_info=\u00bb{}\u00bb transform_styles__hover_enabled=\u00bboff|desktop\u00bb transform_scale__hover_enabled=\u00bboff|desktop\u00bb transform_translate__hover_enabled=\u00bboff|desktop\u00bb transform_rotate__hover_enabled=\u00bboff|desktop\u00bb transform_skew__hover_enabled=\u00bboff|desktop\u00bb transform_origin__hover_enabled=\u00bboff|desktop\u00bb transform_translate__hover=\u00bb10px|0px\u00bb border_color_all__hover_enabled=\u00bboff|desktop\u00bb border_color_all__hover=\u00bb#e18b1d\u00bb header_text_color__hover_enabled=\u00bbon|hover\u00bb header_text_color__hover=\u00bb#014a5a\u00bb background__hover_enabled=\u00bbon|hover\u00bb background_color__hover=\u00bb#FFFFFF\u00bb background_enable_color__hover=\u00bbon\u00bb][\/et_pb_blurb][et_pb_blurb title=\u00bbSOBRE 100 \u00b5m\u00bb use_icon=\u00bbon\u00bb content_max_width=\u00bb100%\u00bb _builder_version=\u00bb4.27.0&#8243; header_font=\u00bbPoppins|600|||||||\u00bb header_text_color=\u00bb#014a5a\u00bb header_font_size=\u00bb18px\u00bb header_letter_spacing=\u00bb-0.32px\u00bb header_line_height=\u00bb1.6em\u00bb body_font=\u00bbRoboto Condensed||||||||\u00bb body_text_color=\u00bb#7b7f85&#8243; body_font_size=\u00bb15px\u00bb body_line_height=\u00bb1.8em\u00bb transform_translate_linked__hover=\u00bboff\u00bb custom_padding=\u00bb35px|50px|35px|50px|true|true\u00bb animation=\u00bboff\u00bb link_option_url=\u00bb#\u00bb border_width_all=\u00bb1px\u00bb border_color_all=\u00bb#ECE9E3&#8243; global_colors_info=\u00bb{}\u00bb transform_styles__hover_enabled=\u00bboff|desktop\u00bb transform_scale__hover_enabled=\u00bboff|desktop\u00bb transform_translate__hover_enabled=\u00bboff|desktop\u00bb transform_rotate__hover_enabled=\u00bboff|desktop\u00bb transform_skew__hover_enabled=\u00bboff|desktop\u00bb transform_origin__hover_enabled=\u00bboff|desktop\u00bb transform_translate__hover=\u00bb10px|0px\u00bb border_color_all__hover_enabled=\u00bboff|desktop\u00bb border_color_all__hover=\u00bb#e18b1d\u00bb header_text_color__hover_enabled=\u00bbon|hover\u00bb header_text_color__hover=\u00bb#FFFFFF\u00bb background__hover_enabled=\u00bbon|hover\u00bb background_color__hover=\u00bb#014a5a\u00bb background_enable_color__hover=\u00bbon\u00bb][\/et_pb_blurb][et_pb_blurb title=\u00bbHASTA 70 m3\/h\u00bb use_icon=\u00bbon\u00bb content_max_width=\u00bb100%\u00bb _builder_version=\u00bb4.27.0&#8243; header_font=\u00bbPoppins|600|||||||\u00bb header_text_color=\u00bb#014a5a\u00bb header_font_size=\u00bb18px\u00bb header_letter_spacing=\u00bb-0.32px\u00bb header_line_height=\u00bb1.6em\u00bb body_font=\u00bbRoboto Condensed||||||||\u00bb body_text_color=\u00bb#7b7f85&#8243; body_font_size=\u00bb15px\u00bb body_line_height=\u00bb1.8em\u00bb transform_translate_linked__hover=\u00bboff\u00bb custom_padding=\u00bb35px|50px|35px|50px|true|true\u00bb animation=\u00bboff\u00bb link_option_url=\u00bb#\u00bb border_width_all=\u00bb1px\u00bb border_color_all=\u00bb#ECE9E3&#8243; global_colors_info=\u00bb{}\u00bb transform_styles__hover_enabled=\u00bboff|desktop\u00bb transform_scale__hover_enabled=\u00bboff|desktop\u00bb transform_translate__hover_enabled=\u00bboff|desktop\u00bb transform_rotate__hover_enabled=\u00bboff|desktop\u00bb transform_skew__hover_enabled=\u00bboff|desktop\u00bb transform_origin__hover_enabled=\u00bboff|desktop\u00bb transform_translate__hover=\u00bb10px|0px\u00bb border_color_all__hover_enabled=\u00bboff|desktop\u00bb border_color_all__hover=\u00bb#e18b1d\u00bb header_text_color__hover_enabled=\u00bbon|hover\u00bb header_text_color__hover=\u00bb#FFFFFF\u00bb background__hover_enabled=\u00bbon|hover\u00bb background_color__hover=\u00bb#014a5a\u00bb background_enable_color__hover=\u00bbon\u00bb][\/et_pb_blurb][et_pb_button button_url=\u00bbhttps:\/\/www.hectron.com\/wp-content\/uploads\/2025\/02\/HN-HNC-hydrociclones.pdf\u00bb button_text=\u00bbFolleto (pdf)\u00bb button_alignment=\u00bbleft\u00bb _builder_version=\u00bb4.27.4&#8243; _module_preset=\u00bbdefault\u00bb custom_button=\u00bbon\u00bb button_text_size=\u00bb15px\u00bb button_text_color=\u00bb#FFFFFF\u00bb button_bg_color=\u00bb#c0100e\u00bb button_border_radius=\u00bb4px\u00bb button_font=\u00bbSaira|700|||||||\u00bb button_use_icon=\u00bboff\u00bb custom_margin=\u00bb0px|0px|0px|0px|false|false\u00bb custom_padding=\u00bb14px|30px|13px|30px|false|false\u00bb hover_enabled=\u00bb0&#8243; global_colors_info=\u00bb{}\u00bb button_text_color__hover_enabled=\u00bboff|desktop\u00bb button_text_color__hover=\u00bb#1b1a1a\u00bb button_bg_color__hover_enabled=\u00bboff|desktop\u00bb button_bg_color__hover=\u00bb#FFFFFF\u00bb button_bg_enable_color__hover=\u00bbon\u00bb button_letter_spacing__hover=\u00bb0px\u00bb button_letter_spacing__hover_enabled=\u00bbon|hover\u00bb button_alignment_last_edited=\u00bbon|phone\u00bb button_alignment_phone=\u00bbcenter\u00bb sticky_enabled=\u00bb0&#8243; button_alignment_tablet=\u00bbcenter\u00bb][\/et_pb_button][\/et_pb_column][\/et_pb_row][et_pb_row _builder_version=\u00bb4.16&#8243; _module_preset=\u00bbdefault\u00bb global_colors_info=\u00bb{}\u00bb][et_pb_column type=\u00bb4_4&#8243; _builder_version=\u00bb4.16&#8243; _module_preset=\u00bbdefault\u00bb global_colors_info=\u00bb{}\u00bb][et_pb_text _builder_version=\u00bb4.27.4&#8243; _module_preset=\u00bbdefault\u00bb header_2_font=\u00bbSaira|700|||||||\u00bb header_2_text_align=\u00bbcenter\u00bb header_2_text_color=\u00bb#014a5a\u00bb header_2_font_size=\u00bb35px\u00bb header_2_letter_spacing=\u00bb-1px\u00bb header_2_line_height=\u00bb1.2em\u00bb custom_margin=\u00bb0px||0px||false|false\u00bb custom_padding=\u00bb0px||0px||false|false\u00bb hover_enabled=\u00bb0&#8243; header_2_font_size_tablet=\u00bb43px\u00bb header_2_font_size_phone=\u00bb30px\u00bb header_2_font_size_last_edited=\u00bbon|phone\u00bb global_colors_info=\u00bb{}\u00bb custom_margin_last_edited=\u00bbon|phone\u00bb custom_margin_phone=\u00bb40px||0px||false|false\u00bb sticky_enabled=\u00bb0&#8243; custom_margin_tablet=\u00bb40px||||false|false\u00bb]<\/p>\n<h2 style=\"text-align: justify;\">Los diferentes modelos<\/h2>\n<p>[\/et_pb_text][\/et_pb_column][\/et_pb_row][et_pb_row column_structure=\u00bb1_2,1_2&#8243; use_custom_gutter=\u00bbon\u00bb gutter_width=\u00bb2&#8243; make_equal=\u00bbon\u00bb _builder_version=\u00bb4.27.4&#8243; width=\u00bb45%\u00bb width_tablet=\u00bb75%\u00bb width_phone=\u00bb90%\u00bb width_last_edited=\u00bbon|phone\u00bb max_width_tablet=\u00bb90%\u00bb max_width_phone=\u00bb90%\u00bb max_width_last_edited=\u00bboff|desktop\u00bb custom_padding=\u00bb0px||0px||false|false\u00bb hover_enabled=\u00bb0&#8243; global_colors_info=\u00bb{}\u00bb sticky_enabled=\u00bb0&#8243;][et_pb_column type=\u00bb1_2&#8243; _builder_version=\u00bb4.18.0&#8243; background_color=\u00bb#ffffff\u00bb transform_translate_linked__hover=\u00bboff\u00bb custom_padding=\u00bb40px|40px|40px|40px|true|true\u00bb box_shadow_style=\u00bbpreset1&#8243; box_shadow_blur=\u00bb63px\u00bb box_shadow_color=\u00bbrgba(181,181,181,0.3)\u00bb global_colors_info=\u00bb{}\u00bb transform_styles__hover_enabled=\u00bboff|desktop\u00bb transform_scale__hover_enabled=\u00bboff|desktop\u00bb transform_translate__hover_enabled=\u00bboff|desktop\u00bb transform_rotate__hover_enabled=\u00bboff|desktop\u00bb transform_skew__hover_enabled=\u00bboff|desktop\u00bb transform_origin__hover_enabled=\u00bboff|desktop\u00bb transform_translate__hover=\u00bb0px|-10px\u00bb box_shadow_vertical__hover_enabled=\u00bbon|hover\u00bb box_shadow_vertical__hover=\u00bb12px\u00bb box_shadow_color__hover_enabled=\u00bbon|hover\u00bb box_shadow_color__hover=\u00bbrgba(150,150,150,0.3)\u00bb box_shadow_blur__hover_enabled=\u00bbon|hover\u00bb box_shadow_blur__hover=\u00bb80px\u00bb][et_pb_image src=\u00bbhttps:\/\/www.hectron.com\/wp-content\/uploads\/2024\/12\/HN-4.png\u00bb title_text=\u00bbHN (4)\u00bb _builder_version=\u00bb4.27.4&#8243; _module_preset=\u00bbdefault\u00bb global_colors_info=\u00bb{}\u00bb][\/et_pb_image][et_pb_text _builder_version=\u00bb4.27.0&#8243; text_font=\u00bbPoppins|700|||||||\u00bb text_text_color=\u00bb#014a5a\u00bb text_font_size=\u00bb20px\u00bb text_line_height=\u00bb29px\u00bb module_alignment=\u00bbleft\u00bb custom_margin=\u00bb29px||||false|false\u00bb link_option_url=\u00bb#\u00bb global_colors_info=\u00bb{}\u00bb text_text_color__hover_enabled=\u00bboff|desktop\u00bb text_text_color__hover=\u00bb#ff5e14&#8243;]<\/p>\n<p>HN<\/p>\n<p>[\/et_pb_text][et_pb_divider color=\u00bb#E7EBEF\u00bb divider_weight=\u00bb2px\u00bb _builder_version=\u00bb4.16&#8243; custom_margin=\u00bb30px||||false|false\u00bb global_colors_info=\u00bb{}\u00bb][\/et_pb_divider][et_pb_text _builder_version=\u00bb4.27.2&#8243; _module_preset=\u00bbdefault\u00bb text_font=\u00bbRoboto Flex||||||||\u00bb text_text_color=\u00bb#666666&#8243; text_font_size=\u00bb16px\u00bb text_line_height=\u00bb1.5em\u00bb custom_margin=\u00bb0px||17px||false|false\u00bb custom_padding=\u00bb0px||0px||false|false\u00bb global_colors_info=\u00bb{}\u00bb]<\/p>\n<p>Estructura en acero inoxidable<br \/>Caudal hasta 25 m3\/h<br \/>Presi\u00f3n m\u00e1xima : 10 Bar<\/p>\n<p>Tama\u00f1os disponibles (entrada \/ salida) :<br \/>1\u2019\u2019 rosca macho<br \/>2\u2019\u2019 rosca macho<\/p>\n<p>[\/et_pb_text][\/et_pb_column][et_pb_column type=\u00bb1_2&#8243; _builder_version=\u00bb4.18.0&#8243; background_color=\u00bb#ffffff\u00bb transform_translate_linked__hover=\u00bboff\u00bb custom_padding=\u00bb40px|40px|40px|40px|true|true\u00bb box_shadow_style=\u00bbpreset1&#8243; box_shadow_blur=\u00bb63px\u00bb box_shadow_color=\u00bbrgba(181,181,181,0.3)\u00bb global_colors_info=\u00bb{}\u00bb transform_styles__hover_enabled=\u00bboff|desktop\u00bb transform_scale__hover_enabled=\u00bboff|desktop\u00bb transform_translate__hover_enabled=\u00bboff|desktop\u00bb transform_rotate__hover_enabled=\u00bboff|desktop\u00bb transform_skew__hover_enabled=\u00bboff|desktop\u00bb transform_origin__hover_enabled=\u00bboff|desktop\u00bb transform_translate__hover=\u00bb0px|-10px\u00bb box_shadow_vertical__hover_enabled=\u00bbon|hover\u00bb box_shadow_vertical__hover=\u00bb12px\u00bb box_shadow_color__hover_enabled=\u00bbon|hover\u00bb box_shadow_color__hover=\u00bbrgba(150,150,150,0.3)\u00bb box_shadow_blur__hover_enabled=\u00bbon|hover\u00bb box_shadow_blur__hover=\u00bb80px\u00bb][et_pb_image src=\u00bbhttps:\/\/www.hectron.com\/wp-content\/uploads\/2024\/12\/HNC-2.png\u00bb title_text=\u00bbHNC (2)\u00bb _builder_version=\u00bb4.27.4&#8243; _module_preset=\u00bbdefault\u00bb global_colors_info=\u00bb{}\u00bb][\/et_pb_image][et_pb_text _builder_version=\u00bb4.27.0&#8243; text_font=\u00bbPoppins|700|||||||\u00bb text_text_color=\u00bb#014a5a\u00bb text_font_size=\u00bb20px\u00bb text_line_height=\u00bb29px\u00bb module_alignment=\u00bbleft\u00bb custom_margin=\u00bb29px||||false|false\u00bb link_option_url=\u00bb#\u00bb global_colors_info=\u00bb{}\u00bb text_text_color__hover_enabled=\u00bboff|desktop\u00bb text_text_color__hover=\u00bb#ff5e14&#8243;]<\/p>\n<p>HNC<\/p>\n<p>[\/et_pb_text][et_pb_divider color=\u00bb#E7EBEF\u00bb divider_weight=\u00bb2px\u00bb _builder_version=\u00bb4.16&#8243; custom_margin=\u00bb30px||||false|false\u00bb global_colors_info=\u00bb{}\u00bb][\/et_pb_divider][et_pb_text _builder_version=\u00bb4.27.2&#8243; _module_preset=\u00bbdefault\u00bb text_font=\u00bbRoboto Flex||||||||\u00bb text_text_color=\u00bb#666666&#8243; text_font_size=\u00bb16px\u00bb text_line_height=\u00bb1.5em\u00bb custom_margin=\u00bb0px||17px||false|false\u00bb custom_padding=\u00bb0px||0px||false|false\u00bb global_colors_info=\u00bb{}\u00bb]<\/p>\n<p>Estructura en acero inoxidable<br \/>Forma c\u00f3nica<br \/>Caudal hasta 70 m3\/h<br \/>Presi\u00f3n m\u00e1xima : 10 Bar<\/p>\n<p>Tama\u00f1os disponibles (entrada \/ salida) :<br \/>3\u2019\u2019 rosca macho<br \/>Bridas DN100<\/p>\n<p>[\/et_pb_text][\/et_pb_column][\/et_pb_row][\/et_pb_section]<\/p>\n","protected":false},"excerpt":{"rendered":"<p>GAMA HNHidrociclones de acero inoxidableLos hidrociclones permiten eliminar la mayor parte de los s\u00f3lidos pesados en suspensi\u00f3n presentes en el agua. La aplicaci\u00f3n principal es el tratamiento de aguas de pozo cargadas de arena. La aplicaci\u00f3n principal es el tratamiento de aguas de pozo cargadas de arena.Los hidrociclones Hectron HN y HNC est\u00e1n fabricados en [&hellip;]<\/p>\n","protected":false},"author":4,"featured_media":0,"parent":0,"menu_order":0,"comment_status":"closed","ping_status":"closed","template":"","meta":{"_et_pb_use_builder":"on","_et_pb_old_content":"","_et_gb_content_width":"","om_disable_all_campaigns":false,"_monsterinsights_skip_tracking":false,"_monsterinsights_sitenote_active":false,"_monsterinsights_sitenote_note":"","_monsterinsights_sitenote_category":0,"footnotes":""},"class_list":["post-231302","page","type-page","status-publish","hentry"],"aioseo_notices":[],"_links":{"self":[{"href":"https:\/\/www.hectron.com\/es\/wp-json\/wp\/v2\/pages\/231302","targetHints":{"allow":["GET"]}}],"collection":[{"href":"https:\/\/www.hectron.com\/es\/wp-json\/wp\/v2\/pages"}],"about":[{"href":"https:\/\/www.hectron.com\/es\/wp-json\/wp\/v2\/types\/page"}],"author":[{"embeddable":true,"href":"https:\/\/www.hectron.com\/es\/wp-json\/wp\/v2\/users\/4"}],"replies":[{"embeddable":true,"href":"https:\/\/www.hectron.com\/es\/wp-json\/wp\/v2\/comments?post=231302"}],"version-history":[{"count":7,"href":"https:\/\/www.hectron.com\/es\/wp-json\/wp\/v2\/pages\/231302\/revisions"}],"predecessor-version":[{"id":320911,"href":"https:\/\/www.hectron.com\/es\/wp-json\/wp\/v2\/pages\/231302\/revisions\/320911"}],"wp:attachment":[{"href":"https:\/\/www.hectron.com\/es\/wp-json\/wp\/v2\/media?parent=231302"}],"curies":[{"name":"wp","href":"https:\/\/api.w.org\/{rel}","templated":true}]}}