{"id":231317,"date":"2024-09-26T14:14:07","date_gmt":"2024-09-26T12:14:07","guid":{"rendered":"https:\/\/www.hectron.com\/pozos-y-perforaciones\/"},"modified":"2025-07-17T16:22:58","modified_gmt":"2025-07-17T14:22:58","slug":"pozos-y-perforaciones","status":"publish","type":"page","link":"https:\/\/www.hectron.com\/es\/pozos-y-perforaciones\/","title":{"rendered":"Pozos y perforaciones"},"content":{"rendered":"<p>[et_pb_section fb_built=\u00bb1&#8243; _builder_version=\u00bb4.16&#8243; custom_padding=\u00bb56px||56px||true|\u00bb global_colors_info=\u00bb{}\u00bb][et_pb_row _builder_version=\u00bb4.21.0&#8243; _module_preset=\u00bbdefault\u00bb width=\u00bb90%\u00bb max_width=\u00bb1170px\u00bb custom_margin=\u00bb0px||29px||false|false\u00bb custom_padding=\u00bb0px||0px||false|false\u00bb global_colors_info=\u00bb{}\u00bb][et_pb_column type=\u00bb4_4&#8243; _builder_version=\u00bb4.21.0&#8243; _module_preset=\u00bbdefault\u00bb global_colors_info=\u00bb{}\u00bb][et_pb_text _builder_version=\u00bb4.27.0&#8243; _module_preset=\u00bbdefault\u00bb header_4_font=\u00bbSaira|700||on|||||\u00bb header_4_text_align=\u00bbcenter\u00bb header_4_text_color=\u00bb#c0100e\u00bb header_4_font_size=\u00bb25px\u00bb custom_margin=\u00bb0px||4px||false|false\u00bb custom_padding=\u00bb0px||0px||false|false\u00bb global_colors_info=\u00bb{}\u00bb]<\/p>\n<h4>Dom\u00e9stico<\/h4>\n<p>[\/et_pb_text][et_pb_text _builder_version=\u00bb4.27.0&#8243; _module_preset=\u00bbdefault\u00bb header_2_font=\u00bbSaira|700|||||||\u00bb header_2_text_align=\u00bbcenter\u00bb header_2_text_color=\u00bb#014a5a\u00bb header_2_font_size=\u00bb43px\u00bb header_2_letter_spacing=\u00bb-1px\u00bb header_2_line_height=\u00bb1.2em\u00bb custom_margin=\u00bb0px||0px||false|false\u00bb custom_padding=\u00bb0px||0px||false|false\u00bb header_2_font_size_tablet=\u00bb43px\u00bb header_2_font_size_phone=\u00bb30px\u00bb header_2_font_size_last_edited=\u00bbon|phone\u00bb global_colors_info=\u00bb{}\u00bb]<\/p>\n<h2>Filtro de pozo<\/h2>\n<p>[\/et_pb_text][\/et_pb_column][\/et_pb_row][et_pb_row column_structure=\u00bb1_2,1_2&#8243; use_custom_gutter=\u00bbon\u00bb gutter_width=\u00bb1&#8243; make_equal=\u00bbon\u00bb _builder_version=\u00bb4.27.4&#8243; width_tablet=\u00bb90%\u00bb width_phone=\u00bb90%\u00bb width_last_edited=\u00bboff|desktop\u00bb max_width_tablet=\u00bb90%\u00bb max_width_phone=\u00bb90%\u00bb max_width_last_edited=\u00bboff|desktop\u00bb custom_padding=\u00bb0px||0px||true|false\u00bb hover_enabled=\u00bb0&#8243; box_shadow_style=\u00bbpreset1&#8243; box_shadow_vertical=\u00bb11px\u00bb box_shadow_blur=\u00bb58px\u00bb box_shadow_color=\u00bbrgba(158,158,158,0.3)\u00bb global_colors_info=\u00bb{}\u00bb sticky_enabled=\u00bb0&#8243;][et_pb_column type=\u00bb1_2&#8243; _builder_version=\u00bb4.27.4&#8243; background_image=\u00bbhttps:\/\/www.hectron.com\/wp-content\/uploads\/2025\/07\/AdobeStock_594644391-redim.jpeg\u00bb hover_enabled=\u00bb0&#8243; global_colors_info=\u00bb{}\u00bb title_text=\u00bbAutomatic watering system on the lawn. watering heads and pipes\u00bb sticky_enabled=\u00bb0&#8243;][et_pb_divider show_divider=\u00bboff\u00bb disabled_on=\u00bboff|off|on\u00bb _builder_version=\u00bb4.16&#8243; custom_padding=\u00bb28%||28%||true|false\u00bb global_colors_info=\u00bb{}\u00bb][\/et_pb_divider][\/et_pb_column][et_pb_column type=\u00bb1_2&#8243; _builder_version=\u00bb4.16&#8243; background_color=\u00bb#ffffff\u00bb custom_padding=\u00bb70px|50px|70px|50px|true|true\u00bb global_colors_info=\u00bb{}\u00bb][et_pb_text _builder_version=\u00bb4.27.4&#8243; text_font=\u00bbRoboto Flex||||||||\u00bb text_text_color=\u00bb#666666&#8243; text_font_size=\u00bb16px\u00bb text_line_height=\u00bb1.8em\u00bb module_alignment=\u00bbcenter\u00bb custom_margin=\u00bb9px||||false|false\u00bb text_text_align=\u00bbleft\u00bb global_colors_info=\u00bb{}\u00bb]<\/p>\n<p>Perforar para obtener agua es una fuente de ahorro importante en comparaci\u00f3n con el agua de la red, tanto si el agua se utiliza para una bomba de calor como para regar o abastecer la casa.<\/p>\n<p>En presencia de arcilla, limo o arena, es necesaria la filtraci\u00f3n. Las soluciones autom\u00e1ticas de Hectron evitan el tiempo y el coste que supone la sustituci\u00f3n de los cartuchos. <\/p>\n<p>Los equipos que se indican a continuaci\u00f3n tambi\u00e9n son adecuados para aplicaciones profesionales, como los t\u00faneles de lavado.<\/p>\n<p>[\/et_pb_text][\/et_pb_column][\/et_pb_row][\/et_pb_section][et_pb_section fb_built=\u00bb1&#8243; _builder_version=\u00bb4.27.0&#8243; _module_preset=\u00bbdefault\u00bb background_color=\u00bb#f1f5f6&#8243; custom_padding=\u00bb25px|||||\u00bb global_colors_info=\u00bb{}\u00bb][et_pb_row _builder_version=\u00bb4.27.0&#8243; _module_preset=\u00bbdefault\u00bb global_colors_info=\u00bb{}\u00bb][et_pb_column type=\u00bb4_4&#8243; _builder_version=\u00bb4.27.0&#8243; _module_preset=\u00bbdefault\u00bb global_colors_info=\u00bb{}\u00bb][et_pb_text _builder_version=\u00bb4.27.0&#8243; _module_preset=\u00bbdefault\u00bb header_2_font=\u00bbSaira|700|||||||\u00bb header_2_text_align=\u00bbcenter\u00bb header_2_text_color=\u00bb#014a5a\u00bb header_2_font_size=\u00bb43px\u00bb header_2_letter_spacing=\u00bb-1px\u00bb header_2_line_height=\u00bb1.2em\u00bb custom_margin=\u00bb0px||0px||false|false\u00bb custom_padding=\u00bb0px||0px||false|false\u00bb header_2_font_size_tablet=\u00bb43px\u00bb header_2_font_size_phone=\u00bb30px\u00bb header_2_font_size_last_edited=\u00bbon|phone\u00bb global_colors_info=\u00bb{}\u00bb]<\/p>\n<h2>Material adecuado<\/h2>\n<p>[\/et_pb_text][\/et_pb_column][\/et_pb_row][et_pb_row column_structure=\u00bb1_2,1_2&#8243; use_custom_gutter=\u00bbon\u00bb gutter_width=\u00bb2&#8243; make_equal=\u00bbon\u00bb _builder_version=\u00bb4.27.0&#8243; width=\u00bb90%\u00bb width_tablet=\u00bb90%\u00bb width_phone=\u00bb90%\u00bb width_last_edited=\u00bbon|phone\u00bb max_width_tablet=\u00bb90%\u00bb max_width_phone=\u00bb90%\u00bb max_width_last_edited=\u00bboff|desktop\u00bb custom_padding=\u00bb0px||0px||false|false\u00bb global_colors_info=\u00bb{}\u00bb][et_pb_column type=\u00bb1_2&#8243; _builder_version=\u00bb4.18.0&#8243; background_color=\u00bb#ffffff\u00bb transform_translate_linked__hover=\u00bboff\u00bb custom_padding=\u00bb40px|40px|40px|40px|true|true\u00bb box_shadow_style=\u00bbpreset1&#8243; box_shadow_blur=\u00bb63px\u00bb box_shadow_color=\u00bbrgba(181,181,181,0.3)\u00bb global_colors_info=\u00bb{}\u00bb transform_styles__hover_enabled=\u00bboff|desktop\u00bb transform_scale__hover_enabled=\u00bboff|desktop\u00bb transform_translate__hover_enabled=\u00bboff|desktop\u00bb transform_rotate__hover_enabled=\u00bboff|desktop\u00bb transform_skew__hover_enabled=\u00bboff|desktop\u00bb transform_origin__hover_enabled=\u00bboff|desktop\u00bb transform_translate__hover=\u00bb0px|-10px\u00bb box_shadow_vertical__hover_enabled=\u00bbon|hover\u00bb box_shadow_vertical__hover=\u00bb12px\u00bb box_shadow_color__hover_enabled=\u00bbon|hover\u00bb box_shadow_color__hover=\u00bbrgba(150,150,150,0.3)\u00bb box_shadow_blur__hover_enabled=\u00bbon|hover\u00bb box_shadow_blur__hover=\u00bb80px\u00bb][et_pb_image src=\u00bbhttps:\/\/www.hectron.com\/wp-content\/uploads\/2024\/10\/Design-sans-titre-2024-10-31T090344.353.png\u00bb title_text=\u00bbPrago2&#8243; _builder_version=\u00bb4.27.2&#8243; _module_preset=\u00bbdefault\u00bb global_colors_info=\u00bb{}\u00bb][\/et_pb_image][et_pb_text _builder_version=\u00bb4.27.0&#8243; text_font=\u00bbPoppins|700|||||||\u00bb text_text_color=\u00bb#014a5a\u00bb text_font_size=\u00bb20px\u00bb text_line_height=\u00bb29px\u00bb module_alignment=\u00bbleft\u00bb custom_margin=\u00bb29px||||false|false\u00bb link_option_url=\u00bb#\u00bb global_colors_info=\u00bb{}\u00bb text_text_color__hover_enabled=\u00bboff|desktop\u00bb text_text_color__hover=\u00bb#ff5e14&#8243;]<\/p>\n<p><b>FILTRO AUTOM\u00c1TICO <span>PRAGO 2<\/span><\/b><b><\/b><\/p>\n<p>[\/et_pb_text][et_pb_divider color=\u00bb#E7EBEF\u00bb divider_weight=\u00bb2px\u00bb _builder_version=\u00bb4.16&#8243; custom_margin=\u00bb30px||||false|false\u00bb global_colors_info=\u00bb{}\u00bb][\/et_pb_divider][et_pb_text _builder_version=\u00bb4.27.0&#8243; _module_preset=\u00bbdefault\u00bb text_font=\u00bbRoboto Flex||||||||\u00bb text_text_color=\u00bb#666666&#8243; text_font_size=\u00bb16px\u00bb text_line_height=\u00bb1.5em\u00bb custom_margin=\u00bb0px||17px||false|false\u00bb custom_padding=\u00bb0px||0px||false|false\u00bb global_colors_info=\u00bb{}\u00bb]<\/p>\n<div class=\"elementor-element elementor-element-3ba63a1 elementor-widget elementor-widget-text-editor\" data-id=\"3ba63a1\" data-element_type=\"widget\" data-widget_type=\"text-editor.default\">\n<div class=\"elementor-widget-container\">\n<div class=\"elementor-text-editor elementor-clearfix\">\n<p><strong><span>Calidad de filtraci\u00f3n<\/span><\/strong><\/p>\n<\/div>\n<\/div>\n<\/div>\n<div class=\"elementor-element elementor-element-516359d elementor--star-style-star_unicode elementor-widget elementor-widget-star-rating\" data-id=\"516359d\" data-element_type=\"widget\" data-widget_type=\"star-rating.default\">\n<div class=\"elementor-widget-container\">\n<div class=\"elementor-star-rating__wrapper\">\n<div class=\"elementor-star-rating\" title=\"3\/5\"><span>\u2605\u2605\u2605<\/span><\/div>\n<\/div>\n<\/div>\n<\/div>\n<div class=\"elementor-element elementor-element-c1475e8 elementor-icon-list--layout-traditional elementor-list-item-link-full_width elementor-widget elementor-widget-icon-list\" data-id=\"c1475e8\" data-element_type=\"widget\" data-widget_type=\"icon-list.default\">\n<div class=\"elementor-widget-container\">\n<p><span class=\"elementor-icon-list-text\">Grado de filtraci\u00f3n a partir de 100 micras<\/span><\/p>\n<p><span class=\"elementor-icon-list-text\"><\/span><\/p>\n<div class=\"elementor-element elementor-element-7d12171 elementor-widget elementor-widget-text-editor\" data-id=\"7d12171\" data-element_type=\"widget\" data-widget_type=\"text-editor.default\">\n<div class=\"elementor-widget-container\">\n<div class=\"elementor-text-editor elementor-clearfix\">\n<p><strong><span>Mantenimiento<\/span><\/strong><\/p>\n<\/div>\n<\/div>\n<\/div>\n<div class=\"elementor-element elementor-element-83b5d19 elementor--star-style-star_unicode elementor-widget elementor-widget-star-rating\" data-id=\"83b5d19\" data-element_type=\"widget\" data-widget_type=\"star-rating.default\">\n<div class=\"elementor-widget-container\">\n<div class=\"elementor-star-rating__wrapper\">\n<div class=\"elementor-star-rating\" title=\"4\/5\"><span>\u2605\u2605\u2605\u2605<\/span><\/div>\n<\/div>\n<\/div>\n<\/div>\n<div class=\"elementor-element elementor-element-87059c3 elementor-icon-list--layout-traditional elementor-list-item-link-full_width elementor-widget elementor-widget-icon-list\" data-id=\"87059c3\" data-element_type=\"widget\" data-widget_type=\"icon-list.default\">\n<div class=\"elementor-widget-container\">\n<p><span class=\"elementor-icon-list-text\">100 % autom\u00e1tico<\/span><\/p>\n<\/div>\n<\/div>\n<\/div>\n<\/div>\n<p>[\/et_pb_text][et_pb_button button_url=\u00bb@ET-DC@eyJkeW5hbWljIjp0cnVlLCJjb250ZW50IjoicG9zdF9saW5rX3VybF9wYWdlIiwic2V0dGluZ3MiOnsicG9zdF9pZCI6IjgwOTg1IiwiZW5hYmxlX2h0bWwiOiJvZmYifX0=@\u00bb button_text=\u00bbVer el producto\u00bb button_alignment=\u00bbleft\u00bb _builder_version=\u00bb4.27.2&#8243; _dynamic_attributes=\u00bbbutton_url\u00bb _module_preset=\u00bbdefault\u00bb custom_button=\u00bbon\u00bb button_text_size=\u00bb15px\u00bb button_text_color=\u00bb#FFFFFF\u00bb button_bg_color=\u00bb#c0100e\u00bb button_border_width=\u00bb0px\u00bb button_border_radius=\u00bb4px\u00bb button_font=\u00bbSaira|700|||||||\u00bb button_use_icon=\u00bboff\u00bb custom_margin=\u00bb21px|||||\u00bb custom_padding=\u00bb14px|30px|13px|30px|false|false\u00bb global_colors_info=\u00bb{}\u00bb button_text_color__hover_enabled=\u00bboff|desktop\u00bb button_text_color__hover=\u00bb#1b1a1a\u00bb button_bg_color__hover_enabled=\u00bboff|desktop\u00bb button_bg_color__hover=\u00bb#FFFFFF\u00bb button_bg_enable_color__hover=\u00bbon\u00bb button_letter_spacing__hover=\u00bb0px\u00bb button_letter_spacing__hover_enabled=\u00bbon|hover\u00bb][\/et_pb_button][\/et_pb_column][et_pb_column type=\u00bb1_2&#8243; _builder_version=\u00bb4.16&#8243; background_color=\u00bb#ffffff\u00bb custom_padding=\u00bb40px|40px|40px|40px|true|true\u00bb box_shadow_style=\u00bbpreset1&#8243; box_shadow_blur=\u00bb63px\u00bb box_shadow_color=\u00bbrgba(181,181,181,0.3)\u00bb global_colors_info=\u00bb{}\u00bb transform_styles__hover_enabled=\u00bbon|hover\u00bb box_shadow_vertical__hover_enabled=\u00bbon|hover\u00bb box_shadow_vertical__hover=\u00bb12px\u00bb box_shadow_color__hover_enabled=\u00bbon|hover\u00bb box_shadow_color__hover=\u00bbrgba(150,150,150,0.3)\u00bb box_shadow_blur__hover_enabled=\u00bbon|hover\u00bb box_shadow_blur__hover=\u00bb80px\u00bb][et_pb_image src=\u00bbhttps:\/\/www.hectron.com\/wp-content\/uploads\/2024\/10\/AG100-1.png\u00bb title_text=\u00bbAG100 (1)\u00bb _builder_version=\u00bb4.27.2&#8243; _module_preset=\u00bbdefault\u00bb global_colors_info=\u00bb{}\u00bb][\/et_pb_image][et_pb_text _builder_version=\u00bb4.27.4&#8243; text_font=\u00bbPoppins|700|||||||\u00bb text_text_color=\u00bb#014a5a\u00bb text_font_size=\u00bb20px\u00bb text_line_height=\u00bb29px\u00bb module_alignment=\u00bbleft\u00bb custom_margin=\u00bb29px||||false|false\u00bb custom_padding=\u00bb0px|||||\u00bb link_option_url=\u00bb#\u00bb global_colors_info=\u00bb{}\u00bb text_text_color__hover_enabled=\u00bboff|desktop\u00bb text_text_color__hover=\u00bb#ff5e14&#8243;]<\/p>\n<p><b>FILTRO AUTOM\u00c1TICO <span>AG100<\/span><\/b><\/p>\n<p>[\/et_pb_text][et_pb_divider color=\u00bb#E7EBEF\u00bb divider_weight=\u00bb2px\u00bb _builder_version=\u00bb4.16&#8243; custom_margin=\u00bb30px||||false|false\u00bb global_colors_info=\u00bb{}\u00bb][\/et_pb_divider][et_pb_text _builder_version=\u00bb4.27.0&#8243; _module_preset=\u00bbdefault\u00bb text_font=\u00bbRoboto Flex||||||||\u00bb text_text_color=\u00bb#666666&#8243; text_font_size=\u00bb16px\u00bb text_line_height=\u00bb1.5em\u00bb custom_margin=\u00bb0px||17px||false|false\u00bb custom_padding=\u00bb0px||0px||false|false\u00bb global_colors_info=\u00bb{}\u00bb]<\/p>\n<div class=\"elementor-element elementor-element-3ba63a1 elementor-widget elementor-widget-text-editor\" data-id=\"3ba63a1\" data-element_type=\"widget\" data-widget_type=\"text-editor.default\">\n<div class=\"elementor-widget-container\">\n<div class=\"elementor-text-editor elementor-clearfix\">\n<p><strong><span>Calidad de filtraci\u00f3n<\/span><\/strong><\/p>\n<\/div>\n<\/div>\n<\/div>\n<div class=\"elementor-element elementor-element-516359d elementor--star-style-star_unicode elementor-widget elementor-widget-star-rating\" data-id=\"516359d\" data-element_type=\"widget\" data-widget_type=\"star-rating.default\">\n<div class=\"elementor-widget-container\">\n<div class=\"elementor-star-rating__wrapper\">\n<div class=\"elementor-star-rating\" title=\"3\/5\">\n<div class=\"elementor-element elementor-element-8de477b elementor--star-style-star_unicode elementor-widget elementor-widget-star-rating\" data-id=\"8de477b\" data-element_type=\"widget\" data-widget_type=\"star-rating.default\">\n<div class=\"elementor-widget-container\">\n<div class=\"elementor-star-rating__wrapper\">\n<div class=\"elementor-star-rating\" title=\"4\/5\"><span>\u2605\u2605\u2605\u2605<\/span><\/div>\n<\/div>\n<\/div>\n<\/div>\n<div class=\"elementor-element elementor-element-1a539b4 elementor-icon-list--layout-traditional elementor-list-item-link-full_width elementor-widget elementor-widget-icon-list\" data-id=\"1a539b4\" data-element_type=\"widget\" data-widget_type=\"icon-list.default\">\n<div class=\"elementor-widget-container\">\n<p><span class=\"elementor-icon-list-text\">Grado de filtraci\u00f3n a partir de 2 micras<\/span><\/p>\n<p><span class=\"elementor-icon-list-text\"><\/span><\/p>\n<div class=\"elementor-element elementor-element-7d12171 elementor-widget elementor-widget-text-editor\" data-id=\"7d12171\" data-element_type=\"widget\" data-widget_type=\"text-editor.default\">\n<div class=\"elementor-widget-container\">\n<div class=\"elementor-text-editor elementor-clearfix\">\n<p><span><strong>Mantenimiento<\/strong><\/span><\/p>\n<\/div>\n<\/div>\n<\/div>\n<div class=\"elementor-element elementor-element-83b5d19 elementor--star-style-star_unicode elementor-widget elementor-widget-star-rating\" data-id=\"83b5d19\" data-element_type=\"widget\" data-widget_type=\"star-rating.default\">\n<div class=\"elementor-widget-container\">\n<div class=\"elementor-star-rating__wrapper\">\n<div class=\"elementor-star-rating\" title=\"4\/5\">\n<div class=\"elementor-element elementor-element-5bb9190 elementor--star-style-star_unicode elementor-widget elementor-widget-star-rating\" data-id=\"5bb9190\" data-element_type=\"widget\" data-widget_type=\"star-rating.default\">\n<div class=\"elementor-widget-container\">\n<div class=\"elementor-star-rating__wrapper\">\n<div class=\"elementor-star-rating\" title=\"4\/5\"><span>\u2605\u2605\u2605\u2605<\/span><\/div>\n<\/div>\n<\/div>\n<\/div>\n<div class=\"elementor-element elementor-element-81ff5e5 elementor-icon-list--layout-traditional elementor-list-item-link-full_width elementor-widget elementor-widget-icon-list\" data-id=\"81ff5e5\" data-element_type=\"widget\" data-widget_type=\"icon-list.default\">\n<div class=\"elementor-widget-container\">\n<p><span class=\"elementor-icon-list-text\">100 % autom\u00e1tico<\/span><\/p>\n<\/div>\n<\/div>\n<\/div>\n<\/div>\n<\/div>\n<\/div>\n<\/div>\n<\/div>\n<\/div>\n<\/div>\n<\/div>\n<\/div>\n<p>[\/et_pb_text][et_pb_button button_url=\u00bb@ET-DC@eyJkeW5hbWljIjp0cnVlLCJjb250ZW50IjoicG9zdF9saW5rX3VybF9wYWdlIiwic2V0dGluZ3MiOnsicG9zdF9pZCI6IjIzMTE2OSIsImVuYWJsZV9odG1sIjoib2ZmIn19@\u00bb button_text=\u00bbVer el producto\u00bb button_alignment=\u00bbleft\u00bb _builder_version=\u00bb4.27.4&#8243; _dynamic_attributes=\u00bbbutton_url\u00bb _module_preset=\u00bbdefault\u00bb custom_button=\u00bbon\u00bb button_text_size=\u00bb15px\u00bb button_text_color=\u00bb#FFFFFF\u00bb button_bg_color=\u00bb#c0100e\u00bb button_border_width=\u00bb0px\u00bb button_border_radius=\u00bb4px\u00bb button_font=\u00bbSaira|700|||||||\u00bb button_use_icon=\u00bboff\u00bb custom_margin=\u00bb21px|||||\u00bb custom_padding=\u00bb14px|30px|13px|30px|false|false\u00bb global_colors_info=\u00bb{}\u00bb button_text_color__hover_enabled=\u00bboff|desktop\u00bb button_text_color__hover=\u00bb#1b1a1a\u00bb button_bg_color__hover_enabled=\u00bboff|desktop\u00bb button_bg_color__hover=\u00bb#FFFFFF\u00bb button_bg_enable_color__hover=\u00bbon\u00bb button_letter_spacing__hover=\u00bb0px\u00bb button_letter_spacing__hover_enabled=\u00bbon|hover\u00bb][\/et_pb_button][\/et_pb_column][\/et_pb_row][\/et_pb_section][et_pb_section fb_built=\u00bb1&#8243; _builder_version=\u00bb4.16&#8243; custom_padding=\u00bb80px|0px|80px|0px|true|false\u00bb global_colors_info=\u00bb{}\u00bb][et_pb_row _builder_version=\u00bb4.21.0&#8243; _module_preset=\u00bbdefault\u00bb width=\u00bb90%\u00bb max_width=\u00bb1170px\u00bb custom_margin=\u00bb0px||29px||false|false\u00bb custom_padding=\u00bb0px||0px||false|false\u00bb global_colors_info=\u00bb{}\u00bb][et_pb_column type=\u00bb4_4&#8243; _builder_version=\u00bb4.21.0&#8243; _module_preset=\u00bbdefault\u00bb global_colors_info=\u00bb{}\u00bb][et_pb_text _builder_version=\u00bb4.27.0&#8243; _module_preset=\u00bbdefault\u00bb header_4_font=\u00bbSaira|700||on|||||\u00bb header_4_text_align=\u00bbcenter\u00bb header_4_text_color=\u00bb#c0100e\u00bb header_4_font_size=\u00bb25px\u00bb custom_margin=\u00bb0px||4px||false|false\u00bb custom_padding=\u00bb0px||0px||false|false\u00bb global_colors_info=\u00bb{}\u00bb]<\/p>\n<h4>PREGUNTAS FRECUENTES<\/h4>\n<p>[\/et_pb_text][et_pb_text _builder_version=\u00bb4.27.0&#8243; _module_preset=\u00bbdefault\u00bb header_2_font=\u00bbSaira|700|||||||\u00bb header_2_text_align=\u00bbcenter\u00bb header_2_text_color=\u00bb#014a5a\u00bb header_2_font_size=\u00bb43px\u00bb header_2_letter_spacing=\u00bb-1px\u00bb header_2_line_height=\u00bb1.2em\u00bb custom_margin=\u00bb0px||0px||false|false\u00bb custom_padding=\u00bb0px||0px||false|false\u00bb header_2_font_size_tablet=\u00bb43px\u00bb header_2_font_size_phone=\u00bb30px\u00bb header_2_font_size_last_edited=\u00bbon|phone\u00bb global_colors_info=\u00bb{}\u00bb]<\/p>\n<h2>Preguntas y respuestas<\/h2>\n<p>[\/et_pb_text][\/et_pb_column][\/et_pb_row][et_pb_row _builder_version=\u00bb4.16&#8243; global_colors_info=\u00bb{}\u00bb][et_pb_column type=\u00bb4_4&#8243; _builder_version=\u00bb4.16&#8243; custom_padding=\u00bb|||\u00bb global_colors_info=\u00bb{}\u00bb custom_padding__hover=\u00bb|||\u00bb][et_pb_accordion open_toggle_text_color=\u00bb#014a5a\u00bb open_toggle_background_color=\u00bbrgba(0,0,0,0)\u00bb closed_toggle_text_color=\u00bb#014a5a\u00bb closed_toggle_background_color=\u00bb#f1f5f6&#8243; icon_color=\u00bb#014a5a\u00bb _builder_version=\u00bb4.27.0&#8243; toggle_text_color=\u00bb#014a5a\u00bb toggle_font=\u00bb|600|||||||\u00bb toggle_font_size=\u00bb17px\u00bb toggle_line_height=\u00bb1.4em\u00bb closed_toggle_font=\u00bbPoppins|600|||||||\u00bb closed_toggle_font_size=\u00bb15px\u00bb closed_toggle_line_height=\u00bb1.4em\u00bb body_font=\u00bbRoboto Flex||||||||\u00bb body_font_size=\u00bb16px\u00bb body_line_height=\u00bb1.8em\u00bb text_orientation=\u00bbleft\u00bb custom_padding=\u00bb|||\u00bb border_width_all=\u00bb0px\u00bb global_colors_info=\u00bb{}\u00bb open_toggle_text_color__hover_enabled=\u00bbon|desktop\u00bb open_toggle_text_color__hover=\u00bb#014a5a\u00bb][et_pb_accordion_item title=\u00bb\u00bfQu\u00e9 protecci\u00f3n para una bomba de calor con agua de un acu\u00edfero?\u00bb open=\u00bbon\u00bb _builder_version=\u00bb4.27.0&#8243; global_colors_info=\u00bb{}\u00bb]<\/p>\n<p><span>Los intercambiadores de calor tubulares no suelen requerir protecci\u00f3n. Los intercambiadores de placas son m\u00e1s eficaces, pero tambi\u00e9n m\u00e1s propensos a obstruirse. En presencia de arena, el filtro Prago 2 es suficiente. En presencia de tierra o arcilla, se requiere una filtraci\u00f3n m\u00e1s fina para evitar los dep\u00f3sitos. La soluci\u00f3n AG100 es la m\u00e1s recomendada.    <\/span><\/p>\n<p>[\/et_pb_accordion_item][et_pb_accordion_item title=\u00bb\u00bfSe puede beber el agua de mi pozo?\u00bb _builder_version=\u00bb4.27.0&#8243; global_colors_info=\u00bb{}\u00bb open=\u00bboff\u00bb]<\/p>\n<p><span>La etapa de filtraci\u00f3n permite eliminar los dep\u00f3sitos y la coloraci\u00f3n del agua. Pero es imprescindible a\u00f1adir despu\u00e9s del filtro un sistema contra las bacterias, generalmente un UV. Otros contaminantes pueden estar presentes; por lo tanto, es indispensable un an\u00e1lisis fisicoqu\u00edmico del agua.  <\/span><\/p>\n<p>[\/et_pb_accordion_item][et_pb_accordion_item title=\u00bb\u00bfVa a hacer el filtro que el agua sea cristalina?\u00bb _builder_version=\u00bb4.27.0&#8243; global_colors_info=\u00bb{}\u00bb open=\u00bboff\u00bb]<\/p>\n<p><span>Un agua coloreada indica la presencia de part\u00edculas muy finas en suspensi\u00f3n. Los filtros AG100 son una respuesta eficaz en el 90 % de los casos, pero puede ocurrir que las part\u00edculas sean demasiado finas para ser eliminadas por estos filtros. No dude en enviarnos una muestra de agua para su validaci\u00f3n.  <\/span><\/p>\n<p>[\/et_pb_accordion_item][et_pb_accordion_item title=\u00bb\u00bfHidrocicl\u00f3n o filtro autom\u00e1tico Prago 2?\u00bb _builder_version=\u00bb4.27.0&#8243; global_colors_info=\u00bb{}\u00bb open=\u00bboff\u00bb]<\/p>\n<p><span>El filtro Prago 2 (100 micras) elimina m\u00e1s material que un hidrocicl\u00f3n. Pero la principal diferencia est\u00e1 en t\u00e9rminos de mantenimiento: el Prago es 100 % autom\u00e1tico, mientras que un hidrocicl\u00f3n debe purgarse de forma manual, aproximadamente una vez al mes. <\/span><\/p>\n<p>[\/et_pb_accordion_item][\/et_pb_accordion][\/et_pb_column][\/et_pb_row][\/et_pb_section]<\/p>\n","protected":false},"excerpt":{"rendered":"<p>Dom\u00e9sticoFiltro de pozoPerforar para obtener agua es una fuente de ahorro importante en comparaci\u00f3n con el agua de la red, tanto si el agua se utiliza para una bomba de calor como para regar o abastecer la casa. En presencia de arcilla, limo o arena, es necesaria la filtraci\u00f3n. Las soluciones autom\u00e1ticas de Hectron evitan [&hellip;]<\/p>\n","protected":false},"author":4,"featured_media":0,"parent":0,"menu_order":0,"comment_status":"closed","ping_status":"closed","template":"","meta":{"_et_pb_use_builder":"on","_et_pb_old_content":"","_et_gb_content_width":"","om_disable_all_campaigns":false,"_monsterinsights_skip_tracking":false,"_monsterinsights_sitenote_active":false,"_monsterinsights_sitenote_note":"","_monsterinsights_sitenote_category":0,"footnotes":""},"class_list":["post-231317","page","type-page","status-publish","hentry"],"aioseo_notices":[],"_links":{"self":[{"href":"https:\/\/www.hectron.com\/es\/wp-json\/wp\/v2\/pages\/231317","targetHints":{"allow":["GET"]}}],"collection":[{"href":"https:\/\/www.hectron.com\/es\/wp-json\/wp\/v2\/pages"}],"about":[{"href":"https:\/\/www.hectron.com\/es\/wp-json\/wp\/v2\/types\/page"}],"author":[{"embeddable":true,"href":"https:\/\/www.hectron.com\/es\/wp-json\/wp\/v2\/users\/4"}],"replies":[{"embeddable":true,"href":"https:\/\/www.hectron.com\/es\/wp-json\/wp\/v2\/comments?post=231317"}],"version-history":[{"count":7,"href":"https:\/\/www.hectron.com\/es\/wp-json\/wp\/v2\/pages\/231317\/revisions"}],"predecessor-version":[{"id":321318,"href":"https:\/\/www.hectron.com\/es\/wp-json\/wp\/v2\/pages\/231317\/revisions\/321318"}],"wp:attachment":[{"href":"https:\/\/www.hectron.com\/es\/wp-json\/wp\/v2\/media?parent=231317"}],"curies":[{"name":"wp","href":"https:\/\/api.w.org\/{rel}","templated":true}]}}