{"id":231351,"date":"2025-01-15T16:45:08","date_gmt":"2025-01-15T15:45:08","guid":{"rendered":"https:\/\/www.hectron.com\/produit\/filtro-automatico-para-perforacion-prago-2\/"},"modified":"2026-01-27T15:24:05","modified_gmt":"2026-01-27T14:24:05","slug":"filtro-automatico-para-perforacion-prago-2","status":"publish","type":"product","link":"https:\/\/www.hectron.com\/es\/producto\/filtro-automatico-para-perforacion-prago-2\/","title":{"rendered":"PRAGO 2"},"content":{"rendered":"<p>[et_pb_section fb_built=\u00bb1&#8243; _builder_version=\u00bb4.27.0&#8243; _module_preset=\u00bbdefault\u00bb custom_padding=\u00bb86px||1px|||\u00bb top_divider_color=\u00bb#014a5a\u00bb global_colors_info=\u00bb{}\u00bb][et_pb_row _builder_version=\u00bb4.21.0&#8243; _module_preset=\u00bbdefault\u00bb width=\u00bb90%\u00bb max_width=\u00bb1170px\u00bb custom_margin=\u00bb0px||29px||false|false\u00bb custom_padding=\u00bb0px||0px||false|false\u00bb global_colors_info=\u00bb{}\u00bb][et_pb_column type=\u00bb4_4&#8243; _builder_version=\u00bb4.21.0&#8243; _module_preset=\u00bbdefault\u00bb global_colors_info=\u00bb{}\u00bb][et_pb_wc_breadcrumb _builder_version=\u00bb4.27.4&#8243; body_font=\u00bbRoboto Flex||||||||\u00bb body_font_size=\u00bb16px\u00bb global_colors_info=\u00bb{}\u00bb][\/et_pb_wc_breadcrumb][\/et_pb_column][\/et_pb_row][\/et_pb_section][et_pb_section fb_built=\u00bb1&#8243; make_equal=\u00bbon\u00bb use_custom_gutter=\u00bbon\u00bb gutter_width=\u00bb2&#8243; specialty=\u00bbon\u00bb padding_top_1=\u00bb0px\u00bb padding_top_2=\u00bb0px\u00bb padding_right_1=\u00bb30px\u00bb padding_bottom_1=\u00bb0px\u00bb padding_bottom_2=\u00bb0px\u00bb padding_top_bottom_link_1=\u00bbtrue\u00bb padding_top_bottom_link_2=\u00bbtrue\u00bb padding_left_right_link_1=\u00bbfalse\u00bb padding_left_right_link_2=\u00bbfalse\u00bb padding_1_tablet=\u00bb|0px|||false|false\u00bb padding_1_phone=\u00bb\u00bb padding_1_last_edited=\u00bbon|tablet\u00bb _builder_version=\u00bb4.27.0&#8243; inner_width=\u00bb90%\u00bb inner_width_tablet=\u00bb90%\u00bb inner_width_phone=\u00bb90%\u00bb inner_width_last_edited=\u00bbon|phone\u00bb inner_max_width=\u00bb1170px\u00bb inner_max_width_tablet=\u00bb90%\u00bb inner_max_width_phone=\u00bb90%\u00bb inner_max_width_last_edited=\u00bbon|tablet\u00bb custom_margin=\u00bb29px|||||\u00bb custom_padding=\u00bb3px||3px||true|false\u00bb global_colors_info=\u00bb{}\u00bb][et_pb_column type=\u00bb1_2&#8243; specialty_columns=\u00bb2&#8243; _builder_version=\u00bb4.16&#8243; custom_padding=\u00bb|||\u00bb global_colors_info=\u00bb{}\u00bb custom_padding__hover=\u00bb|||\u00bb][et_pb_row_inner _builder_version=\u00bb4.27.2&#8243; custom_padding=\u00bb0px||0px||true|false\u00bb global_colors_info=\u00bb{}\u00bb][et_pb_column_inner saved_specialty_column_type=\u00bb1_2&#8243; _builder_version=\u00bb4.16&#8243; global_colors_info=\u00bb{}\u00bb][et_pb_wc_images _builder_version=\u00bb4.16&#8243; global_colors_info=\u00bb{}\u00bb][\/et_pb_wc_images][\/et_pb_column_inner][\/et_pb_row_inner][\/et_pb_column][et_pb_column type=\u00bb1_2&#8243; _builder_version=\u00bb4.16&#8243; custom_padding=\u00bb|||\u00bb global_colors_info=\u00bb{}\u00bb custom_padding__hover=\u00bb|||\u00bb][et_pb_wc_title _builder_version=\u00bb4.27.4&#8243; _module_preset=\u00bbdefault\u00bb header_font=\u00bbSaira|700|||||||\u00bb header_text_color=\u00bb#c0100e\u00bb header_font_size=\u00bb25px\u00bb header_letter_spacing=\u00bb1px\u00bb global_colors_info=\u00bb{}\u00bb][\/et_pb_wc_title][et_pb_text _builder_version=\u00bb4.27.4&#8243; _module_preset=\u00bbdefault\u00bb header_2_font=\u00bbSaira|700|||||||\u00bb header_2_text_align=\u00bbleft\u00bb header_2_text_color=\u00bb#014a5a\u00bb header_2_font_size=\u00bb43px\u00bb header_2_letter_spacing=\u00bb-1px\u00bb header_2_line_height=\u00bb1.2em\u00bb custom_margin=\u00bb-15px||0px||false|false\u00bb custom_padding=\u00bb0px||7px||false|false\u00bb header_2_font_size_tablet=\u00bb43px\u00bb header_2_font_size_phone=\u00bb30px\u00bb header_2_font_size_last_edited=\u00bbon|phone\u00bb global_colors_info=\u00bb{}\u00bb]<\/p>\n<h2>FILTRO AUTOM\u00c1TICO PARA POZOS<\/h2>\n<p>[\/et_pb_text][et_pb_wc_description _builder_version=\u00bb4.27.4&#8243; _module_preset=\u00bbdefault\u00bb body_font=\u00bbRoboto Flex||||||||\u00bb body_text_color=\u00bb#666666&#8243; body_font_size=\u00bb17px\u00bb body_line_height=\u00bb1.6em\u00bb header_font=\u00bb|700|||||||\u00bb custom_margin=\u00bb||||false|false\u00bb header_text_shadow_style=\u00bbpreset1&#8243; global_colors_info=\u00bb{}\u00bb][\/et_pb_wc_description][et_pb_wc_price _builder_version=\u00bb4.27.4&#8243; body_font=\u00bb|700|||||||\u00bb body_font_size=\u00bb32px\u00bb custom_margin=\u00bb30px||30px||false|false\u00bb global_colors_info=\u00bb{}\u00bb][\/et_pb_wc_price][et_pb_wc_add_to_cart _builder_version=\u00bb4.27.4&#8243; background_enable_color=\u00bboff\u00bb custom_button=\u00bbon\u00bb button_text_size=\u00bb17px\u00bb button_text_color=\u00bb#ffffff\u00bb button_bg_color=\u00bb#014a5a\u00bb button_border_width=\u00bb6px\u00bb button_border_color=\u00bbRGBA(255,255,255,0)\u00bb button_border_radius=\u00bb4px\u00bb button_letter_spacing=\u00bb0px\u00bb button_font=\u00bbSaira|700|||||||\u00bb global_colors_info=\u00bb{}\u00bb][\/et_pb_wc_add_to_cart][\/et_pb_column][\/et_pb_section][et_pb_section fb_built=\u00bb1&#8243; _builder_version=\u00bb4.27.4&#8243; _module_preset=\u00bbdefault\u00bb global_colors_info=\u00bb{}\u00bb][et_pb_row _builder_version=\u00bb4.27.4&#8243; _module_preset=\u00bbdefault\u00bb global_colors_info=\u00bb{}\u00bb][et_pb_column type=\u00bb4_4&#8243; _builder_version=\u00bb4.27.4&#8243; _module_preset=\u00bbdefault\u00bb global_colors_info=\u00bb{}\u00bb][et_pb_accordion open_toggle_text_color=\u00bb#014a5a\u00bb open_toggle_background_color=\u00bbRGBA(255,255,255,0)\u00bb closed_toggle_background_color=\u00bbRGBA(255,255,255,0)\u00bb icon_color=\u00bb#2f2f2f\u00bb use_icon_font_size=\u00bbon\u00bb icon_font_size=\u00bb30px\u00bb _builder_version=\u00bb4.27.4&#8243; _module_preset=\u00bbdefault\u00bb toggle_text_color=\u00bb#2f2f2f\u00bb toggle_level=\u00bbh2&#8243; toggle_font=\u00bb|700|||||||\u00bb toggle_font_size=\u00bb28px\u00bb custom_padding=\u00bb|0px||0px|false|false\u00bb border_width_all=\u00bb0px\u00bb border_width_top=\u00bb1px\u00bb border_color_top=\u00bb#2f2f2f\u00bb border_color_bottom=\u00bb#2f2f2f\u00bb global_colors_info=\u00bb{}\u00bb][et_pb_accordion_item title=\u00bbDescripci\u00f3n\u00bb open=\u00bbon\u00bb _builder_version=\u00bb4.27.4&#8243; _dynamic_attributes=\u00bbcontent\u00bb _module_preset=\u00bbdefault\u00bb global_colors_info=\u00bb{}\u00bb]@ET-DC@eyJkeW5hbWljIjp0cnVlLCJjb250ZW50IjoicHJvZHVjdF9kZXNjcmlwdGlvbiIsInNldHRpbmdzIjp7ImJlZm9yZSI6IiIsImFmdGVyIjoiIn19@[\/et_pb_accordion_item][et_pb_accordion_item title=\u00bbHauptmerkmale\u00bb _builder_version=\u00bb4.27.4&#8243; _module_preset=\u00bbdefault\u00bb global_colors_info=\u00bb{}\u00bb open=\u00bboff\u00bb]<\/p>\n<p>Cuerpo de lat\u00f3n<br \/>Caudal hasta 8 m3\/h<br \/>Filtraci\u00f3n : desde 100 \u00b5m<br \/>Presi\u00f3n m\u00e1xima : 7 Bar<\/p>\n<p>[\/et_pb_accordion_item][et_pb_accordion_item title=\u00bbTama\u00f1os disponibles\u00bb _builder_version=\u00bb4.27.4&#8243; _module_preset=\u00bbdefault\u00bb global_colors_info=\u00bb{}\u00bb open=\u00bboff\u00bb]<\/p>\n<p>Roscados 1\u201d1\/4<\/p>\n<p>[\/et_pb_accordion_item][et_pb_accordion_item title=\u00bbFinenza de filtraci\u00f3n\u00bb _builder_version=\u00bb4.27.4&#8243; _module_preset=\u00bbdefault\u00bb global_colors_info=\u00bb{}\u00bb open=\u00bboff\u00bb]100 \u00b5m<br \/>\n200 \u00b5m<br \/>\n300 \u00b5m[\/et_pb_accordion_item][\/et_pb_accordion][et_pb_button button_url=\u00bbhttps:\/\/www.hectron.com\/wp-content\/uploads\/2024\/10\/Filtre-automatique-Prago-2-1.pdf\u00bb button_text=\u00bbFolleto (pdf)\u00bb button_alignment=\u00bbcenter\u00bb _builder_version=\u00bb4.27.4&#8243; _module_preset=\u00bbdefault\u00bb custom_button=\u00bbon\u00bb button_text_size=\u00bb15px\u00bb button_text_color=\u00bb#FFFFFF\u00bb button_bg_color=\u00bb#c0100e\u00bb button_border_radius=\u00bb4px\u00bb button_font=\u00bbSaira|700|||||||\u00bb button_use_icon=\u00bboff\u00bb custom_margin=\u00bb13px|0px|0px|0px|false|false\u00bb custom_padding=\u00bb14px|30px|13px|30px|false|false\u00bb global_colors_info=\u00bb{}\u00bb button_text_color__hover_enabled=\u00bboff|desktop\u00bb button_text_color__hover=\u00bb#1b1a1a\u00bb button_bg_color__hover_enabled=\u00bboff|desktop\u00bb button_bg_color__hover=\u00bb#FFFFFF\u00bb button_bg_enable_color__hover=\u00bbon\u00bb button_letter_spacing__hover=\u00bb0px\u00bb button_letter_spacing__hover_enabled=\u00bbon|hover\u00bb][\/et_pb_button][\/et_pb_column][\/et_pb_row][\/et_pb_section][et_pb_section fb_built=\u00bb1&#8243; disabled_on=\u00bbon|on|off\u00bb _builder_version=\u00bb4.27.4&#8243; _module_preset=\u00bbdefault\u00bb background_enable_color=\u00bboff\u00bb box_shadow_style=\u00bbpreset1&#8243; locked=\u00bboff\u00bb global_colors_info=\u00bb{}\u00bb][et_pb_row column_structure=\u00bb2_3,1_3&#8243; use_custom_gutter=\u00bbon\u00bb gutter_width=\u00bb1&#8243; make_equal=\u00bbon\u00bb _builder_version=\u00bb4.27.0&#8243; _module_preset=\u00bbdefault\u00bb width=\u00bb90%\u00bb max_width=\u00bb1170px\u00bb custom_margin=\u00bb0px||0px||false|false\u00bb custom_padding=\u00bb0px||0px||false|false\u00bb global_colors_info=\u00bb{}\u00bb][et_pb_column type=\u00bb2_3&#8243; _builder_version=\u00bb4.21.0&#8243; _module_preset=\u00bbdefault\u00bb custom_padding=\u00bb|24px|||false|false\u00bb custom_padding_tablet=\u00bb|24px|||false|false\u00bb custom_padding_phone=\u00bb|0px|||false|false\u00bb custom_padding_last_edited=\u00bbon|phone\u00bb border_width_right=\u00bb1px\u00bb border_color_right=\u00bb#e1e1e1&#8243; border_width_right_tablet=\u00bb0px\u00bb border_width_right_phone=\u00bb0px\u00bb border_width_right_last_edited=\u00bbon|tablet\u00bb global_colors_info=\u00bb{}\u00bb][et_pb_blurb title=\u00bbTodos los filtros autom\u00e1ticos Hectron son dise\u00f1ados por nuestra oficina de proyectos. A continuaci\u00f3n, se ensamblan y prueban en nuestro taller de Niza. \u00bb image=\u00bbhttps:\/\/www.hectron.com\/wp-content\/uploads\/2024\/07\/Design-sans-titre-36.png\u00bb icon_placement=\u00bbleft\u00bb image_icon_width=\u00bb82px\u00bb content_max_width=\u00bb100%\u00bb image_icon_width_tablet=\u00bb82px\u00bb image_icon_width_phone=\u00bb60px\u00bb image_icon_width_last_edited=\u00bbon|phone\u00bb _builder_version=\u00bb4.27.4&#8243; _module_preset=\u00bbdefault\u00bb header_level=\u00bbh6&#8243; header_font=\u00bbRoboto Flex||||||||\u00bb header_text_align=\u00bbleft\u00bb header_text_color=\u00bb#7a7a7a\u00bb header_font_size=\u00bb17px\u00bb header_line_height=\u00bb1.6em\u00bb image_icon_custom_margin=\u00bb0px||0px||false|false\u00bb image_icon_custom_padding=\u00bb0px||0px||false|false\u00bb custom_margin=\u00bb0px||0px|80px|false|false\u00bb custom_margin_tablet=\u00bb0px||30px|0px|false|false\u00bb custom_margin_phone=\u00bb||15px||false|false\u00bb custom_margin_last_edited=\u00bbon|tablet\u00bb custom_padding=\u00bb0px||0px||false|false\u00bb animation=\u00bboff\u00bb custom_css_blurb_title=\u00bbmargin-top:13px;\u00bb custom_css_blurb_content=\u00bbmargin:0px;\u00bb global_colors_info=\u00bb{}\u00bb custom_css_blurb_title_last_edited=\u00bbon|phone\u00bb custom_css_blurb_title_phone=\u00bbmargin-top:0px;\u00bb custom_css_blurb_title_tablet=\u00bbmargin-top:13px;\u00bb][\/et_pb_blurb][\/et_pb_column][et_pb_column type=\u00bb1_3&#8243; _builder_version=\u00bb4.21.0&#8243; _module_preset=\u00bbdefault\u00bb custom_padding=\u00bb|||26px|false|false\u00bb custom_padding_tablet=\u00bb|||0px|false|false\u00bb custom_padding_phone=\u00bb|||0px|false|false\u00bb custom_padding_last_edited=\u00bbon|tablet\u00bb global_colors_info=\u00bb{}\u00bb][et_pb_blurb title=\u00bb\u00bfAlguna pregunta? \u00bb icon_placement=\u00bbleft\u00bb image_icon_width=\u00bb60px\u00bb _builder_version=\u00bb4.27.0&#8243; _module_preset=\u00bbdefault\u00bb header_font=\u00bbRoboto Flex||||||||\u00bb header_text_align=\u00bbleft\u00bb header_text_color=\u00bb#666666&#8243; header_font_size=\u00bb17px\u00bb body_font=\u00bbSaira|800|||||||\u00bb body_text_align=\u00bbleft\u00bb body_text_color=\u00bb#014a5a\u00bb body_font_size=\u00bb25px\u00bb image_icon_custom_margin=\u00bb0px||0px||false|false\u00bb image_icon_custom_padding=\u00bb0px||0px||false|false\u00bb custom_margin=\u00bb12px||0px||false|false\u00bb custom_padding=\u00bb0px||0px||false|false\u00bb animation=\u00bboff\u00bb custom_css_blurb_title=\u00bbmargin-bottom:2px;||margin-top:3px;\u00bb custom_css_blurb_content=\u00bbmargin:0px;\u00bb global_colors_info=\u00bb{}\u00bb]<\/p>\n<p>04 93 97 02 42<\/p>\n<p>[\/et_pb_blurb][\/et_pb_column][\/et_pb_row][\/et_pb_section][et_pb_section fb_built=\u00bb1&#8243; disabled_on=\u00bboff|on|on\u00bb _builder_version=\u00bb4.27.4&#8243; _module_preset=\u00bbdefault\u00bb custom_margin_tablet=\u00bb\u00bb custom_margin_phone=\u00bb0px||||false|false\u00bb custom_margin_last_edited=\u00bbon|phone\u00bb box_shadow_style=\u00bbpreset1&#8243; locked=\u00bboff\u00bb global_colors_info=\u00bb{}\u00bb][et_pb_row column_structure=\u00bb2_3,1_3&#8243; use_custom_gutter=\u00bbon\u00bb gutter_width=\u00bb1&#8243; make_equal=\u00bbon\u00bb _builder_version=\u00bb4.27.0&#8243; _module_preset=\u00bbdefault\u00bb width=\u00bb90%\u00bb max_width=\u00bb1170px\u00bb custom_margin=\u00bb0px||0px||false|false\u00bb custom_padding=\u00bb0px||0px||false|false\u00bb global_colors_info=\u00bb{}\u00bb][et_pb_column type=\u00bb2_3&#8243; _builder_version=\u00bb4.21.0&#8243; _module_preset=\u00bbdefault\u00bb custom_padding=\u00bb|24px|||false|false\u00bb custom_padding_tablet=\u00bb|24px|||false|false\u00bb custom_padding_phone=\u00bb|0px|||false|false\u00bb custom_padding_last_edited=\u00bbon|phone\u00bb border_width_right=\u00bb1px\u00bb border_color_right=\u00bb#e1e1e1&#8243; border_width_right_tablet=\u00bb0px\u00bb border_width_right_phone=\u00bb0px\u00bb border_width_right_last_edited=\u00bbon|tablet\u00bb global_colors_info=\u00bb{}\u00bb][et_pb_image src=\u00bbhttps:\/\/www.hectron.com\/wp-content\/uploads\/2024\/07\/Design-sans-titre-36.png\u00bb title_text=\u00bbDesign sans titre (36)\u00bb align=\u00bbcenter\u00bb _builder_version=\u00bb4.27.4&#8243; _module_preset=\u00bbdefault\u00bb width_tablet=\u00bb\u00bb width_phone=\u00bb100%\u00bb width_last_edited=\u00bbon|phone\u00bb max_width=\u00bb15%\u00bb max_width_tablet=\u00bb15%\u00bb max_width_phone=\u00bb15%\u00bb max_width_last_edited=\u00bbon|phone\u00bb custom_margin=\u00bb-15px||15px||false|false\u00bb global_colors_info=\u00bb{}\u00bb][\/et_pb_image][et_pb_blurb title=\u00bbTodos los filtros autom\u00e1ticos Hectron son dise\u00f1ados por nuestra oficina de proyectos. A continuaci\u00f3n, se ensamblan y prueban en nuestro taller de Niza. \u00bb icon_placement=\u00bbleft\u00bb image_icon_width=\u00bb82px\u00bb content_max_width=\u00bb100%\u00bb image_icon_width_tablet=\u00bb82px\u00bb image_icon_width_phone=\u00bb60px\u00bb image_icon_width_last_edited=\u00bbon|phone\u00bb _builder_version=\u00bb4.27.4&#8243; _module_preset=\u00bbdefault\u00bb header_level=\u00bbh6&#8243; header_font=\u00bbRoboto Flex||||||||\u00bb header_text_align=\u00bbcenter\u00bb header_text_color=\u00bb#7a7a7a\u00bb header_font_size=\u00bb17px\u00bb header_line_height=\u00bb1.6em\u00bb image_icon_custom_margin=\u00bb0px||0px||false|false\u00bb image_icon_custom_padding=\u00bb0px||0px||false|false\u00bb custom_margin=\u00bb0px||0px|80px|false|false\u00bb custom_margin_tablet=\u00bb0px||30px|0px|false|false\u00bb custom_margin_phone=\u00bb||15px||false|false\u00bb custom_margin_last_edited=\u00bbon|tablet\u00bb custom_padding=\u00bb0px||0px||false|false\u00bb animation=\u00bboff\u00bb custom_css_blurb_title=\u00bbmargin-top:13px;\u00bb custom_css_blurb_content=\u00bbmargin:0px;\u00bb global_colors_info=\u00bb{}\u00bb custom_css_blurb_title_last_edited=\u00bbon|phone\u00bb custom_css_blurb_title_phone=\u00bbmargin-top:0px;\u00bb custom_css_blurb_title_tablet=\u00bbmargin-top:13px;\u00bb][\/et_pb_blurb][\/et_pb_column][et_pb_column type=\u00bb1_3&#8243; _builder_version=\u00bb4.21.0&#8243; _module_preset=\u00bbdefault\u00bb custom_padding=\u00bb|||26px|false|false\u00bb custom_padding_tablet=\u00bb|||0px|false|false\u00bb custom_padding_phone=\u00bb|||0px|false|false\u00bb custom_padding_last_edited=\u00bbon|tablet\u00bb global_colors_info=\u00bb{}\u00bb][et_pb_blurb title=\u00bb\u00bfAlguna pregunta? \u00bb icon_placement=\u00bbleft\u00bb image_icon_width=\u00bb60px\u00bb _builder_version=\u00bb4.27.4&#8243; _module_preset=\u00bbdefault\u00bb header_font=\u00bbRoboto Flex||||||||\u00bb header_text_align=\u00bbleft\u00bb header_text_color=\u00bb#666666&#8243; header_font_size=\u00bb17px\u00bb body_font=\u00bbSaira|800|||||||\u00bb body_text_align=\u00bbcenter\u00bb body_text_color=\u00bb#014a5a\u00bb body_font_size=\u00bb25px\u00bb image_icon_custom_margin=\u00bb0px||0px||false|false\u00bb image_icon_custom_padding=\u00bb0px||0px||false|false\u00bb custom_margin=\u00bb12px||0px||false|false\u00bb custom_padding=\u00bb0px||0px||false|false\u00bb animation=\u00bboff\u00bb header_text_align_tablet=\u00bbleft\u00bb header_text_align_phone=\u00bbcenter\u00bb header_text_align_last_edited=\u00bbon|phone\u00bb custom_css_blurb_title=\u00bbmargin-bottom:2px;||margin-top:3px;\u00bb custom_css_blurb_content=\u00bbmargin:0px;\u00bb global_colors_info=\u00bb{}\u00bb]<\/p>\n<p>04 93 97 02 42<\/p>\n<p>[\/et_pb_blurb][\/et_pb_column][\/et_pb_row][\/et_pb_section]<\/p>\n","protected":false},"excerpt":{"rendered":"<p>El filtro Prago 2 proporciona una soluci\u00f3n econ\u00f3mica y 100 % autom\u00e1tica para la filtraci\u00f3n de agua de pozo. Equipado con un tamiz filtrante de 100, 200 o 300 micras, es eficaz en presencia de arena, para proteger una instalaci\u00f3n dom\u00e9stica, una bomba de calor o una red de riego.  Su instalaci\u00f3n es muy sencilla: este filtro se suministra totalmente equipado y se instala directamente en l\u00ednea en la tuber\u00eda; se incluye tambi\u00e9n un soporte de fijaci\u00f3n a la pared.<\/p>\n","protected":false},"featured_media":230469,"comment_status":"closed","ping_status":"closed","template":"","meta":{"_et_pb_use_builder":"on","_et_pb_old_content":"Livr\u00e9 enti\u00e8rement \u00e9quip\u00e9, ce filtre s\u2019installe directement en ligne sur la tuyauterie et peut \u00eatre viss\u00e9 au mur.\r\nCon\u00e7u int\u00e9gralement en laiton, il est robuste et son tamis en inox n'a pas besoin d'\u00eatre remplac\u00e9.\r\nUne fois reli\u00e9 \u00e0 une \u00e9vacuation, et gr\u00e2ce \u00e0 son pressostat diff\u00e9rentiel \u00e0 membrane, il enclenchera de lui-m\u00eame un nettoyage de son tamis d\u00e8s que n\u00e9cessaire. A ce moment, des vannes s'ouvriront d'elle m\u00eame, un r\u00e9tro lavage de 14 secondes s'effectuera, et les impuret\u00e9s seront envoy\u00e9es \u00e0 l'\u00e9gout avec une dizaine de litres d'eau \u00e0 peine.\r\n<h3>Caract\u00e9ristiques techniques :<\/h3>\r\n<ul>\r\n \t<li>\u00a0\u00a0\u00a0 Corps : laiton moul\u00e9 et usin\u00e9<\/li>\r\n \t<li>\u00a0\u00a0\u00a0 Tamis : Inox<\/li>\r\n \t<li>\u00a0\u00a0\u00a0 D\u00e9bit : jusqu\u2019\u00e0 8 m\u00b3\/h<\/li>\r\n \t<li>\u00a0\u00a0\u00a0 Pression maximale : 7 Bar<\/li>\r\n \t<li>\u00a0\u00a0 \u00a0Entr\u00e9e \/ Sortie : Taraud\u00e9es 1''1\/4 M<\/li>\r\n \t<li>\u00a0\u00a0 \u00a0Temp\u00e9rature maximale de l\u2019eau : 70\u00b0C<\/li>\r\n \t<li>\u00a0\u00a0 \u00a0Taille maximale des mati\u00e8res \u00e0 filtrer : 5 mm<\/li>\r\n \t<li>\u00a0\u00a0 \u00a0Evacuation : PVC \u00e0 coller \u00d850 mm<\/li>\r\n \t<li>\u00a0\u00a0 \u00a0Finesse de filtration : jusqu'\u00e0 100 \u00b5m<\/li>\r\n \t<li>\u00a0\u00a0 \u00a0Alimentation \u00e9lectrique : 230 V \/ 50 Hz<\/li>\r\n \t<li>\u00a0\u00a0 \u00a0Indice de protection : IP54<\/li>\r\n \t<li>\u00a0\u00a0 \u00a0Puissance : 50 W<\/li>\r\n \t<li>\u00a0\u00a0 \u00a0Poids \u00e0 vide : 7 Kg<\/li>\r\n \t<li>\u00a0\u00a0 \u00a0Perte de charge maximale : 0,5 Bar<\/li>\r\n<\/ul>\r\n<h3>Applications :<\/h3>\r\nCe filtre est con\u00e7u pour le traitement des eaux de forages pour particuliers ou professionnels. En pr\u00e9sence de sable, la filtration 100 microns permet de prot\u00e9ger efficacement des \u00e9changeurs \u00e0 plaque. En arrosage, le filtre Prago 2 \u00e9vite l\u2019encrassement des \u00e9lectrovannes ainsi que des gicleurs de micro-irrigation.","_et_gb_content_width":"","om_disable_all_campaigns":false,"_monsterinsights_skip_tracking":false,"_monsterinsights_sitenote_active":false,"_monsterinsights_sitenote_note":"","_monsterinsights_sitenote_category":0},"product_brand":[],"product_cat":[93],"product_tag":[],"class_list":{"0":"post-231351","1":"product","2":"type-product","3":"status-publish","4":"has-post-thumbnail","6":"product_cat-filtres-particuliers-2-es","7":"product_shipping_class-prago-es","9":"first","10":"instock","11":"shipping-taxable","12":"purchasable","13":"product-type-variable"},"aioseo_notices":[],"_links":{"self":[{"href":"https:\/\/www.hectron.com\/es\/wp-json\/wp\/v2\/product\/231351","targetHints":{"allow":["GET"]}}],"collection":[{"href":"https:\/\/www.hectron.com\/es\/wp-json\/wp\/v2\/product"}],"about":[{"href":"https:\/\/www.hectron.com\/es\/wp-json\/wp\/v2\/types\/product"}],"replies":[{"embeddable":true,"href":"https:\/\/www.hectron.com\/es\/wp-json\/wp\/v2\/comments?post=231351"}],"wp:featuredmedia":[{"embeddable":true,"href":"https:\/\/www.hectron.com\/es\/wp-json\/wp\/v2\/media\/230469"}],"wp:attachment":[{"href":"https:\/\/www.hectron.com\/es\/wp-json\/wp\/v2\/media?parent=231351"}],"wp:term":[{"taxonomy":"product_brand","embeddable":true,"href":"https:\/\/www.hectron.com\/es\/wp-json\/wp\/v2\/product_brand?post=231351"},{"taxonomy":"product_cat","embeddable":true,"href":"https:\/\/www.hectron.com\/es\/wp-json\/wp\/v2\/product_cat?post=231351"},{"taxonomy":"product_tag","embeddable":true,"href":"https:\/\/www.hectron.com\/es\/wp-json\/wp\/v2\/product_tag?post=231351"}],"curies":[{"name":"wp","href":"https:\/\/api.w.org\/{rel}","templated":true}]}}