{"id":321684,"date":"2025-08-01T16:50:13","date_gmt":"2025-08-01T14:50:13","guid":{"rendered":"https:\/\/www.hectron.com\/produit\/reservoir-a-vessie-60l\/"},"modified":"2025-08-29T14:26:53","modified_gmt":"2025-08-29T12:26:53","slug":"deposito-con-vejiga-de-60l","status":"publish","type":"product","link":"https:\/\/www.hectron.com\/es\/producto\/deposito-con-vejiga-de-60l\/","title":{"rendered":"Dep\u00f3sito con vejiga de 60 l"},"content":{"rendered":"<p>[et_pb_section fb_built=\u00bb1&#8243; _builder_version=\u00bb4.27.0&#8243; _module_preset=\u00bbdefault\u00bb custom_padding=\u00bb86px||1px|||\u00bb top_divider_color=\u00bb#014a5a\u00bb global_colors_info=\u00bb{}\u00bb][et_pb_row _builder_version=\u00bb4.21.0&#8243; _module_preset=\u00bbdefault\u00bb width=\u00bb90%\u00bb max_width=\u00bb1170px\u00bb custom_margin=\u00bb0px||29px||false|false\u00bb custom_padding=\u00bb0px||0px||false|false\u00bb global_colors_info=\u00bb{}\u00bb][et_pb_column type=\u00bb4_4&#8243; _builder_version=\u00bb4.21.0&#8243; _module_preset=\u00bbdefault\u00bb global_colors_info=\u00bb{}\u00bb][et_pb_wc_breadcrumb _builder_version=\u00bb4.27.4&#8243; body_font=\u00bbRoboto Flex||||||||\u00bb body_font_size=\u00bb16px\u00bb global_colors_info=\u00bb{}\u00bb][\/et_pb_wc_breadcrumb][\/et_pb_column][\/et_pb_row][\/et_pb_section][et_pb_section fb_built=\u00bb1&#8243; make_equal=\u00bbon\u00bb use_custom_gutter=\u00bbon\u00bb gutter_width=\u00bb2&#8243; specialty=\u00bbon\u00bb padding_top_1=\u00bb0px\u00bb padding_top_2=\u00bb0px\u00bb padding_right_1=\u00bb30px\u00bb padding_bottom_1=\u00bb0px\u00bb padding_bottom_2=\u00bb0px\u00bb padding_top_bottom_link_1=\u00bbtrue\u00bb padding_top_bottom_link_2=\u00bbtrue\u00bb padding_left_right_link_1=\u00bbfalse\u00bb padding_left_right_link_2=\u00bbfalse\u00bb padding_1_tablet=\u00bb|0px|||false|false\u00bb padding_1_phone=\u00bb\u00bb padding_1_last_edited=\u00bbon|tablet\u00bb _builder_version=\u00bb4.27.0&#8243; inner_width=\u00bb90%\u00bb inner_width_tablet=\u00bb90%\u00bb inner_width_phone=\u00bb90%\u00bb inner_width_last_edited=\u00bbon|phone\u00bb inner_max_width=\u00bb1170px\u00bb inner_max_width_tablet=\u00bb90%\u00bb inner_max_width_phone=\u00bb90%\u00bb inner_max_width_last_edited=\u00bbon|tablet\u00bb custom_margin=\u00bb29px|||||\u00bb custom_padding=\u00bb3px||3px||true|false\u00bb global_colors_info=\u00bb{}\u00bb][et_pb_column type=\u00bb1_2&#8243; specialty_columns=\u00bb2&#8243; _builder_version=\u00bb4.16&#8243; custom_padding=\u00bb|||\u00bb global_colors_info=\u00bb{}\u00bb custom_padding__hover=\u00bb|||\u00bb][et_pb_row_inner _builder_version=\u00bb4.27.2&#8243; custom_padding=\u00bb0px||0px||true|false\u00bb global_colors_info=\u00bb{}\u00bb][et_pb_column_inner saved_specialty_column_type=\u00bb1_2&#8243; _builder_version=\u00bb4.16&#8243; global_colors_info=\u00bb{}\u00bb][et_pb_wc_images _builder_version=\u00bb4.16&#8243; global_colors_info=\u00bb{}\u00bb][\/et_pb_wc_images][\/et_pb_column_inner][\/et_pb_row_inner][\/et_pb_column][et_pb_column type=\u00bb1_2&#8243; _builder_version=\u00bb4.16&#8243; custom_padding=\u00bb|||\u00bb global_colors_info=\u00bb{}\u00bb custom_padding__hover=\u00bb|||\u00bb][et_pb_wc_title _builder_version=\u00bb4.27.4&#8243; _module_preset=\u00bbdefault\u00bb header_font=\u00bbSaira|700|||||||\u00bb header_text_color=\u00bb#c0100e\u00bb header_font_size=\u00bb25px\u00bb header_letter_spacing=\u00bb1px\u00bb global_colors_info=\u00bb{}\u00bb][\/et_pb_wc_title][et_pb_accordion open_toggle_text_color=\u00bb#014a5a\u00bb open_toggle_background_color=\u00bbRGBA(255,255,255,0)\u00bb closed_toggle_background_color=\u00bbRGBA(255,255,255,0)\u00bb icon_color=\u00bb#2f2f2f\u00bb use_icon_font_size=\u00bbon\u00bb icon_font_size=\u00bb30px\u00bb _builder_version=\u00bb4.27.4&#8243; _module_preset=\u00bbdefault\u00bb toggle_text_color=\u00bb#2f2f2f\u00bb toggle_level=\u00bbh2&#8243; toggle_font=\u00bb|700|||||||\u00bb toggle_font_size=\u00bb28px\u00bb custom_padding=\u00bb|0px||0px|false|false\u00bb border_width_all=\u00bb0px\u00bb border_width_top=\u00bb1px\u00bb border_color_top=\u00bb#2f2f2f\u00bb border_color_bottom=\u00bb#2f2f2f\u00bb global_colors_info=\u00bb{}\u00bb][et_pb_accordion_item title=\u00bbHauptmerkmale\u00bb _builder_version=\u00bb4.27.4&#8243; _module_preset=\u00bbdefault\u00bb global_colors_info=\u00bb{}\u00bb open=\u00bbon\u00bb]Funci\u00f3n: regula el caudal necesario para el lavado del filtro.<br \/>\nMarca: Varem.<br \/>\nFabricado en Italia.<br \/>\nVolumen total del dep\u00f3sito: 60 l.<br \/>\nConexi\u00f3n: roscada de 1&#8243;.<br \/>\nPresi\u00f3n m\u00e1xima: 6 bar.[\/et_pb_accordion_item][\/et_pb_accordion][et_pb_wc_price _builder_version=\u00bb4.27.4&#8243; body_font=\u00bb|700|||||||\u00bb body_font_size=\u00bb32px\u00bb custom_margin=\u00bb30px||30px||false|false\u00bb global_colors_info=\u00bb{}\u00bb][\/et_pb_wc_price][et_pb_wc_add_to_cart _builder_version=\u00bb4.27.4&#8243; background_enable_color=\u00bboff\u00bb custom_button=\u00bbon\u00bb button_text_size=\u00bb17px\u00bb button_text_color=\u00bb#ffffff\u00bb button_bg_color=\u00bb#014a5a\u00bb button_border_width=\u00bb6px\u00bb button_border_color=\u00bbRGBA(255,255,255,0)\u00bb button_border_radius=\u00bb4px\u00bb button_letter_spacing=\u00bb0px\u00bb button_font=\u00bbSaira|700|||||||\u00bb global_colors_info=\u00bb{}\u00bb][\/et_pb_wc_add_to_cart][\/et_pb_column][\/et_pb_section][et_pb_section fb_built=\u00bb1&#8243; _builder_version=\u00bb4.27.4&#8243; _module_preset=\u00bbdefault\u00bb global_colors_info=\u00bb{}\u00bb][et_pb_row _builder_version=\u00bb4.27.4&#8243; _module_preset=\u00bbdefault\u00bb global_colors_info=\u00bb{}\u00bb][et_pb_column type=\u00bb4_4&#8243; _builder_version=\u00bb4.27.4&#8243; _module_preset=\u00bbdefault\u00bb global_colors_info=\u00bb{}\u00bb][et_pb_button button_url=\u00bbhttps:\/\/www.hectron.com\/wp-content\/uploads\/2025\/08\/Ballon-Varem-1.pdf\u00bb url_new_window=\u00bbon\u00bb button_text=\u00bbFolleto (pdf)\u00bb button_alignment=\u00bbcenter\u00bb _builder_version=\u00bb4.27.4&#8243; _module_preset=\u00bbdefault\u00bb custom_button=\u00bbon\u00bb button_text_size=\u00bb15px\u00bb button_text_color=\u00bb#FFFFFF\u00bb button_bg_color=\u00bb#c0100e\u00bb button_border_radius=\u00bb4px\u00bb button_font=\u00bbSaira|700|||||||\u00bb button_use_icon=\u00bboff\u00bb custom_margin=\u00bb13px|0px|0px|0px|false|false\u00bb custom_padding=\u00bb14px|30px|13px|30px|false|false\u00bb global_colors_info=\u00bb{}\u00bb button_text_color__hover_enabled=\u00bboff|desktop\u00bb button_text_color__hover=\u00bb#1b1a1a\u00bb button_bg_color__hover_enabled=\u00bboff|desktop\u00bb button_bg_color__hover=\u00bb#FFFFFF\u00bb button_bg_enable_color__hover=\u00bbon\u00bb button_letter_spacing__hover=\u00bb0px\u00bb button_letter_spacing__hover_enabled=\u00bbon|hover\u00bb][\/et_pb_button][\/et_pb_column][\/et_pb_row][\/et_pb_section][et_pb_section fb_built=\u00bb1&#8243; disabled_on=\u00bbon|on|off\u00bb _builder_version=\u00bb4.27.4&#8243; _module_preset=\u00bbdefault\u00bb background_enable_color=\u00bboff\u00bb box_shadow_style=\u00bbpreset1&#8243; locked=\u00bboff\u00bb global_colors_info=\u00bb{}\u00bb][et_pb_row column_structure=\u00bb2_3,1_3&#8243; use_custom_gutter=\u00bbon\u00bb gutter_width=\u00bb1&#8243; make_equal=\u00bbon\u00bb _builder_version=\u00bb4.27.0&#8243; _module_preset=\u00bbdefault\u00bb width=\u00bb90%\u00bb max_width=\u00bb1170px\u00bb custom_margin=\u00bb0px||0px||false|false\u00bb custom_padding=\u00bb0px||0px||false|false\u00bb global_colors_info=\u00bb{}\u00bb][et_pb_column type=\u00bb2_3&#8243; _builder_version=\u00bb4.21.0&#8243; _module_preset=\u00bbdefault\u00bb custom_padding=\u00bb|24px|||false|false\u00bb custom_padding_tablet=\u00bb|24px|||false|false\u00bb custom_padding_phone=\u00bb|0px|||false|false\u00bb custom_padding_last_edited=\u00bbon|phone\u00bb border_width_right=\u00bb1px\u00bb border_color_right=\u00bb#e1e1e1&#8243; border_width_right_tablet=\u00bb0px\u00bb border_width_right_phone=\u00bb0px\u00bb border_width_right_last_edited=\u00bbon|tablet\u00bb global_colors_info=\u00bb{}\u00bb][et_pb_blurb title=\u00bbTodos los filtros autom\u00e1ticos Hectron son dise\u00f1ados por nuestra oficina de proyectos. A continuaci\u00f3n, se ensamblan y prueban en nuestro taller de Niza. \u00bb image=\u00bbhttps:\/\/www.hectron.com\/wp-content\/uploads\/2024\/07\/Design-sans-titre-36.png\u00bb icon_placement=\u00bbleft\u00bb image_icon_width=\u00bb82px\u00bb content_max_width=\u00bb100%\u00bb image_icon_width_tablet=\u00bb82px\u00bb image_icon_width_phone=\u00bb60px\u00bb image_icon_width_last_edited=\u00bbon|phone\u00bb _builder_version=\u00bb4.27.4&#8243; _module_preset=\u00bbdefault\u00bb header_level=\u00bbh6&#8243; header_font=\u00bbRoboto Flex||||||||\u00bb header_text_align=\u00bbleft\u00bb header_text_color=\u00bb#7a7a7a\u00bb header_font_size=\u00bb17px\u00bb header_line_height=\u00bb1.6em\u00bb image_icon_custom_margin=\u00bb0px||0px||false|false\u00bb image_icon_custom_padding=\u00bb0px||0px||false|false\u00bb custom_margin=\u00bb0px||0px|80px|false|false\u00bb custom_margin_tablet=\u00bb0px||30px|0px|false|false\u00bb custom_margin_phone=\u00bb||15px||false|false\u00bb custom_margin_last_edited=\u00bbon|tablet\u00bb custom_padding=\u00bb0px||0px||false|false\u00bb animation=\u00bboff\u00bb custom_css_blurb_title=\u00bbmargin-top:13px;\u00bb custom_css_blurb_content=\u00bbmargin:0px;\u00bb global_colors_info=\u00bb{}\u00bb custom_css_blurb_title_last_edited=\u00bbon|phone\u00bb custom_css_blurb_title_phone=\u00bbmargin-top:0px;\u00bb custom_css_blurb_title_tablet=\u00bbmargin-top:13px;\u00bb][\/et_pb_blurb][\/et_pb_column][et_pb_column type=\u00bb1_3&#8243; _builder_version=\u00bb4.21.0&#8243; _module_preset=\u00bbdefault\u00bb custom_padding=\u00bb|||26px|false|false\u00bb custom_padding_tablet=\u00bb|||0px|false|false\u00bb custom_padding_phone=\u00bb|||0px|false|false\u00bb custom_padding_last_edited=\u00bbon|tablet\u00bb global_colors_info=\u00bb{}\u00bb][et_pb_blurb title=\u00bb\u00bfAlguna pregunta? \u00bb icon_placement=\u00bbleft\u00bb image_icon_width=\u00bb60px\u00bb _builder_version=\u00bb4.27.0&#8243; _module_preset=\u00bbdefault\u00bb header_font=\u00bbRoboto Flex||||||||\u00bb header_text_align=\u00bbleft\u00bb header_text_color=\u00bb#666666&#8243; header_font_size=\u00bb17px\u00bb body_font=\u00bbSaira|800|||||||\u00bb body_text_align=\u00bbleft\u00bb body_text_color=\u00bb#014a5a\u00bb body_font_size=\u00bb25px\u00bb image_icon_custom_margin=\u00bb0px||0px||false|false\u00bb image_icon_custom_padding=\u00bb0px||0px||false|false\u00bb custom_margin=\u00bb12px||0px||false|false\u00bb custom_padding=\u00bb0px||0px||false|false\u00bb animation=\u00bboff\u00bb custom_css_blurb_title=\u00bbmargin-bottom:2px;||margin-top:3px;\u00bb custom_css_blurb_content=\u00bbmargin:0px;\u00bb global_colors_info=\u00bb{}\u00bb]<\/p>\n<p>04 93 97 02 42<\/p>\n<p>[\/et_pb_blurb][\/et_pb_column][\/et_pb_row][\/et_pb_section][et_pb_section fb_built=\u00bb1&#8243; disabled_on=\u00bboff|on|on\u00bb _builder_version=\u00bb4.27.4&#8243; _module_preset=\u00bbdefault\u00bb custom_margin_tablet=\u00bb\u00bb custom_margin_phone=\u00bb0px||||false|false\u00bb custom_margin_last_edited=\u00bbon|phone\u00bb box_shadow_style=\u00bbpreset1&#8243; locked=\u00bboff\u00bb global_colors_info=\u00bb{}\u00bb][et_pb_row column_structure=\u00bb2_3,1_3&#8243; use_custom_gutter=\u00bbon\u00bb gutter_width=\u00bb1&#8243; make_equal=\u00bbon\u00bb _builder_version=\u00bb4.27.0&#8243; _module_preset=\u00bbdefault\u00bb width=\u00bb90%\u00bb max_width=\u00bb1170px\u00bb custom_margin=\u00bb0px||0px||false|false\u00bb custom_padding=\u00bb0px||0px||false|false\u00bb global_colors_info=\u00bb{}\u00bb][et_pb_column type=\u00bb2_3&#8243; _builder_version=\u00bb4.21.0&#8243; _module_preset=\u00bbdefault\u00bb custom_padding=\u00bb|24px|||false|false\u00bb custom_padding_tablet=\u00bb|24px|||false|false\u00bb custom_padding_phone=\u00bb|0px|||false|false\u00bb custom_padding_last_edited=\u00bbon|phone\u00bb border_width_right=\u00bb1px\u00bb border_color_right=\u00bb#e1e1e1&#8243; border_width_right_tablet=\u00bb0px\u00bb border_width_right_phone=\u00bb0px\u00bb border_width_right_last_edited=\u00bbon|tablet\u00bb global_colors_info=\u00bb{}\u00bb][et_pb_image src=\u00bbhttps:\/\/www.hectron.com\/wp-content\/uploads\/2024\/07\/Design-sans-titre-36.png\u00bb title_text=\u00bbDesign sans titre (36)\u00bb align=\u00bbcenter\u00bb _builder_version=\u00bb4.27.4&#8243; _module_preset=\u00bbdefault\u00bb width_tablet=\u00bb\u00bb width_phone=\u00bb100%\u00bb width_last_edited=\u00bbon|phone\u00bb max_width=\u00bb15%\u00bb max_width_tablet=\u00bb15%\u00bb max_width_phone=\u00bb15%\u00bb max_width_last_edited=\u00bbon|phone\u00bb custom_margin=\u00bb-15px||15px||false|false\u00bb global_colors_info=\u00bb{}\u00bb][\/et_pb_image][et_pb_blurb title=\u00bbTodos los filtros autom\u00e1ticos Hectron son dise\u00f1ados por nuestra oficina de proyectos. A continuaci\u00f3n, se ensamblan y prueban en nuestro taller de Niza. \u00bb icon_placement=\u00bbleft\u00bb image_icon_width=\u00bb82px\u00bb content_max_width=\u00bb100%\u00bb image_icon_width_tablet=\u00bb82px\u00bb image_icon_width_phone=\u00bb60px\u00bb image_icon_width_last_edited=\u00bbon|phone\u00bb _builder_version=\u00bb4.27.4&#8243; _module_preset=\u00bbdefault\u00bb header_level=\u00bbh6&#8243; header_font=\u00bbRoboto Flex||||||||\u00bb header_text_align=\u00bbcenter\u00bb header_text_color=\u00bb#7a7a7a\u00bb header_font_size=\u00bb17px\u00bb header_line_height=\u00bb1.6em\u00bb image_icon_custom_margin=\u00bb0px||0px||false|false\u00bb image_icon_custom_padding=\u00bb0px||0px||false|false\u00bb custom_margin=\u00bb0px||0px|80px|false|false\u00bb custom_margin_tablet=\u00bb0px||30px|0px|false|false\u00bb custom_margin_phone=\u00bb||15px||false|false\u00bb custom_margin_last_edited=\u00bbon|tablet\u00bb custom_padding=\u00bb0px||0px||false|false\u00bb animation=\u00bboff\u00bb custom_css_blurb_title=\u00bbmargin-top:13px;\u00bb custom_css_blurb_content=\u00bbmargin:0px;\u00bb global_colors_info=\u00bb{}\u00bb custom_css_blurb_title_last_edited=\u00bbon|phone\u00bb custom_css_blurb_title_phone=\u00bbmargin-top:0px;\u00bb custom_css_blurb_title_tablet=\u00bbmargin-top:13px;\u00bb][\/et_pb_blurb][\/et_pb_column][et_pb_column type=\u00bb1_3&#8243; _builder_version=\u00bb4.21.0&#8243; _module_preset=\u00bbdefault\u00bb custom_padding=\u00bb|||26px|false|false\u00bb custom_padding_tablet=\u00bb|||0px|false|false\u00bb custom_padding_phone=\u00bb|||0px|false|false\u00bb custom_padding_last_edited=\u00bbon|tablet\u00bb global_colors_info=\u00bb{}\u00bb][et_pb_blurb title=\u00bb\u00bfAlguna pregunta? \u00bb icon_placement=\u00bbleft\u00bb image_icon_width=\u00bb60px\u00bb _builder_version=\u00bb4.27.4&#8243; _module_preset=\u00bbdefault\u00bb header_font=\u00bbRoboto Flex||||||||\u00bb header_text_align=\u00bbleft\u00bb header_text_color=\u00bb#666666&#8243; header_font_size=\u00bb17px\u00bb body_font=\u00bbSaira|800|||||||\u00bb body_text_align=\u00bbcenter\u00bb body_text_color=\u00bb#014a5a\u00bb body_font_size=\u00bb25px\u00bb image_icon_custom_margin=\u00bb0px||0px||false|false\u00bb image_icon_custom_padding=\u00bb0px||0px||false|false\u00bb custom_margin=\u00bb12px||0px||false|false\u00bb custom_padding=\u00bb0px||0px||false|false\u00bb animation=\u00bboff\u00bb header_text_align_tablet=\u00bbleft\u00bb header_text_align_phone=\u00bbcenter\u00bb header_text_align_last_edited=\u00bbon|phone\u00bb custom_css_blurb_title=\u00bbmargin-bottom:2px;||margin-top:3px;\u00bb custom_css_blurb_content=\u00bbmargin:0px;\u00bb global_colors_info=\u00bb{}\u00bb]<\/p>\n<p>04 93 97 02 42<\/p>\n<p>[\/et_pb_blurb][\/et_pb_column][\/et_pb_row][\/et_pb_section]<\/p>\n","protected":false},"excerpt":{"rendered":"<p>Funci\u00f3n: regula el caudal necesario para el lavado del filtro. Marca: Varem. Fabricado en Italia. Volumen total del dep\u00f3sito: 60 l. Conexi\u00f3n: roscada de 1&#8243;. Presi\u00f3n m\u00e1xima: 6 bar.04 93 97 02 4204 93 97 02 42<\/p>\n","protected":false},"featured_media":321346,"comment_status":"closed","ping_status":"closed","template":"","meta":{"_et_pb_use_builder":"on","_et_pb_old_content":"","_et_gb_content_width":"","om_disable_all_campaigns":false,"_monsterinsights_skip_tracking":false,"_monsterinsights_sitenote_active":false,"_monsterinsights_sitenote_note":"","_monsterinsights_sitenote_category":0},"product_brand":[],"product_cat":[93],"product_tag":[],"class_list":{"0":"post-321684","1":"product","2":"type-product","3":"status-publish","4":"has-post-thumbnail","6":"product_cat-filtres-particuliers-2-es","8":"first","9":"instock","10":"shipping-taxable","11":"purchasable","12":"product-type-simple"},"aioseo_notices":[],"_links":{"self":[{"href":"https:\/\/www.hectron.com\/es\/wp-json\/wp\/v2\/product\/321684","targetHints":{"allow":["GET"]}}],"collection":[{"href":"https:\/\/www.hectron.com\/es\/wp-json\/wp\/v2\/product"}],"about":[{"href":"https:\/\/www.hectron.com\/es\/wp-json\/wp\/v2\/types\/product"}],"replies":[{"embeddable":true,"href":"https:\/\/www.hectron.com\/es\/wp-json\/wp\/v2\/comments?post=321684"}],"wp:featuredmedia":[{"embeddable":true,"href":"https:\/\/www.hectron.com\/es\/wp-json\/wp\/v2\/media\/321346"}],"wp:attachment":[{"href":"https:\/\/www.hectron.com\/es\/wp-json\/wp\/v2\/media?parent=321684"}],"wp:term":[{"taxonomy":"product_brand","embeddable":true,"href":"https:\/\/www.hectron.com\/es\/wp-json\/wp\/v2\/product_brand?post=321684"},{"taxonomy":"product_cat","embeddable":true,"href":"https:\/\/www.hectron.com\/es\/wp-json\/wp\/v2\/product_cat?post=321684"},{"taxonomy":"product_tag","embeddable":true,"href":"https:\/\/www.hectron.com\/es\/wp-json\/wp\/v2\/product_tag?post=321684"}],"curies":[{"name":"wp","href":"https:\/\/api.w.org\/{rel}","templated":true}]}}